{"id":743278,"date":"2025-08-28T01:31:21","date_gmt":"2025-08-27T22:31:21","guid":{"rendered":"https:\/\/roveyayinevi.com.tr\/index.php\/urun\/karanligin-sahidesi\/"},"modified":"2026-04-16T02:54:39","modified_gmt":"2026-04-15T23:54:39","slug":"karanligin-sahidesi","status":"publish","type":"product","link":"https:\/\/roveyayinevi.com.tr\/index.php\/urun\/karanligin-sahidesi\/","title":{"rendered":"Karanl\u0131\u011f\u0131n \u015eahidesi"},"content":{"rendered":"<p>Mehmet Berk Yalt\u0131r\u0131k okurlar\u0131n\u0131n a\u015fina oldu\u011fu zenginlikte karakterleriyle, \u00fcrperten atmosferiyle, renkli diliyle kendine \u00f6zg\u00fc bir roman Karanl\u0131\u011f\u0131n \u015eahidesi. 1800\u2019l\u00fc y\u0131llar\u0131n ba\u015flar\u0131ndaki \u0130stanbul\u2019un e\u011fri b\u00fc\u011fr\u00fc sokaklar\u0131 ve t\u00fcrl\u00fc t\u00fcrl\u00fc ah\u015fap evleri aras\u0131nda, k\u00e2h insanlar\u0131n k\u00e2h cinlerin \u00e2leminde savrulup duran Perive\u015f\u2019in ser\u00fcveni&#8230; Hayata g\u00f6zlerini \u201cesirenin k\u0131z\u0131\u201d olarak a\u00e7an Perive\u015f\u2019in \u201ck\u0131z harami\u201dye ve hatta \u201czorba azrail\u2019i\u201dne d\u00f6n\u00fc\u015fmesinin, kaderinin hem fettan hem de cazg\u0131r Ecelyand\u0131 Ate\u015f Behiye\u2019ninki ile hemhal olu\u015funun hik\u00e2yesi&#8230; \u201cKendisini g\u00f6z a\u00e7\u0131p kapay\u0131ncaya kadar bir \u00e7ukurda, G\u00fclfem\u2019le yan yana yatarken buldu. Kesik ba\u015f\u0131 surat\u0131na do\u011fru kald\u0131ran ba\u015fs\u0131z beden, yeniden \u00e7\u0131\u011fl\u0131klar\u0131 bo\u011faz\u0131n\u0131 y\u0131rtan Perive\u015f\u2019e do\u011fru kahkahalarla kar\u015f\u0131l\u0131k verirken, tepelerinde toplanan cinlerin onlar\u0131 mezara g\u00f6mmeye ba\u015flad\u0131\u011f\u0131n\u0131 fark etti. Avu\u00e7larca toprak bo\u011faz\u0131na dolmaya ba\u015flarken Perive\u015f, bir anl\u0131\u011f\u0131na kesik ba\u015f\u0131n g\u00f6zlerinde o Azim \u0130frit\u2019in cehennemi g\u00f6zlerini g\u00f6r\u00fcr gibi oldu.\u201d<\/p>\n","protected":false},"excerpt":{"rendered":"<p>Mehmet Berk Yalt\u0131r\u0131k okurlar\u0131n\u0131n a\u015fina oldu\u011fu zenginlikte karakterleriyle, \u00fcrperten atmosferiyle, renkli diliyle kendine \u00f6zg\u00fc bir roman Karanl\u0131\u011f\u0131n \u015eahidesi. 1800\u2019l\u00fc y\u0131llar\u0131n ba\u015flar\u0131ndaki \u0130stanbul\u2019un e\u011fri b\u00fc\u011fr\u00fc sokaklar\u0131 ve<span class=\"excerpt-hellip\"> [\u2026]<\/span><\/p>\n","protected":false},"featured_media":0,"template":"","meta":{"_monsterinsights_skip_tracking":false,"_monsterinsights_sitenote_active":false,"_monsterinsights_sitenote_note":"","_monsterinsights_sitenote_category":0},"product_brand":[],"product_cat":[12291,17033],"product_tag":[],"class_list":{"0":"post-743278","1":"product","2":"type-product","3":"status-publish","5":"product_cat-edebiyat","6":"product_cat-korku-gerilim","7":"pa_cilt-ciltsiz","8":"pa_tur-kitap","9":"pa_yayinevi-ithaki-yayinlari","10":"pa_yazar-mehmet-berk-yaltirik","12":"first","13":"instock","14":"sale","15":"shipping-taxable","16":"purchasable","17":"product-type-simple"},"_links":{"self":[{"href":"https:\/\/roveyayinevi.com.tr\/index.php\/wp-json\/wp\/v2\/product\/743278","targetHints":{"allow":["GET"]}}],"collection":[{"href":"https:\/\/roveyayinevi.com.tr\/index.php\/wp-json\/wp\/v2\/product"}],"about":[{"href":"https:\/\/roveyayinevi.com.tr\/index.php\/wp-json\/wp\/v2\/types\/product"}],"wp:attachment":[{"href":"https:\/\/roveyayinevi.com.tr\/index.php\/wp-json\/wp\/v2\/media?parent=743278"}],"wp:term":[{"taxonomy":"product_brand","embeddable":true,"href":"https:\/\/roveyayinevi.com.tr\/index.php\/wp-json\/wp\/v2\/product_brand?post=743278"},{"taxonomy":"product_cat","embeddable":true,"href":"https:\/\/roveyayinevi.com.tr\/index.php\/wp-json\/wp\/v2\/product_cat?post=743278"},{"taxonomy":"product_tag","embeddable":true,"href":"https:\/\/roveyayinevi.com.tr\/index.php\/wp-json\/wp\/v2\/product_tag?post=743278"}],"curies":[{"name":"wp","href":"https:\/\/api.w.org\/{rel}","templated":true}]}}