{"id":743277,"date":"2025-08-28T01:31:19","date_gmt":"2025-08-27T22:31:19","guid":{"rendered":"https:\/\/roveyayinevi.com.tr\/index.php\/urun\/izzet-ve-arkadaslari-dunyanin-izinde\/"},"modified":"2026-04-16T02:54:39","modified_gmt":"2026-04-15T23:54:39","slug":"izzet-ve-arkadaslari-dunyanin-izinde","status":"publish","type":"product","link":"https:\/\/roveyayinevi.com.tr\/index.php\/urun\/izzet-ve-arkadaslari-dunyanin-izinde\/","title":{"rendered":"\u0130zzet ve Arkada\u015flar\u0131 D\u00fcnyan\u0131n \u0130zinde"},"content":{"rendered":"<p>D\u00f6rt arkada\u015f\u0131n y\u0131llard\u0131r \u00fczerinde \u00e7al\u0131\u015ft\u0131\u011f\u0131 i\u015fitme cihaz\u0131 projesi t\u00fcm d\u00fcnyan\u0131n dikkatini \u00e7ekmi\u015fti. \u00c7ok uzaklarda bulunan ve yeni teknolojilerin \u00fcretim merkezi olan \u201cD\u00fcnyay\u0131 \u0130yi Bir Yer Yapma Fabrikas\u0131\u201dndan davet alan arkada\u015flar\u0131 daha \u00f6nce g\u00f6rmedikleri teknolojik yenilikler ve vermeleri gereken zor bir karar bekliyordu. D\u00fcnyay\u0131 de\u011fi\u015ftirmek i\u00e7in sadece hayal kurmak yeter miydi? <\/p>\n","protected":false},"excerpt":{"rendered":"<p>D\u00f6rt arkada\u015f\u0131n y\u0131llard\u0131r \u00fczerinde \u00e7al\u0131\u015ft\u0131\u011f\u0131 i\u015fitme cihaz\u0131 projesi t\u00fcm d\u00fcnyan\u0131n dikkatini \u00e7ekmi\u015fti. \u00c7ok uzaklarda bulunan ve yeni teknolojilerin \u00fcretim merkezi olan \u201cD\u00fcnyay\u0131 \u0130yi Bir Yer Yapma<span class=\"excerpt-hellip\"> [\u2026]<\/span><\/p>\n","protected":false},"featured_media":0,"template":"","meta":{"_monsterinsights_skip_tracking":false,"_monsterinsights_sitenote_active":false,"_monsterinsights_sitenote_note":"","_monsterinsights_sitenote_category":0},"product_brand":[],"product_cat":[12689,12274],"product_tag":[],"class_list":{"0":"post-743277","1":"product","2":"type-product","3":"status-publish","5":"product_cat-cizgi-roman-cocuk-ve-genclik-kitaplari","6":"product_cat-cocuk-ve-genclik-kitaplari","7":"pa_cilt-ciltsiz","8":"pa_tur-kitap","9":"pa_yayinevi-mosquito-yayinlari","10":"pa_yazar-ahmet-melih-karauguz","12":"first","13":"instock","14":"sale","15":"shipping-taxable","16":"purchasable","17":"product-type-simple"},"_links":{"self":[{"href":"https:\/\/roveyayinevi.com.tr\/index.php\/wp-json\/wp\/v2\/product\/743277","targetHints":{"allow":["GET"]}}],"collection":[{"href":"https:\/\/roveyayinevi.com.tr\/index.php\/wp-json\/wp\/v2\/product"}],"about":[{"href":"https:\/\/roveyayinevi.com.tr\/index.php\/wp-json\/wp\/v2\/types\/product"}],"wp:attachment":[{"href":"https:\/\/roveyayinevi.com.tr\/index.php\/wp-json\/wp\/v2\/media?parent=743277"}],"wp:term":[{"taxonomy":"product_brand","embeddable":true,"href":"https:\/\/roveyayinevi.com.tr\/index.php\/wp-json\/wp\/v2\/product_brand?post=743277"},{"taxonomy":"product_cat","embeddable":true,"href":"https:\/\/roveyayinevi.com.tr\/index.php\/wp-json\/wp\/v2\/product_cat?post=743277"},{"taxonomy":"product_tag","embeddable":true,"href":"https:\/\/roveyayinevi.com.tr\/index.php\/wp-json\/wp\/v2\/product_tag?post=743277"}],"curies":[{"name":"wp","href":"https:\/\/api.w.org\/{rel}","templated":true}]}}