{"id":743276,"date":"2025-08-28T01:31:18","date_gmt":"2025-08-27T22:31:18","guid":{"rendered":"https:\/\/roveyayinevi.com.tr\/index.php\/urun\/izzet-ve-arkadaslari-girisimcilik-izinde\/"},"modified":"2026-04-16T02:54:39","modified_gmt":"2026-04-15T23:54:39","slug":"izzet-ve-arkadaslari-girisimcilik-izinde","status":"publish","type":"product","link":"https:\/\/roveyayinevi.com.tr\/index.php\/urun\/izzet-ve-arkadaslari-girisimcilik-izinde\/","title":{"rendered":"\u0130zzet ve Arkada\u015flar\u0131 Giri\u015fimcilik \u0130zinde"},"content":{"rendered":"<p>\u0130zzet \u0130zinde ve arkada\u015flar\u0131 \u00e7at\u0131ya ka\u00e7an toplar\u0131n\u0131 kurtarmak isterken kendilerini TEKNOFEST\u2019te bulmu\u015flard\u0131. Fakat bu onlar i\u00e7in sadece bir ba\u015flang\u0131\u00e7t\u0131. \u00dcstelik ekibe, mahalleye yeni ta\u015f\u0131nan Derya Deniz de dahil olmu\u015ftu. Nereye ka\u00e7arsa ka\u00e7s\u0131n Derya Deniz\u2019den kurtulamayan \u0130zzet \u0130zinde\u2019nin hem ekibin yeni \u00fcyesiyle anla\u015fmas\u0131 hem de TEKNOFEST projelerini herkesin kullanaca\u011f\u0131 bir giri\u015fime \u00e7evirmesi gerekiyordu. Giri\u015fim fikirleri i\u00e7in deste\u011fe ihtiyac\u0131 olan arkada\u015flar mahalleliden yard\u0131m istemeye karar vermi\u015flerdi. Yeni arkada\u015flar yeni hayallere kap\u0131 a\u00e7ar m\u0131yd\u0131? Peki ya d\u00fcnyay\u0131 de\u011fi\u015ftirmek m\u00fcmk\u00fcn m\u00fcyd\u00fc? <\/p>\n","protected":false},"excerpt":{"rendered":"<p>\u0130zzet \u0130zinde ve arkada\u015flar\u0131 \u00e7at\u0131ya ka\u00e7an toplar\u0131n\u0131 kurtarmak isterken kendilerini TEKNOFEST\u2019te bulmu\u015flard\u0131. Fakat bu onlar i\u00e7in sadece bir ba\u015flang\u0131\u00e7t\u0131. \u00dcstelik ekibe, mahalleye yeni ta\u015f\u0131nan Derya Deniz<span class=\"excerpt-hellip\"> [\u2026]<\/span><\/p>\n","protected":false},"featured_media":0,"template":"","meta":{"_monsterinsights_skip_tracking":false,"_monsterinsights_sitenote_active":false,"_monsterinsights_sitenote_note":"","_monsterinsights_sitenote_category":0},"product_brand":[],"product_cat":[12689,12274],"product_tag":[],"class_list":{"0":"post-743276","1":"product","2":"type-product","3":"status-publish","5":"product_cat-cizgi-roman-cocuk-ve-genclik-kitaplari","6":"product_cat-cocuk-ve-genclik-kitaplari","7":"pa_cilt-ciltsiz","8":"pa_tur-kitap","9":"pa_yayinevi-mosquito-yayinlari","10":"pa_yazar-ahmet-melih-karauguz","12":"first","13":"instock","14":"sale","15":"shipping-taxable","16":"purchasable","17":"product-type-simple"},"_links":{"self":[{"href":"https:\/\/roveyayinevi.com.tr\/index.php\/wp-json\/wp\/v2\/product\/743276","targetHints":{"allow":["GET"]}}],"collection":[{"href":"https:\/\/roveyayinevi.com.tr\/index.php\/wp-json\/wp\/v2\/product"}],"about":[{"href":"https:\/\/roveyayinevi.com.tr\/index.php\/wp-json\/wp\/v2\/types\/product"}],"wp:attachment":[{"href":"https:\/\/roveyayinevi.com.tr\/index.php\/wp-json\/wp\/v2\/media?parent=743276"}],"wp:term":[{"taxonomy":"product_brand","embeddable":true,"href":"https:\/\/roveyayinevi.com.tr\/index.php\/wp-json\/wp\/v2\/product_brand?post=743276"},{"taxonomy":"product_cat","embeddable":true,"href":"https:\/\/roveyayinevi.com.tr\/index.php\/wp-json\/wp\/v2\/product_cat?post=743276"},{"taxonomy":"product_tag","embeddable":true,"href":"https:\/\/roveyayinevi.com.tr\/index.php\/wp-json\/wp\/v2\/product_tag?post=743276"}],"curies":[{"name":"wp","href":"https:\/\/api.w.org\/{rel}","templated":true}]}}