{"id":743273,"date":"2025-08-28T01:31:15","date_gmt":"2025-08-27T22:31:15","guid":{"rendered":"https:\/\/roveyayinevi.com.tr\/index.php\/urun\/gizli-dusman-cizgi-roman\/"},"modified":"2026-04-16T02:54:39","modified_gmt":"2026-04-15T23:54:39","slug":"gizli-dusman-cizgi-roman","status":"publish","type":"product","link":"https:\/\/roveyayinevi.com.tr\/index.php\/urun\/gizli-dusman-cizgi-roman\/","title":{"rendered":"Gizli D\u00fc\u015fman -\u00c7izgi Roman"},"content":{"rendered":"<p>G\u00f6z\u00fcpek dedektifler Tommy ve Tuppence ilk maceralar\u0131yla kar\u015f\u0131n\u0131zda!Gen\u00e7 ikilinin giri\u015ftikleri ilk vakada ba\u015flar\u0131 belaya girer. Hele birileri taraf\u0131ndan batakl\u0131\u011f\u0131n i\u00e7ine \u00e7ekilecekleri ak\u0131llar\u0131n\u0131n ucundan bile ge\u00e7mez&#8230;Her \u015feye ra\u011fmen acaba Tommy ve Tuppence, Lusitania adl\u0131 gemi batt\u0131\u011f\u0131nda kaybolan ve \u0130ngiltere Krall\u0131\u011f\u0131\u2019n\u0131 tehdit eden belgeleri ele ge\u00e7irmeye \u00e7al\u0131\u015fan gizemli Bay Brown\u2019\u0131n kim oldu\u011funu a\u00e7\u0131\u011fa \u00e7\u0131karabilecekler midir?Peki ya t\u00fcm bu gizemin anahtar\u0131n\u0131 elinde tutan Jane Fish\u2019i bulabilecekler midir?  <\/p>\n","protected":false},"excerpt":{"rendered":"<p>G\u00f6z\u00fcpek dedektifler Tommy ve Tuppence ilk maceralar\u0131yla kar\u015f\u0131n\u0131zda!Gen\u00e7 ikilinin giri\u015ftikleri ilk vakada ba\u015flar\u0131 belaya girer. Hele birileri taraf\u0131ndan batakl\u0131\u011f\u0131n i\u00e7ine \u00e7ekilecekleri ak\u0131llar\u0131n\u0131n ucundan bile ge\u00e7mez&#8230;Her \u015feye<span class=\"excerpt-hellip\"> [\u2026]<\/span><\/p>\n","protected":false},"featured_media":0,"template":"","meta":{"_monsterinsights_skip_tracking":false,"_monsterinsights_sitenote_active":false,"_monsterinsights_sitenote_note":"","_monsterinsights_sitenote_category":0},"product_brand":[],"product_cat":[12416,12291],"product_tag":[],"class_list":{"0":"post-743273","1":"product","2":"type-product","3":"status-publish","5":"product_cat-cizgi-roman","6":"product_cat-edebiyat","7":"pa_cilt-ciltsiz","8":"pa_tur-kitap","9":"pa_yayinevi-altin-kitaplar","10":"pa_yazar-agatha-christie","12":"first","13":"instock","14":"sale","15":"shipping-taxable","16":"purchasable","17":"product-type-simple"},"_links":{"self":[{"href":"https:\/\/roveyayinevi.com.tr\/index.php\/wp-json\/wp\/v2\/product\/743273","targetHints":{"allow":["GET"]}}],"collection":[{"href":"https:\/\/roveyayinevi.com.tr\/index.php\/wp-json\/wp\/v2\/product"}],"about":[{"href":"https:\/\/roveyayinevi.com.tr\/index.php\/wp-json\/wp\/v2\/types\/product"}],"wp:attachment":[{"href":"https:\/\/roveyayinevi.com.tr\/index.php\/wp-json\/wp\/v2\/media?parent=743273"}],"wp:term":[{"taxonomy":"product_brand","embeddable":true,"href":"https:\/\/roveyayinevi.com.tr\/index.php\/wp-json\/wp\/v2\/product_brand?post=743273"},{"taxonomy":"product_cat","embeddable":true,"href":"https:\/\/roveyayinevi.com.tr\/index.php\/wp-json\/wp\/v2\/product_cat?post=743273"},{"taxonomy":"product_tag","embeddable":true,"href":"https:\/\/roveyayinevi.com.tr\/index.php\/wp-json\/wp\/v2\/product_tag?post=743273"}],"curies":[{"name":"wp","href":"https:\/\/api.w.org\/{rel}","templated":true}]}}