{"id":743260,"date":"2025-08-28T01:30:59","date_gmt":"2025-08-27T22:30:59","guid":{"rendered":"https:\/\/roveyayinevi.com.tr\/index.php\/urun\/zahirden-batina-aksemseddinin-menkibeleri\/"},"modified":"2026-04-16T02:54:39","modified_gmt":"2026-04-15T23:54:39","slug":"zahirden-batina-aksemseddinin-menkibeleri","status":"publish","type":"product","link":"https:\/\/roveyayinevi.com.tr\/index.php\/urun\/zahirden-batina-aksemseddinin-menkibeleri\/","title":{"rendered":"Zahirden Bat\u0131na &#8211; Ak\u015femseddin&#8217;in Menk\u0131beleri"},"content":{"rendered":"<p>B\u00fcy\u00fckl\u00fc\u011f\u00fc ve kahram\u00e2nl\u0131\u011f\u0131 g\u00f6n\u00fcllerinde ta\u015f\u0131yan nice T\u00fcrk, as\u0131rlar i\u00e7inde milletimizin h\u00e2f\u0131zas\u0131na girmi\u015f ve asl\u00e2 \u00e7\u0131kmam\u0131\u015flard\u0131r. Bunun nice mis\u00e2lleri aras\u0131nda Ak\u015femseddin de vard\u0131r ve o, hep T\u00fcrk kahram\u00e2nlar\u0131n\u0131n en \u00f6n s\u0131ras\u0131nda olmay\u0131 ba\u015farm\u0131\u015ft\u0131r. Ba\u015fka hi\u00e7bir vasf\u0131 olmasa, s\u00e2dece \u0130stanbul\u2019un m\u00e2nev\u00ee f\u00e2tihi bilinmesi, onun b\u00fcy\u00fckl\u00fc\u011f\u00fcne kif\u00e2yet eder. L\u00e2kin, Ak\u015femseddin, daha pek \u00e7ok g\u00fcz\u00eede vasf\u0131 \u00fcst\u00fcnde ta\u015f\u0131maktad\u0131r. O, devrinin en me\u015fh\u00fbr hekimlerinden biridir. Sokaktaki, k\u00f6ydeki, beldeki s\u0131radan insan\u0131m\u0131zdan p\u00e2di\u015f\u00e2h ve h\u00e2ned\u00e2n mensuplar\u0131na var\u0131ncaya kadar, onun ted\u00e2visiyle \u015fif\u00e2 bulan ki\u015filer, neredeyse bir ordu kalabal\u0131\u011f\u0131ndad\u0131r. T\u0131bdan co\u011frafya ve t\u00e2r\u00eehe, Kur\u2019\u00e2n tefs\u00eerinden f\u0131k\u0131ha, had\u00ees ilminden ecz\u00e2c\u0131l\u0131\u011fa var\u0131ncaya kadar, o devrin ayakl\u0131 k\u00fct\u00fcph\u00e2nesi ve ayakl\u0131 laboratuvar\u0131 bilinen bir mevkide duran Ak\u015femseddin, bunca imrenilecek, k\u0131skan\u0131lacak hasletlerini yeterli g\u00f6rmemi\u015f, bu saymaya \u00e7al\u0131\u015ft\u0131\u011f\u0131m\u0131z i\u015flere \u201cz\u00e2hir\u201d s\u0131fat\u0131n\u0131 kondurmu\u015ftur. Z\u00e2hir, d\u0131\u015f demektir. Z\u00e2hir, kabuk demektir. Z\u00e2hir, beden g\u00f6z\u00fcn\u00fcn g\u00f6rd\u00fckleri, beden kula\u011f\u0131n\u0131n i\u015fittikleridir. Ak\u015femseddin k\u00e2b\u0131ndaki bir tecess\u00fcs ve mer\u00e2k \u00e2bidesi, elbette z\u00e2hir ile yetinmeyecekti. Daha fazlas\u0131n\u0131 taleb edip isteyecekti. Bu maksatla, ne kadar z\u00e2hir kap\u0131s\u0131 varsa hepsini kapat\u0131p b\u00e2t\u0131n ikl\u00eemine dald\u0131. B\u00e2t\u0131n, \u00f6z demekti. B\u00e2t\u0131n i\u00e7in i\u00e7i, hak\u00eekat meyvesinin us\u00e2resi demekti. B\u00e2t\u0131n, ucu ve buca\u011f\u0131 olmayan ha\u015f\u00een dalgal\u0131 bir umm\u00e2n demekti. O umm\u00e2nda rehbersiz ve k\u0131lavuzsuz gezilip dola\u015f\u0131lamazd\u0131. Hac\u0131 Bayr\u00e2m-\u0131 Vel\u00ee, Ak\u015femseddin\u2019e k\u0131lavuz oldu ve onu b\u00e2t\u0131n okyanusunda, en s\u00e2kin limana \u00e7ekip, kem\u00e2le erdirdi. Ankara\u2019daki Hac\u0131 Bayr\u00e2m-\u0131 Vel\u00ee Derg\u00e2h\u0131\u2019na m\u00fcr\u00eed olan Ak\u015femseddin, oradan \u00e7\u0131kt\u0131\u011f\u0131nda, b\u00e2t\u0131n ilminin g\u00f6n\u00fcl kanatland\u0131ran bah\u00e7esinde, daldan dala konan bir b\u00fclb\u00fcl olmu\u015f idi.Turgut G\u00fcler, Ak\u015femseddin hakk\u0131nda \u015fimdiye kadar yaz\u0131lm\u0131\u015f mak\u00e2le ve kitap hacmindeki inceleme, ara\u015ft\u0131rma ve roman tarz\u0131 eserlerin birinci kayna\u011f\u0131 olan ve S\u00fcleym\u00e2niye K\u00fct\u00fcph\u00e2nesi\u2019nde iki ayr\u0131 n\u00fcshas\u0131 bulunan Em\u00eer H\u00fcseyin En\u00ees\u00ee Efendi\u2019nin kaleme ald\u0131\u011f\u0131 Men\u00e2k\u0131b-\u00fcl-Ak\u015fems\u00fcdd\u00een\u2019i devrin kelime da\u011farc\u0131\u011f\u0131 ve \u00fcsl\u00fbbuna uygun \u015fekilde yeniden s\u00f6yleyerek notland\u0131rm\u0131\u015f ve bug\u00fcnk\u00fc okurun istif\u00e2desine sunmu\u015ftur. (Tan\u0131t\u0131m B\u00fclteninden)<\/p>\n","protected":false},"excerpt":{"rendered":"<p>B\u00fcy\u00fckl\u00fc\u011f\u00fc ve kahram\u00e2nl\u0131\u011f\u0131 g\u00f6n\u00fcllerinde ta\u015f\u0131yan nice T\u00fcrk, as\u0131rlar i\u00e7inde milletimizin h\u00e2f\u0131zas\u0131na girmi\u015f ve asl\u00e2 \u00e7\u0131kmam\u0131\u015flard\u0131r. Bunun nice mis\u00e2lleri aras\u0131nda Ak\u015femseddin de vard\u0131r ve o, hep T\u00fcrk<span class=\"excerpt-hellip\"> [\u2026]<\/span><\/p>\n","protected":false},"featured_media":0,"template":"","meta":{"_monsterinsights_skip_tracking":false,"_monsterinsights_sitenote_active":false,"_monsterinsights_sitenote_note":"","_monsterinsights_sitenote_category":0},"product_brand":[],"product_cat":[12304,13650],"product_tag":[],"class_list":{"0":"post-743260","1":"product","2":"type-product","3":"status-publish","5":"product_cat-tarih","6":"product_cat-turk-tarihi-arastirmalari","7":"pa_cilt-ciltsiz","8":"pa_tur-kitap","9":"pa_yayinevi-divan-kitap","10":"pa_yazar-turgut-guler","12":"first","13":"instock","14":"sale","15":"shipping-taxable","16":"purchasable","17":"product-type-simple"},"_links":{"self":[{"href":"https:\/\/roveyayinevi.com.tr\/index.php\/wp-json\/wp\/v2\/product\/743260","targetHints":{"allow":["GET"]}}],"collection":[{"href":"https:\/\/roveyayinevi.com.tr\/index.php\/wp-json\/wp\/v2\/product"}],"about":[{"href":"https:\/\/roveyayinevi.com.tr\/index.php\/wp-json\/wp\/v2\/types\/product"}],"wp:attachment":[{"href":"https:\/\/roveyayinevi.com.tr\/index.php\/wp-json\/wp\/v2\/media?parent=743260"}],"wp:term":[{"taxonomy":"product_brand","embeddable":true,"href":"https:\/\/roveyayinevi.com.tr\/index.php\/wp-json\/wp\/v2\/product_brand?post=743260"},{"taxonomy":"product_cat","embeddable":true,"href":"https:\/\/roveyayinevi.com.tr\/index.php\/wp-json\/wp\/v2\/product_cat?post=743260"},{"taxonomy":"product_tag","embeddable":true,"href":"https:\/\/roveyayinevi.com.tr\/index.php\/wp-json\/wp\/v2\/product_tag?post=743260"}],"curies":[{"name":"wp","href":"https:\/\/api.w.org\/{rel}","templated":true}]}}