{"id":743259,"date":"2025-08-28T01:30:58","date_gmt":"2025-08-27T22:30:58","guid":{"rendered":"https:\/\/roveyayinevi.com.tr\/index.php\/urun\/dikkat-gelistirme-etkinlik-kitabi-5-6-yas\/"},"modified":"2026-04-16T02:54:39","modified_gmt":"2026-04-15T23:54:39","slug":"dikkat-gelistirme-etkinlik-kitabi-5-6-yas","status":"publish","type":"product","link":"https:\/\/roveyayinevi.com.tr\/index.php\/urun\/dikkat-gelistirme-etkinlik-kitabi-5-6-yas\/","title":{"rendered":"Dikkat Geli\u015ftirme &#8211; Etkinlik Kitab\u0131 (5-6 Ya\u015f)"},"content":{"rendered":"<p>Birbirinden e\u011flenceli ve e\u011fitici aktivitelerden olu\u015fan5-6 Ya\u015f Dikkat Geli\u015ftirme Etkinlik Kitab\u0131, bu ya\u015f dilimindeki \u00e7ocuklar\u0131n odaklanma ve \u00e7\u00f6z\u00fcm geli\u015ftirme becerilerini destekler.Milli E\u011fitim Bakanl\u0131\u011f\u0131\u2019n\u0131n Okul \u00d6ncesi E\u011fitim Program\u0131\u2019nda yer alan kazan\u0131mlara uygun \u015fekilde bir araya getirdi\u011fimiz bu etkinlikler, \u00e7ocuklar\u0131n\u0131z\u0131n e\u011flenerek \u00f6\u011frenmelerini ama\u00e7lar.\u00c7ocuklar\u0131n\u0131z, zengin i\u00e7eri\u011fe sahip bu etkinlikleri kendi kendine ve sizinle birlikte yaparken hem verimli hem de keyifli zaman ge\u00e7irecek. (Tan\u0131t\u0131m B\u00fclteninden)<\/p>\n","protected":false},"excerpt":{"rendered":"<p>Birbirinden e\u011flenceli ve e\u011fitici aktivitelerden olu\u015fan5-6 Ya\u015f Dikkat Geli\u015ftirme Etkinlik Kitab\u0131, bu ya\u015f dilimindeki \u00e7ocuklar\u0131n odaklanma ve \u00e7\u00f6z\u00fcm geli\u015ftirme becerilerini destekler.Milli E\u011fitim Bakanl\u0131\u011f\u0131\u2019n\u0131n Okul \u00d6ncesi E\u011fitim<span class=\"excerpt-hellip\"> [\u2026]<\/span><\/p>\n","protected":false},"featured_media":0,"template":"","meta":{"_monsterinsights_skip_tracking":false,"_monsterinsights_sitenote_active":false,"_monsterinsights_sitenote_note":"","_monsterinsights_sitenote_category":0},"product_brand":[],"product_cat":[12274,15842],"product_tag":[],"class_list":{"0":"post-743259","1":"product","2":"type-product","3":"status-publish","5":"product_cat-cocuk-ve-genclik-kitaplari","6":"product_cat-egitici-kitaplar","7":"pa_cilt-ciltsiz","8":"pa_tur-kitap","9":"pa_yayinevi-olimpos-yayinlari","10":"pa_yazar-rose-mary-samanoglu","12":"first","13":"instock","14":"sale","15":"shipping-taxable","16":"purchasable","17":"product-type-simple"},"_links":{"self":[{"href":"https:\/\/roveyayinevi.com.tr\/index.php\/wp-json\/wp\/v2\/product\/743259","targetHints":{"allow":["GET"]}}],"collection":[{"href":"https:\/\/roveyayinevi.com.tr\/index.php\/wp-json\/wp\/v2\/product"}],"about":[{"href":"https:\/\/roveyayinevi.com.tr\/index.php\/wp-json\/wp\/v2\/types\/product"}],"wp:attachment":[{"href":"https:\/\/roveyayinevi.com.tr\/index.php\/wp-json\/wp\/v2\/media?parent=743259"}],"wp:term":[{"taxonomy":"product_brand","embeddable":true,"href":"https:\/\/roveyayinevi.com.tr\/index.php\/wp-json\/wp\/v2\/product_brand?post=743259"},{"taxonomy":"product_cat","embeddable":true,"href":"https:\/\/roveyayinevi.com.tr\/index.php\/wp-json\/wp\/v2\/product_cat?post=743259"},{"taxonomy":"product_tag","embeddable":true,"href":"https:\/\/roveyayinevi.com.tr\/index.php\/wp-json\/wp\/v2\/product_tag?post=743259"}],"curies":[{"name":"wp","href":"https:\/\/api.w.org\/{rel}","templated":true}]}}