{"id":743257,"date":"2025-08-28T01:30:55","date_gmt":"2025-08-27T22:30:55","guid":{"rendered":"https:\/\/roveyayinevi.com.tr\/index.php\/urun\/kotu-tavsiye\/"},"modified":"2026-04-16T02:54:39","modified_gmt":"2026-04-15T23:54:39","slug":"kotu-tavsiye","status":"publish","type":"product","link":"https:\/\/roveyayinevi.com.tr\/index.php\/urun\/kotu-tavsiye\/","title":{"rendered":"K\u00f6t\u00fc Tavsiye"},"content":{"rendered":"<p>Bilim kendi ad\u0131na konu\u015fmaz. Bilim insanlar\u0131, kafa kar\u0131\u015ft\u0131r\u0131c\u0131 olabilecek konulardaki i\u00e7g\u00f6r\u00fclerini halk\u0131n ihtiya\u00e7 duydu\u011fu \u015fekilde ifade edemezler. \u00dcnl\u00fcler, taraftarlar, lobiciler ve arkalar\u0131ndaki fon sa\u011flay\u0131c\u0131lar\u0131, bilim insanlar\u0131n\u0131n basit yan\u0131tlar verme konusundaki isteksizliklerinden yararlan\u0131p medyay\u0131 yan\u0131ltan yanl\u0131\u015f iddialarda bulunurlar ve bu sahte bilgi sald\u0131r\u0131s\u0131n\u0131n ortas\u0131nda insanlar\u0131n kafas\u0131 kendileri i\u00e7in neyin iyi neyin k\u00f6t\u00fc oldu\u011fu konusunda daha da fazla kar\u0131\u015f\u0131r.   K\u00f6t\u00fc Tavsiye\u2019de Paul A. Offit, yanl\u0131\u015f bilgiyle m\u00fccadelede yap\u0131lmas\u0131 ve yap\u0131lmamas\u0131 gerekenlere dair edindi\u011fi bilgeli\u011fi okurla payla\u015f\u0131yor. Offit bu kitab\u0131nda bilim ve sahte bilim konular\u0131n\u0131 ele al\u0131nken sadece kurnaz \u015farlatanlar\u0131n ve onlar\u0131n \u201cmucizevi\u201d tedavilerinin tetikledi\u011fi fikirleri de\u011fil ayn\u0131 zamanda Holokost ve iklim de\u011fi\u015fikli\u011finin ink\u00e2r\u0131 gibi y\u0131prat\u0131c\u0131, tehlikeli ideolojileri de tart\u0131\u015f\u0131yor.   K\u00f6t\u00fc Tavsiye bilime y\u00f6nelik politik sald\u0131r\u0131lardaki art\u0131\u015ftan rahats\u0131z olan okurlar i\u00e7in kesinlikle e\u015fsiz bir k\u0131lavuz niteli\u011finde.   \u201cBilginin duyumlar sayesinde ve deneyimle kazan\u0131labilece\u011fini \u00f6ne s\u00fcren g\u00f6r\u00fc\u015f\u00fc tart\u0131\u015fan kusursuz bir \u00f6rnek.\u201d \u2013Publishers Weekly   \u201cK\u00f6t\u00fc Tavsiye bilimsel konularda kamuoyunu yanl\u0131\u015f y\u00f6nlendiren ayr\u0131nt\u0131lar\u0131 ak\u0131c\u0131 ve mizahi bir \u00fcslupla okurvcxva sunuyor.\u201d \u2013Washington Post <\/p>\n","protected":false},"excerpt":{"rendered":"<p>Bilim kendi ad\u0131na konu\u015fmaz. Bilim insanlar\u0131, kafa kar\u0131\u015ft\u0131r\u0131c\u0131 olabilecek konulardaki i\u00e7g\u00f6r\u00fclerini halk\u0131n ihtiya\u00e7 duydu\u011fu \u015fekilde ifade edemezler. \u00dcnl\u00fcler, taraftarlar, lobiciler ve arkalar\u0131ndaki fon sa\u011flay\u0131c\u0131lar\u0131, bilim insanlar\u0131n\u0131n<span class=\"excerpt-hellip\"> [\u2026]<\/span><\/p>\n","protected":false},"featured_media":0,"template":"","meta":{"_monsterinsights_skip_tracking":false,"_monsterinsights_sitenote_active":false,"_monsterinsights_sitenote_note":"","_monsterinsights_sitenote_category":0},"product_brand":[],"product_cat":[13005,13006],"product_tag":[],"class_list":{"0":"post-743257","1":"product","2":"type-product","3":"status-publish","5":"product_cat-bilim-muhendislik","6":"product_cat-populer-bilim","7":"pa_cilt-ciltsiz","8":"pa_tur-kitap","9":"pa_yayinevi-sabri-ulker-vakfi-yayinlari","10":"pa_yazar-dr-paul-a-offit","12":"first","13":"instock","14":"sale","15":"shipping-taxable","16":"purchasable","17":"product-type-simple"},"_links":{"self":[{"href":"https:\/\/roveyayinevi.com.tr\/index.php\/wp-json\/wp\/v2\/product\/743257","targetHints":{"allow":["GET"]}}],"collection":[{"href":"https:\/\/roveyayinevi.com.tr\/index.php\/wp-json\/wp\/v2\/product"}],"about":[{"href":"https:\/\/roveyayinevi.com.tr\/index.php\/wp-json\/wp\/v2\/types\/product"}],"wp:attachment":[{"href":"https:\/\/roveyayinevi.com.tr\/index.php\/wp-json\/wp\/v2\/media?parent=743257"}],"wp:term":[{"taxonomy":"product_brand","embeddable":true,"href":"https:\/\/roveyayinevi.com.tr\/index.php\/wp-json\/wp\/v2\/product_brand?post=743257"},{"taxonomy":"product_cat","embeddable":true,"href":"https:\/\/roveyayinevi.com.tr\/index.php\/wp-json\/wp\/v2\/product_cat?post=743257"},{"taxonomy":"product_tag","embeddable":true,"href":"https:\/\/roveyayinevi.com.tr\/index.php\/wp-json\/wp\/v2\/product_tag?post=743257"}],"curies":[{"name":"wp","href":"https:\/\/api.w.org\/{rel}","templated":true}]}}