{"id":743254,"date":"2025-08-28T01:30:52","date_gmt":"2025-08-27T22:30:52","guid":{"rendered":"https:\/\/roveyayinevi.com.tr\/index.php\/urun\/one-punch-man-tek-yumruk-20\/"},"modified":"2026-04-16T02:54:39","modified_gmt":"2026-04-15T23:54:39","slug":"one-punch-man-tek-yumruk-20","status":"publish","type":"product","link":"https:\/\/roveyayinevi.com.tr\/index.php\/urun\/one-punch-man-tek-yumruk-20\/","title":{"rendered":"One Punch Man &#8211; Tek Yumruk 20"},"content":{"rendered":"<p>Kar\u015f\u0131na \u00e7\u0131kan herkesin i\u015fini tek bir yumrukla bitiriyorsan hayat son derece s\u0131k\u0131c\u0131 bir \u015fey haline gelebilir.   Canavarlar Birli\u011fi ile yap\u0131lacak b\u00fcy\u00fck sava\u015ftan hemen \u00f6nce S s\u0131n\u0131f\u0131 kahramanlar bir strateji toplant\u0131s\u0131 d\u00fczenler. Ne yaz\u0131k ki, g\u00f6r\u00fc\u015f birli\u011fine varamazlar, toplant\u0131ya davet edilmeyen Tatl\u0131 Maske\u2019nin salona zorla girmesiyle durum daha da i\u00e7inden \u00e7\u0131k\u0131lmaz bir hale gelir. Neyse ki Kral, tam zaman\u0131nda ortaya \u00e7\u0131k\u0131p kahramanlar\u0131 cesaretlendirir \u00e7\u00fcnk\u00fc onlar\u0131n her zamankinden \u00e7ok daha fazla morale ihtiya\u00e7lar\u0131 var. B\u00f6ylece beklenen b\u00fcy\u00fck sava\u015f art\u0131k ba\u015flar\u2026 <\/p>\n","protected":false},"excerpt":{"rendered":"<p>Kar\u015f\u0131na \u00e7\u0131kan herkesin i\u015fini tek bir yumrukla bitiriyorsan hayat son derece s\u0131k\u0131c\u0131 bir \u015fey haline gelebilir. Canavarlar Birli\u011fi ile yap\u0131lacak b\u00fcy\u00fck sava\u015ftan hemen \u00f6nce S s\u0131n\u0131f\u0131<span class=\"excerpt-hellip\"> [\u2026]<\/span><\/p>\n","protected":false},"featured_media":0,"template":"","meta":{"_monsterinsights_skip_tracking":false,"_monsterinsights_sitenote_active":false,"_monsterinsights_sitenote_note":"","_monsterinsights_sitenote_category":0},"product_brand":[],"product_cat":[12416,12291],"product_tag":[],"class_list":{"0":"post-743254","1":"product","2":"type-product","3":"status-publish","5":"product_cat-cizgi-roman","6":"product_cat-edebiyat","7":"pa_cilt-ciltsiz","8":"pa_tur-kitap","9":"pa_yayinevi-akil-celen-kitaplar","10":"pa_yazar-one","12":"first","13":"instock","14":"sale","15":"shipping-taxable","16":"purchasable","17":"product-type-simple"},"_links":{"self":[{"href":"https:\/\/roveyayinevi.com.tr\/index.php\/wp-json\/wp\/v2\/product\/743254","targetHints":{"allow":["GET"]}}],"collection":[{"href":"https:\/\/roveyayinevi.com.tr\/index.php\/wp-json\/wp\/v2\/product"}],"about":[{"href":"https:\/\/roveyayinevi.com.tr\/index.php\/wp-json\/wp\/v2\/types\/product"}],"wp:attachment":[{"href":"https:\/\/roveyayinevi.com.tr\/index.php\/wp-json\/wp\/v2\/media?parent=743254"}],"wp:term":[{"taxonomy":"product_brand","embeddable":true,"href":"https:\/\/roveyayinevi.com.tr\/index.php\/wp-json\/wp\/v2\/product_brand?post=743254"},{"taxonomy":"product_cat","embeddable":true,"href":"https:\/\/roveyayinevi.com.tr\/index.php\/wp-json\/wp\/v2\/product_cat?post=743254"},{"taxonomy":"product_tag","embeddable":true,"href":"https:\/\/roveyayinevi.com.tr\/index.php\/wp-json\/wp\/v2\/product_tag?post=743254"}],"curies":[{"name":"wp","href":"https:\/\/api.w.org\/{rel}","templated":true}]}}