{"id":743253,"date":"2025-08-28T01:30:51","date_gmt":"2025-08-27T22:30:51","guid":{"rendered":"https:\/\/roveyayinevi.com.tr\/index.php\/urun\/dogada-ceylan-izi\/"},"modified":"2026-04-16T02:54:39","modified_gmt":"2026-04-15T23:54:39","slug":"dogada-ceylan-izi","status":"publish","type":"product","link":"https:\/\/roveyayinevi.com.tr\/index.php\/urun\/dogada-ceylan-izi\/","title":{"rendered":"Do\u011fada Ceylan izi"},"content":{"rendered":"<p>Tu\u0308rkiye\u2019de baz\u0131 kavramlar\u0131n tedavu\u0308le \u00e7\u0131kmas\u0131na vesile olan insanlar vard\u0131r. Bu ki\u015filer bir kelimeyi gu\u0308ndeme ta\u015f\u0131makla kalmay\u0131p, o kelimenin i\u00e7eri\u011fini de belirlerler. Bu kelimeler endemik tu\u0308rler gibidir; korunmas\u0131 gereklidir. Baz\u0131 kelimeler de yok oldu\u011fu san\u0131lan tu\u0308rler gibidir, unutulmu\u015flard\u0131r. Biri gelir, onun orada \u00f6ylece durdu\u011funu g\u00f6ru\u0308p can suyu verir ve o kelimeye \u00e7i\u00e7ek a\u00e7t\u0131r\u0131r. Tu\u0308rkiye\u2019de \u201cMilli Park\u201d, \u201cAv ve Yaban Hayat\u0131\u201d kavramlar\u0131 da tabiat tutkunu bir bu\u0308rokratla 1990\u2019larda tedavu\u0308le giren ve gu\u0308ndeme ta\u015f\u0131nan kavramlardand\u0131r.   Nevzat Ceylan, 1993 y\u0131l\u0131nda Orman Bakanl\u0131\u011f\u0131\u2019na ba\u011fl\u0131 Milli Parklar ve Av-Yaban Hayat\u0131 Genel Mu\u0308du\u0308rlu\u0308\u011fu\u0308ne atand\u0131. Tu\u0308rkiye\u2019nin bir cennet vatan oldu\u011funa inanan ku\u015fa\u011f\u0131n se\u00e7kin temsilcilerinden biriydi. Tabiat a\u015f\u0131\u011f\u0131yd\u0131. Tabiat\u0131nda, kurdun ku\u015fun, b\u00f6rtu\u0308 b\u00f6ce\u011fin, \u00e7i\u00e7e\u011fin a\u011fac\u0131n, ta\u015f\u0131n topra\u011f\u0131n en k\u0131ymetli hazine oldu\u011funa kesin inan\u00e7 vard\u0131. Bu inanc\u0131n\u0131 halka yans\u0131tmakta gecikmedi. Soyad\u0131, tabiat\u0131n en u\u0308rkek, en uysal ve yavrusuna kar\u015f\u0131 en \u015fefkatli hayvan\u0131ndan al\u0131nt\u0131 olmas\u0131na ra\u011fmen, tabiat\u0131n de\u011ferlerinin korunmas\u0131nda \u00f6ne \u00e7\u0131kan bir aslan gibi davranmaktan geri durmad\u0131.   Nevzat Ceylan, bir bu\u0308rokrat olman\u0131n \u00f6tesinde, bir tabiat adam\u0131, tabiat\u0131n insana emanet edilmi\u015f bir de\u011fer oldu\u011funa inanan biri olarak k\u0131sa su\u0308rede tan\u0131nd\u0131. Bas\u0131nla gu\u0308\u00e7lu\u0308 ba\u011flar kurdu, bas\u0131n arac\u0131l\u0131\u011f\u0131yla verdi\u011fi mesajlar\u0131yla k\u0131sa su\u0308rede tabiat a\u015f\u0131klar\u0131n\u0131n duayeni olarak dikkat \u00e7ekti. Tu\u0308rkiye\u2019ye tabiat\u0131 yeniden sevdiren, Tu\u0308rkiye\u2019de medyaya tabiattan haber konulmas\u0131 gerekti\u011fini \u00f6\u011freten bu\u0308rokrat olarak tan\u0131nd\u0131.<\/p>\n","protected":false},"excerpt":{"rendered":"<p>Tu\u0308rkiye\u2019de baz\u0131 kavramlar\u0131n tedavu\u0308le \u00e7\u0131kmas\u0131na vesile olan insanlar vard\u0131r. Bu ki\u015filer bir kelimeyi gu\u0308ndeme ta\u015f\u0131makla kalmay\u0131p, o kelimenin i\u00e7eri\u011fini de belirlerler. Bu kelimeler endemik tu\u0308rler gibidir;<span class=\"excerpt-hellip\"> [\u2026]<\/span><\/p>\n","protected":false},"featured_media":0,"template":"","meta":{"_monsterinsights_skip_tracking":false,"_monsterinsights_sitenote_active":false,"_monsterinsights_sitenote_note":"","_monsterinsights_sitenote_category":0},"product_brand":[],"product_cat":[23323,12364],"product_tag":[],"class_list":{"0":"post-743253","1":"product","2":"type-product","3":"status-publish","5":"product_cat-ekoloji","6":"product_cat-genel-konular","7":"pa_cilt-ciltsiz","8":"pa_tur-kitap","9":"pa_yayinevi-net-kitaplik-yayincilik","10":"pa_yazar-nevzat-ceylan","12":"first","13":"instock","14":"sale","15":"shipping-taxable","16":"purchasable","17":"product-type-simple"},"_links":{"self":[{"href":"https:\/\/roveyayinevi.com.tr\/index.php\/wp-json\/wp\/v2\/product\/743253","targetHints":{"allow":["GET"]}}],"collection":[{"href":"https:\/\/roveyayinevi.com.tr\/index.php\/wp-json\/wp\/v2\/product"}],"about":[{"href":"https:\/\/roveyayinevi.com.tr\/index.php\/wp-json\/wp\/v2\/types\/product"}],"wp:attachment":[{"href":"https:\/\/roveyayinevi.com.tr\/index.php\/wp-json\/wp\/v2\/media?parent=743253"}],"wp:term":[{"taxonomy":"product_brand","embeddable":true,"href":"https:\/\/roveyayinevi.com.tr\/index.php\/wp-json\/wp\/v2\/product_brand?post=743253"},{"taxonomy":"product_cat","embeddable":true,"href":"https:\/\/roveyayinevi.com.tr\/index.php\/wp-json\/wp\/v2\/product_cat?post=743253"},{"taxonomy":"product_tag","embeddable":true,"href":"https:\/\/roveyayinevi.com.tr\/index.php\/wp-json\/wp\/v2\/product_tag?post=743253"}],"curies":[{"name":"wp","href":"https:\/\/api.w.org\/{rel}","templated":true}]}}