{"id":743250,"date":"2025-08-28T01:30:48","date_gmt":"2025-08-27T22:30:48","guid":{"rendered":"https:\/\/roveyayinevi.com.tr\/index.php\/urun\/kelebek-kusuru\/"},"modified":"2026-04-16T02:54:38","modified_gmt":"2026-04-15T23:54:38","slug":"kelebek-kusuru","status":"publish","type":"product","link":"https:\/\/roveyayinevi.com.tr\/index.php\/urun\/kelebek-kusuru\/","title":{"rendered":"Kelebek Kusuru"},"content":{"rendered":"<p>Art\u0131k g\u00fcn\u00fcm\u00fczde t\u00fcm d\u00fcnyay\u0131 etkileme potansiyeli olan sistemik risklerden s\u00f6z ediyoruz. \u00d6zellikle son d\u00f6nemde ya\u015fad\u0131\u011f\u0131m\u0131z salg\u0131n hastal\u0131klar, sava\u015flar, iklim de\u011fi\u015fikli\u011fi, siber sald\u0131r\u0131lar, finansal krizler bunun somut g\u00f6stergelerinden. Peki, 21. y\u00fczy\u0131l d\u00fcnyas\u0131nda k\u00fcreselle\u015fme ve risk ili\u015fkisini nas\u0131l kurabiliriz?   Kelebek Kusuru, \u00e7oklu disiplinlerin bilgi birikiminin sa\u011flad\u0131\u011f\u0131 \u00e7oklu mercekle, bireylerden i\u015fletmelere, ulus devletlerden dev k\u00fcresel \u015firketlere kadar k\u00fcreselle\u015fme ve risk ili\u015fkisini b\u00fct\u00fcnc\u00fcl bir bak\u0131\u015fla g\u00f6zler \u00f6n\u00fcne seriyor. Ian Goldin ve Mike Mariathasan, sadece bug\u00fcn\u00fcm\u00fcz\u00fc de\u011fil gelece\u011fimizi de etkileyecek tedarik zincirlerinde, salg\u0131n hastal\u0131klarda, ekoloji ve iklim de\u011fi\u015fikli\u011finde, ekonomi ve politika pratiklerinde kendini g\u00f6steren belirsizlikle ya\u015faman\u0131n gereklili\u011fini vurguluyor. Birbirine s\u0131ms\u0131k\u0131 ba\u011fl\u0131 bir d\u00fcnyada, yabanc\u0131 d\u00fc\u015fmanl\u0131\u011f\u0131, e\u015fitsizlik, a\u015f\u0131r\u0131 korumac\u0131l\u0131k, i\u00e7e kapanma, sava\u015f gibi a\u00e7mazlara d\u00fc\u015fmeksizin riskin nas\u0131l y\u00f6netilebilece\u011finin ipu\u00e7lar\u0131n\u0131 veriyor. Goldin ve Mariathasan, bizlere t\u00fcm risklerle beraber gelece\u011fe g\u00fcvenle bakman\u0131n umudunu a\u015f\u0131l\u0131yor.   Kelebek Kusuru, hepimiz i\u00e7in ya\u015famsal konular\u0131 ele alan, yer yer kayg\u0131land\u0131ran yer yer g\u00fcven veren ama her durumda d\u00fc\u015f\u00fcnd\u00fcr\u00fcc\u00fc, merak uyand\u0131r\u0131c\u0131 bir kitap.<\/p>\n","protected":false},"excerpt":{"rendered":"<p>Art\u0131k g\u00fcn\u00fcm\u00fczde t\u00fcm d\u00fcnyay\u0131 etkileme potansiyeli olan sistemik risklerden s\u00f6z ediyoruz. \u00d6zellikle son d\u00f6nemde ya\u015fad\u0131\u011f\u0131m\u0131z salg\u0131n hastal\u0131klar, sava\u015flar, iklim de\u011fi\u015fikli\u011fi, siber sald\u0131r\u0131lar, finansal krizler bunun somut<span class=\"excerpt-hellip\"> [\u2026]<\/span><\/p>\n","protected":false},"featured_media":0,"template":"","meta":{"_monsterinsights_skip_tracking":false,"_monsterinsights_sitenote_active":false,"_monsterinsights_sitenote_note":"","_monsterinsights_sitenote_category":0},"product_brand":[],"product_cat":[13043,65318],"product_tag":[],"class_list":{"0":"post-743250","1":"product","2":"type-product","3":"status-publish","5":"product_cat-ekonomi","6":"product_cat-kuresellesme","7":"pa_cilt-ciltsiz","8":"pa_tur-kitap","9":"pa_yayinevi-gumbel-yayim","10":"pa_yazar-kollektif","12":"first","13":"instock","14":"sale","15":"shipping-taxable","16":"purchasable","17":"product-type-simple"},"_links":{"self":[{"href":"https:\/\/roveyayinevi.com.tr\/index.php\/wp-json\/wp\/v2\/product\/743250","targetHints":{"allow":["GET"]}}],"collection":[{"href":"https:\/\/roveyayinevi.com.tr\/index.php\/wp-json\/wp\/v2\/product"}],"about":[{"href":"https:\/\/roveyayinevi.com.tr\/index.php\/wp-json\/wp\/v2\/types\/product"}],"wp:attachment":[{"href":"https:\/\/roveyayinevi.com.tr\/index.php\/wp-json\/wp\/v2\/media?parent=743250"}],"wp:term":[{"taxonomy":"product_brand","embeddable":true,"href":"https:\/\/roveyayinevi.com.tr\/index.php\/wp-json\/wp\/v2\/product_brand?post=743250"},{"taxonomy":"product_cat","embeddable":true,"href":"https:\/\/roveyayinevi.com.tr\/index.php\/wp-json\/wp\/v2\/product_cat?post=743250"},{"taxonomy":"product_tag","embeddable":true,"href":"https:\/\/roveyayinevi.com.tr\/index.php\/wp-json\/wp\/v2\/product_tag?post=743250"}],"curies":[{"name":"wp","href":"https:\/\/api.w.org\/{rel}","templated":true}]}}