{"id":743249,"date":"2025-08-28T01:30:46","date_gmt":"2025-08-27T22:30:46","guid":{"rendered":"https:\/\/roveyayinevi.com.tr\/index.php\/urun\/cikis-2\/"},"modified":"2026-04-03T02:58:35","modified_gmt":"2026-04-02T23:58:35","slug":"cikis-2","status":"publish","type":"product","link":"https:\/\/roveyayinevi.com.tr\/index.php\/urun\/cikis-2\/","title":{"rendered":"\u00c7\u0131k\u0131\u015f"},"content":{"rendered":"<p>\u201cAltm\u0131\u015f be\u015f ya\u015f\u0131n\u0131 ge\u00e7mi\u015f, hayatta yapmak istedi\u011fi her \u015feyi yapm\u0131\u015f bir kad\u0131n, hele hele birka\u00e7 ayl\u0131k \u00f6mr\u00fc kald\u0131\u011f\u0131n\u0131 bilerek, ne i\u00e7in ya\u015fayabilirdi? Bu sorunun cevab\u0131n\u0131 bulmas\u0131 gerekiyordu Zeynep\u2019in. Hem de acilen.\u201d   Edit\u00f6r\u00fcn Notu: \u00d6l\u00fcm temas\u0131n\u0131 ajitasyon yapmadan i\u015fleyen yazar; zengin kelime da\u011farc\u0131\u011f\u0131yla kahraman\u0131n g\u00f6z\u00fcnden hayat\u0131 sorgulayan okuru- bilimden felsefeye, psikolojiden sosyolojiye kadar bir\u00e7ok noktada d\u00fc\u015f\u00fcnmeye sevk ediyor.   Bu kitab\u0131n sat\u0131\u015f\u0131ndan elde edilen gelirin tamam\u0131 \u00c7a\u011fda\u015f Ya\u015fam\u0131 Destekleme Derne\u011fi\u2019nin \u201cAnadolu\u2019da Bir K\u0131z\u0131m Var\u201d projesine ba\u011f\u0131\u015flanacakt\u0131r. <\/p>\n","protected":false},"excerpt":{"rendered":"<p>\u201cAltm\u0131\u015f be\u015f ya\u015f\u0131n\u0131 ge\u00e7mi\u015f, hayatta yapmak istedi\u011fi her \u015feyi yapm\u0131\u015f bir kad\u0131n, hele hele birka\u00e7 ayl\u0131k \u00f6mr\u00fc kald\u0131\u011f\u0131n\u0131 bilerek, ne i\u00e7in ya\u015fayabilirdi? Bu sorunun cevab\u0131n\u0131 bulmas\u0131<span class=\"excerpt-hellip\"> [\u2026]<\/span><\/p>\n","protected":false},"featured_media":0,"template":"","meta":{"_monsterinsights_skip_tracking":false,"_monsterinsights_sitenote_active":false,"_monsterinsights_sitenote_note":"","_monsterinsights_sitenote_category":0},"product_brand":[],"product_cat":[12291,12711],"product_tag":[],"class_list":{"0":"post-743249","1":"product","2":"type-product","3":"status-publish","5":"product_cat-edebiyat","6":"product_cat-roman-oyku","7":"pa_cilt-ciltsiz","8":"pa_tur-kitap","9":"pa_yayinevi-servet-yayinevi","10":"pa_yazar-selim-s-hacisalihzade","12":"first","13":"instock","14":"sale","15":"shipping-taxable","16":"purchasable","17":"product-type-simple"},"_links":{"self":[{"href":"https:\/\/roveyayinevi.com.tr\/index.php\/wp-json\/wp\/v2\/product\/743249","targetHints":{"allow":["GET"]}}],"collection":[{"href":"https:\/\/roveyayinevi.com.tr\/index.php\/wp-json\/wp\/v2\/product"}],"about":[{"href":"https:\/\/roveyayinevi.com.tr\/index.php\/wp-json\/wp\/v2\/types\/product"}],"wp:attachment":[{"href":"https:\/\/roveyayinevi.com.tr\/index.php\/wp-json\/wp\/v2\/media?parent=743249"}],"wp:term":[{"taxonomy":"product_brand","embeddable":true,"href":"https:\/\/roveyayinevi.com.tr\/index.php\/wp-json\/wp\/v2\/product_brand?post=743249"},{"taxonomy":"product_cat","embeddable":true,"href":"https:\/\/roveyayinevi.com.tr\/index.php\/wp-json\/wp\/v2\/product_cat?post=743249"},{"taxonomy":"product_tag","embeddable":true,"href":"https:\/\/roveyayinevi.com.tr\/index.php\/wp-json\/wp\/v2\/product_tag?post=743249"}],"curies":[{"name":"wp","href":"https:\/\/api.w.org\/{rel}","templated":true}]}}