{"id":743248,"date":"2025-08-28T01:30:45","date_gmt":"2025-08-27T22:30:45","guid":{"rendered":"https:\/\/roveyayinevi.com.tr\/index.php\/urun\/sifa\/"},"modified":"2026-04-16T02:54:38","modified_gmt":"2026-04-15T23:54:38","slug":"sifa","status":"publish","type":"product","link":"https:\/\/roveyayinevi.com.tr\/index.php\/urun\/sifa\/","title":{"rendered":"\u015eifa"},"content":{"rendered":"<p>\u201c\u0130nsanlar \u00f6l\u00fcyor, stresten, \u00fcz\u00fcnt\u00fcden, sevgisizlikten\u2026\u201d   \u015e\u0130FA   Hastal\u0131klar\u0131n Duygusal Sebepleri   K\u00fcresel \u00e7a\u011f\u0131n olumsuzluklar\u0131 b\u00fct\u00fcn duygusal meselelerin i\u00e7erisine s\u0131zarak bazen direkt bazen de dolayl\u0131 yoldan insanlar\u0131 hasta ediyor. Bu y\u00fczden son do\u011fal insan nesli bo\u011fu\u015ftu\u011fu esas d\u00fc\u015fman\u0131n ne kadar \u00f6ld\u00fcr\u00fcc\u00fc oldu\u011funu g\u00f6zden ka\u00e7\u0131r\u0131yor. Do\u011fal hayat\u0131n i\u00e7erisinde kendini en iyi \u015fekilde kamufle etmeyi ba\u015faran duygusal sebepli katiller, insan \u00f6mr\u00fcne travmalardan \u00e7ok hastal\u0131klar ile sald\u0131r\u0131rken duygusal sebebe ba\u011fl\u0131 \u00f6len ki\u015filerin ger\u00e7ekte neden hasta olduklar\u0131 dahi bilinmiyor.   Hasta olmadan \u00f6nce ruhunuzu, sonra da duygudan kaynakl\u0131 olas\u0131 hastal\u0131klar\u0131 hi\u00e7 olmadan \u00f6nlemek m\u00fcmk\u00fcn. Bunu bilmek insanl\u0131k i\u00e7in b\u00fcy\u00fck bir m\u00fcjdedir! Hi\u00e7 vakit kaybetmeden, ger\u00e7ek \u015fifay\u0131 kalbinizde hissedin.   Bu yolculukta duygularla hastal\u0131klar\u0131n, ruh-beden-zihin \u00fc\u00e7geninin birbiriyle muhte\u015fem ba\u011f\u0131na \u015fahit olaca\u011f\u0131z. Duygular\u0131n k\u00f6t\u00fc etkilerinin fark edilmedi\u011finde nas\u0131l hastal\u0131\u011fa d\u00f6n\u00fc\u015ft\u00fc\u011f\u00fcyle y\u00fczle\u015fmek sizin i\u00e7in ilk ad\u0131m. Esas \u015fa\u015fk\u0131nl\u0131k bilim diye an\u0131lan bir\u00e7ok \u015fifan\u0131n nas\u0131l da bu d\u00fc\u015fman\u0131 bilerek g\u00f6rmezden geldi\u011fine tan\u0131kl\u0131k edince ba\u015flayacak. \u00c7\u00fcnk\u00fc hem beslenmenin hem de duygusal sebeplerin bilin\u00e7li eller ile yok say\u0131lmas\u0131 umuda bak\u0131\u015f\u0131n\u0131z\u0131 de\u011fi\u015ftirecek.   \u015eifan\u0131n duygusal izlerinde o kadar ileri gidece\u011fiz ki, b\u0131rak\u0131n anne karn\u0131ndaki hayat\u0131m\u0131z\u0131n g\u00fcn\u00fcm\u00fcze etkilerini, atalar\u0131m\u0131za kadar uzanan aktar\u0131m \u00f6yk\u00fclerini dahi ele alaca\u011f\u0131z. \u0130nan\u00e7 ve sevgi gibi g\u00f6zle g\u00f6r\u00fclmeyen ama insan hayat\u0131n\u0131 \u00f6telere ta\u015f\u0131yan bir mucizenin, \u015fifan\u0131n i\u00e7indeki \u015fahane etkilerine de tan\u0131k olaca\u011f\u0131z.   Hasta olduktan sonra de\u011fil, hasta olmadan \u00f6nce al\u0131yoruz \u00f6nlemimizi. \u0130yile\u015fmek, daha da \u00f6nemlisi hastal\u0131k bizi bulmadan harekete ge\u00e7mek i\u00e7in kendi de\u011fi\u015fimimizi sa\u011flayabiliriz. Bu de\u011fi\u015fim i\u00e7in \u00f6n\u00fcm\u00fczde hi\u00e7bir engel yok. Tabii kendi direncimizi saymazsak\u2026   Bu kitap hastal\u0131klar ile duygusal sebepler aras\u0131ndaki ba\u011f\u0131 ortaya koyarken hem dolayl\u0131 bir \u015fifan\u0131n hem de  \u2018hi\u00e7 vakit kaybetmeden\u2019 yapabileceklerimizin pe\u015fine d\u00fc\u015f\u00fcyor. <\/p>\n","protected":false},"excerpt":{"rendered":"<p>\u201c\u0130nsanlar \u00f6l\u00fcyor, stresten, \u00fcz\u00fcnt\u00fcden, sevgisizlikten\u2026\u201d \u015e\u0130FA Hastal\u0131klar\u0131n Duygusal Sebepleri K\u00fcresel \u00e7a\u011f\u0131n olumsuzluklar\u0131 b\u00fct\u00fcn duygusal meselelerin i\u00e7erisine s\u0131zarak bazen direkt bazen de dolayl\u0131 yoldan insanlar\u0131 hasta ediyor.<span class=\"excerpt-hellip\"> [\u2026]<\/span><\/p>\n","protected":false},"featured_media":0,"template":"","meta":{"_monsterinsights_skip_tracking":false,"_monsterinsights_sitenote_active":false,"_monsterinsights_sitenote_note":"","_monsterinsights_sitenote_category":0},"product_brand":[],"product_cat":[12358,12357],"product_tag":[],"class_list":{"0":"post-743248","1":"product","2":"type-product","3":"status-publish","5":"product_cat-genel-psikoloji","6":"product_cat-psikoloji","7":"pa_cilt-ciltsiz","8":"pa_tur-kitap","9":"pa_yayinevi-hayykitap","10":"pa_yazar-eray-haciosmanoglu","12":"first","13":"instock","14":"sale","15":"shipping-taxable","16":"purchasable","17":"product-type-simple"},"_links":{"self":[{"href":"https:\/\/roveyayinevi.com.tr\/index.php\/wp-json\/wp\/v2\/product\/743248","targetHints":{"allow":["GET"]}}],"collection":[{"href":"https:\/\/roveyayinevi.com.tr\/index.php\/wp-json\/wp\/v2\/product"}],"about":[{"href":"https:\/\/roveyayinevi.com.tr\/index.php\/wp-json\/wp\/v2\/types\/product"}],"wp:attachment":[{"href":"https:\/\/roveyayinevi.com.tr\/index.php\/wp-json\/wp\/v2\/media?parent=743248"}],"wp:term":[{"taxonomy":"product_brand","embeddable":true,"href":"https:\/\/roveyayinevi.com.tr\/index.php\/wp-json\/wp\/v2\/product_brand?post=743248"},{"taxonomy":"product_cat","embeddable":true,"href":"https:\/\/roveyayinevi.com.tr\/index.php\/wp-json\/wp\/v2\/product_cat?post=743248"},{"taxonomy":"product_tag","embeddable":true,"href":"https:\/\/roveyayinevi.com.tr\/index.php\/wp-json\/wp\/v2\/product_tag?post=743248"}],"curies":[{"name":"wp","href":"https:\/\/api.w.org\/{rel}","templated":true}]}}