{"id":743246,"date":"2025-08-28T01:30:44","date_gmt":"2025-08-27T22:30:44","guid":{"rendered":"https:\/\/roveyayinevi.com.tr\/index.php\/urun\/oze-donus-2\/"},"modified":"2026-04-16T02:54:38","modified_gmt":"2026-04-15T23:54:38","slug":"oze-donus-2","status":"publish","type":"product","link":"https:\/\/roveyayinevi.com.tr\/index.php\/urun\/oze-donus-2\/","title":{"rendered":"\u00d6ze D\u00f6n\u00fc\u015f"},"content":{"rendered":"<p>Ge\u00e7mi\u015fin Travmalar\u0131ndan Kurtulmak   \u00d6ZE D\u00d6N\u00dc\u015e   \u201cGe\u00e7mi\u015f, ge\u00e7mi\u015fte kalmaz\u201d   K\u00fcresel bir tek d\u00fcnya devleti sapk\u0131nl\u0131\u011f\u0131na s\u00fcr\u00fcklenen insano\u011flu, hi\u00e7 \u015f\u00fcphesiz bu d\u00f6n\u00fc\u015f\u00fcm\u00fcn sanc\u0131lar\u0131yla bo\u011fu\u015furken, travmatik an\u0131lar\u0131 gelece\u011fe ayarlanm\u0131\u015f saatli bir bomba gibi fark\u0131nda olmadan genlerine kaz\u0131yor. Bu nedenle bu kitab\u0131 \u201cgelece\u011fin ge\u00e7mi\u015f travmalar\u0131\u201d olarak yorumlamak \u00e7ok daha sa\u011fl\u0131kl\u0131 bir bak\u0131\u015f a\u00e7\u0131s\u0131 olabilir. \u00c7\u00fcnk\u00fc ge\u00e7mi\u015fin k\u00f6t\u00fc izlerini temizlemek yetmez! Bug\u00fcne ge\u00e7mi\u015fin gelece\u011fi olarak da bakmak zorunday\u0131z. Bu bizi hem olmu\u015f olana hem de olacak olana kar\u015f\u0131 tam donan\u0131ml\u0131 bir \u015fifa kayna\u011f\u0131 yapacakt\u0131r.   Bug\u00fcn\u00fcn ruhsal problemlerinde esas mesele ge\u00e7mi\u015fte ya\u015fanan a\u011f\u0131r travmalard\u0131r. Sebebini bulmak, ad\u0131n\u0131 koymak ve \u00e7\u00f6z\u00fcme ula\u015fmak ise m\u00fcmk\u00fcnd\u00fcr. \u0130nsan\u0131 \u00f6z\u00fcnden uzakla\u015ft\u0131ran her t\u00fcrl\u00fc travman\u0131n anahtar\u0131n\u0131 bulmak, iyile\u015fmede ve hastal\u0131klara kar\u015f\u0131 korunmada birinci rol\u00fc oynar. O y\u00fczden bu kitap ile olmu\u015f olana \u00e7are bulmaya niyet etti\u011fimiz kadar olmam\u0131\u015f olan\u0131n da \u00f6n\u00fcn\u00fc kesmeyi ama\u00e7l\u0131yoruz.   Bir\u00e7ok ki\u015fi ge\u00e7mi\u015fi a\u00e7man\u0131n zarar verici olaca\u011f\u0131n\u0131 d\u00fc\u015f\u00fcnerek ge\u00e7mi\u015fte ya\u015fad\u0131klar\u0131n\u0131 g\u00f6rmek ve duymak istemez. Bunun i\u00e7in de ge\u00e7mi\u015fin yakas\u0131n\u0131 b\u0131rakmad\u0131\u011f\u0131n\u0131, bug\u00fcnk\u00fc bir\u00e7ok davran\u0131\u015f\u0131nda kendini g\u00f6sterdi\u011fini fark edemez. \u00c7\u00fcnk\u00fc ki\u015fi \u00e7oktan ge\u00e7mi\u015fin bug\u00fcne etkisi olabilece\u011fi fikrini zihninin en derinlerine kald\u0131rm\u0131\u015ft\u0131r. Bazen de ki\u015fi ya\u015fad\u0131\u011f\u0131 durumun anlams\u0131zl\u0131\u011f\u0131n\u0131 g\u00f6r\u00fcr, fark eder ancak olan\u0131n ad\u0131n\u0131 koyamaz. Ge\u00e7mi\u015fi d\u00fczeltmeyi ba\u015faramad\u0131\u011f\u0131nda ise t\u00fcm ya\u015fam enerjisini bu u\u011furda harcarken, huzur ve mutlulu\u011fu ula\u015f\u0131lmaz san\u0131r. Manevi bo\u015flu\u011fu madde ile doldurmaya \u00e7al\u0131\u015f\u0131r; gereksiz harcamalar, bor\u00e7lanmalar, zararl\u0131 ba\u011f\u0131ml\u0131l\u0131klar i\u00e7inde kaybolur gider.     Bu kitab\u0131 okurken hayat\u0131n\u0131zdaki olaylara bir isim verir gibi, unuttu\u011funuz ve ge\u00e7mi\u015fte b\u0131rakt\u0131\u011f\u0131n\u0131z sen\u2019e yeniden dokunur gibi, kendinizi yeniden ke\u015ffederken bir kez daha do\u011far gibi bak\u0131n.   \u00c7\u00fcnk\u00fc uyan\u0131\u015f\u0131n ilk \u00e7a\u011fr\u0131lar\u0131na kulak verir ve bu kitab\u0131 kendi ya\u015fam\u0131n\u0131z\u0131 ele alarak okursan\u0131z, ge\u00e7mi\u015finizle ilgili muhte\u015fem izler bulacak ve gelece\u011fi dahi \u015fifaland\u0131racaks\u0131n\u0131z.   Unutmay\u0131n, bu sizin hik\u00e2yeniz ve \u00f6ze d\u00f6n\u00fc\u015f yolculu\u011funuz\u2026 <\/p>\n","protected":false},"excerpt":{"rendered":"<p>Ge\u00e7mi\u015fin Travmalar\u0131ndan Kurtulmak \u00d6ZE D\u00d6N\u00dc\u015e \u201cGe\u00e7mi\u015f, ge\u00e7mi\u015fte kalmaz\u201d K\u00fcresel bir tek d\u00fcnya devleti sapk\u0131nl\u0131\u011f\u0131na s\u00fcr\u00fcklenen insano\u011flu, hi\u00e7 \u015f\u00fcphesiz bu d\u00f6n\u00fc\u015f\u00fcm\u00fcn sanc\u0131lar\u0131yla bo\u011fu\u015furken, travmatik an\u0131lar\u0131 gelece\u011fe ayarlanm\u0131\u015f<span class=\"excerpt-hellip\"> [\u2026]<\/span><\/p>\n","protected":false},"featured_media":0,"template":"","meta":{"_monsterinsights_skip_tracking":false,"_monsterinsights_sitenote_active":false,"_monsterinsights_sitenote_note":"","_monsterinsights_sitenote_category":0},"product_brand":[],"product_cat":[12358,12357],"product_tag":[],"class_list":{"0":"post-743246","1":"product","2":"type-product","3":"status-publish","5":"product_cat-genel-psikoloji","6":"product_cat-psikoloji","7":"pa_cilt-ciltsiz","8":"pa_tur-kitap","9":"pa_yayinevi-hayykitap","10":"pa_yazar-eray-haciosmanoglu","12":"first","13":"instock","14":"sale","15":"shipping-taxable","16":"purchasable","17":"product-type-simple"},"_links":{"self":[{"href":"https:\/\/roveyayinevi.com.tr\/index.php\/wp-json\/wp\/v2\/product\/743246","targetHints":{"allow":["GET"]}}],"collection":[{"href":"https:\/\/roveyayinevi.com.tr\/index.php\/wp-json\/wp\/v2\/product"}],"about":[{"href":"https:\/\/roveyayinevi.com.tr\/index.php\/wp-json\/wp\/v2\/types\/product"}],"wp:attachment":[{"href":"https:\/\/roveyayinevi.com.tr\/index.php\/wp-json\/wp\/v2\/media?parent=743246"}],"wp:term":[{"taxonomy":"product_brand","embeddable":true,"href":"https:\/\/roveyayinevi.com.tr\/index.php\/wp-json\/wp\/v2\/product_brand?post=743246"},{"taxonomy":"product_cat","embeddable":true,"href":"https:\/\/roveyayinevi.com.tr\/index.php\/wp-json\/wp\/v2\/product_cat?post=743246"},{"taxonomy":"product_tag","embeddable":true,"href":"https:\/\/roveyayinevi.com.tr\/index.php\/wp-json\/wp\/v2\/product_tag?post=743246"}],"curies":[{"name":"wp","href":"https:\/\/api.w.org\/{rel}","templated":true}]}}