{"id":743245,"date":"2025-08-28T01:30:42","date_gmt":"2025-08-27T22:30:42","guid":{"rendered":"https:\/\/roveyayinevi.com.tr\/index.php\/urun\/genc-wertherin-acilari-18\/"},"modified":"2026-04-16T02:54:38","modified_gmt":"2026-04-15T23:54:38","slug":"genc-wertherin-acilari-18","status":"publish","type":"product","link":"https:\/\/roveyayinevi.com.tr\/index.php\/urun\/genc-wertherin-acilari-18\/","title":{"rendered":"Gen\u00e7 Werther\u2019in Ac\u0131lar\u0131"},"content":{"rendered":"<p>D\u00fcnya edebiyat\u0131n\u0131n en b\u00fcy\u00fck yazarlar\u0131ndan Goethe\u2019nin kaleme ald\u0131\u011f\u0131 ilk eseri   Gen\u00e7 Werther\u2019in Ac\u0131lar\u0131   \u201cOnu bana bah\u015fet!\u201d diye dua edemiyorum; fakat \u00e7o\u011fu zaman sanki benimmi\u015f gibi hissediyorum. \u201cO benim olsun!\u201d diye dua edemiyorum; \u00e7\u00fcnk\u00fc ba\u015fkas\u0131na ait. Ac\u0131lar\u0131mla alay edip duruyorum.\u201d   Gen\u00e7 Werther\u00b4in Ac\u0131lar\u0131\u2019n\u0131 1774\u2019te yazd\u0131\u011f\u0131nda Goethe hen\u00fcz 25 ya\u015f\u0131ndayd\u0131. Kentten ta\u015fraya g\u00f6\u00e7en gen\u00e7 ressam Werther\u2019in Lotte\u2019ye duydu\u011fu umutsuz a\u015fk\u0131 ve \u00e7aresizli\u011finin mektuplarla anlat\u0131ld\u0131\u011f\u0131 bu roman, \u00f6nce d\u00f6nemin Alman gen\u00e7li\u011fini daha sonra ise b\u00fct\u00fcn Avrupa\u2019y\u0131 etkisi alt\u0131na ald\u0131. \u00d6yle ki, bir d\u00f6nem intihar vakalar\u0131n\u0131n artt\u0131\u011f\u0131 bile oldu. Goethe\u2019nin kendi hayat\u0131ndan da izler ta\u015f\u0131yan ve Napolyon\u2019un elinden d\u00fc\u015f\u00fcrmedi\u011fi rivayet edilen Gen\u00e7 Werther\u2019in Ac\u0131lar\u0131 okunmaya de\u011fer bir Alman ba\u015fyap\u0131t\u0131. <\/p>\n","protected":false},"excerpt":{"rendered":"<p>D\u00fcnya edebiyat\u0131n\u0131n en b\u00fcy\u00fck yazarlar\u0131ndan Goethe\u2019nin kaleme ald\u0131\u011f\u0131 ilk eseri Gen\u00e7 Werther\u2019in Ac\u0131lar\u0131 \u201cOnu bana bah\u015fet!\u201d diye dua edemiyorum; fakat \u00e7o\u011fu zaman sanki benimmi\u015f gibi hissediyorum.<span class=\"excerpt-hellip\"> [\u2026]<\/span><\/p>\n","protected":false},"featured_media":0,"template":"","meta":{"_monsterinsights_skip_tracking":false,"_monsterinsights_sitenote_active":false,"_monsterinsights_sitenote_note":"","_monsterinsights_sitenote_category":0},"product_brand":[],"product_cat":[12291,12711],"product_tag":[],"class_list":{"0":"post-743245","1":"product","2":"type-product","3":"status-publish","5":"product_cat-edebiyat","6":"product_cat-roman-oyku","7":"pa_cilt-ciltsiz","8":"pa_tur-kitap","9":"pa_yayinevi-hayykitap","10":"pa_yazar-johann-wolfgang-von-goethe","12":"first","13":"instock","14":"sale","15":"shipping-taxable","16":"purchasable","17":"product-type-simple"},"_links":{"self":[{"href":"https:\/\/roveyayinevi.com.tr\/index.php\/wp-json\/wp\/v2\/product\/743245","targetHints":{"allow":["GET"]}}],"collection":[{"href":"https:\/\/roveyayinevi.com.tr\/index.php\/wp-json\/wp\/v2\/product"}],"about":[{"href":"https:\/\/roveyayinevi.com.tr\/index.php\/wp-json\/wp\/v2\/types\/product"}],"wp:attachment":[{"href":"https:\/\/roveyayinevi.com.tr\/index.php\/wp-json\/wp\/v2\/media?parent=743245"}],"wp:term":[{"taxonomy":"product_brand","embeddable":true,"href":"https:\/\/roveyayinevi.com.tr\/index.php\/wp-json\/wp\/v2\/product_brand?post=743245"},{"taxonomy":"product_cat","embeddable":true,"href":"https:\/\/roveyayinevi.com.tr\/index.php\/wp-json\/wp\/v2\/product_cat?post=743245"},{"taxonomy":"product_tag","embeddable":true,"href":"https:\/\/roveyayinevi.com.tr\/index.php\/wp-json\/wp\/v2\/product_tag?post=743245"}],"curies":[{"name":"wp","href":"https:\/\/api.w.org\/{rel}","templated":true}]}}