{"id":743244,"date":"2025-08-28T01:30:41","date_gmt":"2025-08-27T22:30:41","guid":{"rendered":"https:\/\/roveyayinevi.com.tr\/index.php\/urun\/lizge\/"},"modified":"2026-04-16T02:54:38","modified_gmt":"2026-04-15T23:54:38","slug":"lizge","status":"publish","type":"product","link":"https:\/\/roveyayinevi.com.tr\/index.php\/urun\/lizge\/","title":{"rendered":"Lizge"},"content":{"rendered":"<p>Lizge\u2026 Da\u011f \u00e7i\u00e7e\u011fi&#8230; Ko\u015fulsuz, \u015farts\u0131z her mevsim a\u00e7an \u00e7i\u00e7ek.   G\u00f6rd\u00fc\u011f\u00fc ilk andan itibaren Baran\u2019\u0131n hayat\u0131n\u0131 tamamen de\u011fi\u015ftiren kad\u0131n. Lizge, babas\u0131n\u0131n zulm\u00fcnden ka\u00e7\u0131p Demiro\u011fullar\u0131 Kona\u011f\u0131\u2019na s\u0131\u011f\u0131n\u0131r. Demir A\u011fa&#8217;n\u0131n himayesinde Diyarbak\u0131r&#8217;dan \u0130stanbul&#8217;a uzanan yolculu\u011fu, onu yeni bir hayata ta\u015f\u0131yacakt\u0131r. Baran birlikte \u00e7al\u0131\u015fmaya ba\u015flad\u0131\u011f\u0131 Lizge\u2019yi izledik\u00e7e hoyrat duygular\u0131 de\u011fi\u015fir, \u015fefkatle sevmeyi \u00f6\u011frenir. Daha \u00f6nce tatmad\u0131klar\u0131 duygular iki \u00e2\u015f\u0131\u011f\u0131 birbirine yak\u0131nla\u015ft\u0131r\u0131r. Lizge, Baran\u2019\u0131 tan\u0131d\u0131k\u00e7a hayat\u0131 gibi kalbi de esaretten kurtulur.   Nuray Ergen, cesur kalemiyle okuru en tutkulu a\u015fk c\u00fcmlelerinin \u00fczerinde gezdiriyor.<\/p>\n","protected":false},"excerpt":{"rendered":"<p>Lizge\u2026 Da\u011f \u00e7i\u00e7e\u011fi&#8230; Ko\u015fulsuz, \u015farts\u0131z her mevsim a\u00e7an \u00e7i\u00e7ek. G\u00f6rd\u00fc\u011f\u00fc ilk andan itibaren Baran\u2019\u0131n hayat\u0131n\u0131 tamamen de\u011fi\u015ftiren kad\u0131n. Lizge, babas\u0131n\u0131n zulm\u00fcnden ka\u00e7\u0131p Demiro\u011fullar\u0131 Kona\u011f\u0131\u2019na s\u0131\u011f\u0131n\u0131r. Demir<span class=\"excerpt-hellip\"> [\u2026]<\/span><\/p>\n","protected":false},"featured_media":0,"template":"","meta":{"_monsterinsights_skip_tracking":false,"_monsterinsights_sitenote_active":false,"_monsterinsights_sitenote_note":"","_monsterinsights_sitenote_category":0},"product_brand":[],"product_cat":[12291,12711],"product_tag":[],"class_list":{"0":"post-743244","1":"product","2":"type-product","3":"status-publish","5":"product_cat-edebiyat","6":"product_cat-roman-oyku","7":"pa_cilt-ciltsiz","8":"pa_tur-kitap","9":"pa_yayinevi-nemesis-kitap","10":"pa_yazar-nuray-ergen","12":"first","13":"instock","14":"sale","15":"shipping-taxable","16":"purchasable","17":"product-type-simple"},"_links":{"self":[{"href":"https:\/\/roveyayinevi.com.tr\/index.php\/wp-json\/wp\/v2\/product\/743244","targetHints":{"allow":["GET"]}}],"collection":[{"href":"https:\/\/roveyayinevi.com.tr\/index.php\/wp-json\/wp\/v2\/product"}],"about":[{"href":"https:\/\/roveyayinevi.com.tr\/index.php\/wp-json\/wp\/v2\/types\/product"}],"wp:attachment":[{"href":"https:\/\/roveyayinevi.com.tr\/index.php\/wp-json\/wp\/v2\/media?parent=743244"}],"wp:term":[{"taxonomy":"product_brand","embeddable":true,"href":"https:\/\/roveyayinevi.com.tr\/index.php\/wp-json\/wp\/v2\/product_brand?post=743244"},{"taxonomy":"product_cat","embeddable":true,"href":"https:\/\/roveyayinevi.com.tr\/index.php\/wp-json\/wp\/v2\/product_cat?post=743244"},{"taxonomy":"product_tag","embeddable":true,"href":"https:\/\/roveyayinevi.com.tr\/index.php\/wp-json\/wp\/v2\/product_tag?post=743244"}],"curies":[{"name":"wp","href":"https:\/\/api.w.org\/{rel}","templated":true}]}}