{"id":743242,"date":"2025-08-28T01:30:38","date_gmt":"2025-08-27T22:30:38","guid":{"rendered":"https:\/\/roveyayinevi.com.tr\/index.php\/urun\/essiz-mavi\/"},"modified":"2025-09-15T14:35:26","modified_gmt":"2025-09-15T11:35:26","slug":"essiz-mavi","status":"publish","type":"product","link":"https:\/\/roveyayinevi.com.tr\/index.php\/urun\/essiz-mavi\/","title":{"rendered":"E\u015fsiz Mavi"},"content":{"rendered":"<p>Mavi, e\u015fiyle her zaman \u00e7ok iyi anla\u015f\u0131rd\u0131. Birlikte oyun oynamak, kocaman bir havuza dalmak onlara \u00e7ok keyif veriyordu. Mavi b\u00f6yle bir e\u015fi oldu\u011fu i\u00e7in kendisini \u015fansl\u0131 hissediyordu. Ama bir g\u00fcn beklenmedik bir olay ya\u015fand\u0131. Bir r\u00fczg\u00e2r esti ve Mavilerin hayat\u0131n\u0131 de\u011fi\u015ftirdi&#8230;<\/p>\n","protected":false},"excerpt":{"rendered":"<p>Mavi, e\u015fiyle her zaman \u00e7ok iyi anla\u015f\u0131rd\u0131. Birlikte oyun oynamak, kocaman bir havuza dalmak onlara \u00e7ok keyif veriyordu. Mavi b\u00f6yle bir e\u015fi oldu\u011fu i\u00e7in kendisini \u015fansl\u0131<span class=\"excerpt-hellip\"> [\u2026]<\/span><\/p>\n","protected":false},"featured_media":0,"template":"","meta":{"_monsterinsights_skip_tracking":false,"_monsterinsights_sitenote_active":false,"_monsterinsights_sitenote_note":"","_monsterinsights_sitenote_category":0},"product_brand":[],"product_cat":[12274],"product_tag":[],"class_list":{"0":"post-743242","1":"product","2":"type-product","3":"status-publish","5":"product_cat-cocuk-ve-genclik-kitaplari","6":"pa_cilt-ciltsiz","7":"pa_tur-kitap","8":"pa_yayinevi-masalperest-ozel-urun","9":"pa_yazar-serap-sahin","11":"first","12":"instock","13":"sale","14":"shipping-taxable","15":"purchasable","16":"product-type-simple"},"_links":{"self":[{"href":"https:\/\/roveyayinevi.com.tr\/index.php\/wp-json\/wp\/v2\/product\/743242","targetHints":{"allow":["GET"]}}],"collection":[{"href":"https:\/\/roveyayinevi.com.tr\/index.php\/wp-json\/wp\/v2\/product"}],"about":[{"href":"https:\/\/roveyayinevi.com.tr\/index.php\/wp-json\/wp\/v2\/types\/product"}],"wp:attachment":[{"href":"https:\/\/roveyayinevi.com.tr\/index.php\/wp-json\/wp\/v2\/media?parent=743242"}],"wp:term":[{"taxonomy":"product_brand","embeddable":true,"href":"https:\/\/roveyayinevi.com.tr\/index.php\/wp-json\/wp\/v2\/product_brand?post=743242"},{"taxonomy":"product_cat","embeddable":true,"href":"https:\/\/roveyayinevi.com.tr\/index.php\/wp-json\/wp\/v2\/product_cat?post=743242"},{"taxonomy":"product_tag","embeddable":true,"href":"https:\/\/roveyayinevi.com.tr\/index.php\/wp-json\/wp\/v2\/product_tag?post=743242"}],"curies":[{"name":"wp","href":"https:\/\/api.w.org\/{rel}","templated":true}]}}