{"id":743239,"date":"2025-08-28T01:30:35","date_gmt":"2025-08-27T22:30:35","guid":{"rendered":"https:\/\/roveyayinevi.com.tr\/index.php\/urun\/ali-samil-buyuk-taarruzun-kucuk-tanigi\/"},"modified":"2026-04-16T02:54:38","modified_gmt":"2026-04-15T23:54:38","slug":"ali-samil-buyuk-taarruzun-kucuk-tanigi","status":"publish","type":"product","link":"https:\/\/roveyayinevi.com.tr\/index.php\/urun\/ali-samil-buyuk-taarruzun-kucuk-tanigi\/","title":{"rendered":"Ali \u015eamil B\u00fcy\u00fck Taarruz`un K\u00fc\u00e7\u00fck Tan\u0131\u011f\u0131"},"content":{"rendered":"<p>B\u00fcy\u00fck Taarruz\u2019un kahraman\u0131 Ali \u015eamil\u2019in, Ahlat\u2019tan Enver Pa\u015fa\u2019n\u0131n kona\u011f\u0131na, Sultan Vahdettin\u2019in damad\u0131 \u0130smail Hakk\u0131 Bey ile dostlu\u011fundan Kurtulu\u015f Sava\u015f\u0131\u2019na kadaruzanan destans\u0131 ya\u015fam\u0131.1916-1922 aras\u0131 tarihimizin en \u00f6nemli olaylar\u0131na \u015fahitlik eden Ali \u015eamil, 1955 y\u0131l\u0131n\u0131n ramazan\u0131 boyunca k\u0131raathanesinde toplanan insanlara an\u0131lar\u0131n\u0131 anlat\u0131r. Genci, ya\u015fl\u0131s\u0131 herkesbu k\u00fc\u00e7\u00fck adam\u0131n ba\u015f\u0131ndan ge\u00e7enleri can kula\u011f\u0131yla dinler.Ali \u015eamil hik\u00e2yesini tamamlad\u0131\u011f\u0131nda ya\u015fad\u0131klar\u0131hem g\u00f6n\u00fcllere hem de haf\u0131zalara kaz\u0131n\u0131r.Turgut Yasalar, Ali \u015eamil B\u00fcy\u00fck Taarruzun K\u00fc\u00e7\u00fck Tan\u0131\u011f\u0131\u2019nda, yak\u0131n tarihimize damga vuran olaylar\u0131, Kurtulu\u015f Sava\u015f\u0131 kahraman\u0131 k\u00fc\u00e7\u00fck dev adam Ali \u015eamil\u2019in g\u00f6z\u00fcndenustal\u0131kla anlat\u0131yor\u2026<\/p>\n","protected":false},"excerpt":{"rendered":"<p>B\u00fcy\u00fck Taarruz\u2019un kahraman\u0131 Ali \u015eamil\u2019in, Ahlat\u2019tan Enver Pa\u015fa\u2019n\u0131n kona\u011f\u0131na, Sultan Vahdettin\u2019in damad\u0131 \u0130smail Hakk\u0131 Bey ile dostlu\u011fundan Kurtulu\u015f Sava\u015f\u0131\u2019na kadaruzanan destans\u0131 ya\u015fam\u0131.1916-1922 aras\u0131 tarihimizin en \u00f6nemli<span class=\"excerpt-hellip\"> [\u2026]<\/span><\/p>\n","protected":false},"featured_media":0,"template":"","meta":{"_monsterinsights_skip_tracking":false,"_monsterinsights_sitenote_active":false,"_monsterinsights_sitenote_note":"","_monsterinsights_sitenote_category":0},"product_brand":[],"product_cat":[12370,12304],"product_tag":[],"class_list":{"0":"post-743239","1":"product","2":"type-product","3":"status-publish","5":"product_cat-arastirma-inceleme","6":"product_cat-tarih","7":"pa_cilt-ciltsiz","8":"pa_tur-kitap","9":"pa_yayinevi-nemesis-kitap","10":"pa_yazar-turgut-yasalar","12":"first","13":"instock","14":"sale","15":"shipping-taxable","16":"purchasable","17":"product-type-simple"},"_links":{"self":[{"href":"https:\/\/roveyayinevi.com.tr\/index.php\/wp-json\/wp\/v2\/product\/743239","targetHints":{"allow":["GET"]}}],"collection":[{"href":"https:\/\/roveyayinevi.com.tr\/index.php\/wp-json\/wp\/v2\/product"}],"about":[{"href":"https:\/\/roveyayinevi.com.tr\/index.php\/wp-json\/wp\/v2\/types\/product"}],"wp:attachment":[{"href":"https:\/\/roveyayinevi.com.tr\/index.php\/wp-json\/wp\/v2\/media?parent=743239"}],"wp:term":[{"taxonomy":"product_brand","embeddable":true,"href":"https:\/\/roveyayinevi.com.tr\/index.php\/wp-json\/wp\/v2\/product_brand?post=743239"},{"taxonomy":"product_cat","embeddable":true,"href":"https:\/\/roveyayinevi.com.tr\/index.php\/wp-json\/wp\/v2\/product_cat?post=743239"},{"taxonomy":"product_tag","embeddable":true,"href":"https:\/\/roveyayinevi.com.tr\/index.php\/wp-json\/wp\/v2\/product_tag?post=743239"}],"curies":[{"name":"wp","href":"https:\/\/api.w.org\/{rel}","templated":true}]}}