{"id":743238,"date":"2025-08-28T01:30:34","date_gmt":"2025-08-27T22:30:34","guid":{"rendered":"https:\/\/roveyayinevi.com.tr\/index.php\/urun\/kusbakisi\/"},"modified":"2026-04-16T02:54:38","modified_gmt":"2026-04-15T23:54:38","slug":"kusbakisi","status":"publish","type":"product","link":"https:\/\/roveyayinevi.com.tr\/index.php\/urun\/kusbakisi\/","title":{"rendered":"Ku\u015fbak\u0131\u015f\u0131"},"content":{"rendered":"<p>\u201cKu\u015fbak\u0131\u015f\u0131\u201d, Serra Menekay\u2019\u0131n ikinci roman\u0131. Bir pilotun g\u00f6z\u00fcnden Balyoz ve benzeri kumpas davalar\u0131n\u0131n perde arkas\u0131n\u0131 ortaya koymaya \u00e7al\u0131\u015fan bu romanda b\u00fct\u00fcn\u00fcyle kurgu olan bir hik\u00e2ye ger\u00e7ek bir zemin \u00fczerine oturtularak aktar\u0131l\u0131yor.                \u201cKu\u015fbak\u0131\u015f\u0131\u201d Balyoz gibi isimli davalarla T\u00fcrk Ordusuna kurulan kumpasa ad\u0131 gibi ku\u015fbak\u0131\u015f\u0131 bakmay\u0131 ama\u00e7layan bir roman. S\u00fcr\u00fckleyici bir kurgunun \u00f6nderli\u011finde, yak\u0131\u015f\u0131kl\u0131 pilot G\u00f6ksel G\u00fc\u00e7l\u00fc\u2019n\u00fcn bak\u0131\u015f a\u00e7\u0131s\u0131yla onun dilinden anlat\u0131lan bu hik\u00e2ye asl\u0131nda; 2009-2016 y\u0131llar\u0131 aras\u0131nda T\u00fcrkiye\u2019nin i\u00e7inden ge\u00e7ti\u011fi s\u00fcrece de bakt\u0131\u011f\u0131 a\u00e7\u0131dan \u0131\u015f\u0131k tutuyor. Kitab\u0131n i\u00e7inde s\u00f6z konusu d\u00f6nemde yay\u0131mlanan kitaplara, k\u00f6\u015fe yaz\u0131lar\u0131na ve gazete man\u015fetlerine at\u0131flar yap\u0131larak \u00fclkenin ge\u00e7ti\u011fi s\u00fcre\u00e7 detayland\u0131r\u0131l\u0131yor. Bu anlamda kitap okura kumpas davalar\u0131n\u0131n s\u00fcre\u00e7leri hakk\u0131nda iyi bir \u00f6zet sunuyor. Bunu bir roman kurgusuyla anlat\u0131yor olmas\u0131 esere ak\u0131c\u0131l\u0131k ve s\u00fcr\u00fckleyicilik \u00f6zelliklerini kazand\u0131r\u0131yor.              T\u00fcm bunlar\u0131n yan\u0131 s\u0131ra kitapta bir travma ile k\u00f6t\u00fcr\u00fcm kalan gen\u00e7 bir hastan\u0131n neler ya\u015fayabilece\u011fini, t\u0131bbi tedavilerin ayr\u0131nt\u0131lar\u0131n\u0131, psikolojik destek tedavilerinin yerini, yeniden aya\u011fa kalkabilmenin zorluklar\u0131n\u0131 dan\u0131\u015fmanlardan al\u0131nan destek ile yak\u0131ndan ve detayl\u0131 olarak g\u00f6rebiliyoruz. Kitap bu y\u00f6n\u00fcyle titiz bir g\u00f6zlem, ayr\u0131nt\u0131l\u0131 bir \u00e7al\u0131\u015fma ve sayg\u0131n bir bilgi birikimi bar\u0131nd\u0131r\u0131yor.  Yazar\u0131m\u0131z Serra Menekay \u201cKu\u015fbak\u0131\u015f\u0131\u201dn\u0131 \u015f\u00f6yle \u00f6zetliyor:  \u201cT\u00fcrk Hava Kuvvetleri\u2019nde \u00e7ok ba\u015far\u0131l\u0131 bir pilot olan \u00fcste\u011fmen G\u00f6ksel G\u00fc\u00e7l\u00fc, hakk\u0131ndaki dedikodular ve kariyerindeki k\u00f6t\u00fc gidi\u015f y\u00fcz\u00fcnden zor g\u00fcnler ge\u00e7irmektedir. Bu d\u00f6nemde talihsiz bir de kaza ya\u015far ve kulland\u0131\u011f\u0131 u\u00e7a\u011f\u0131 son anda indirerek kurtarmay\u0131 ba\u015farsa da kendisi k\u00f6t\u00fcr\u00fcm kal\u0131r. Tekrar aya\u011fa kalkabilmek i\u00e7in girdi\u011fi uzun tedavi s\u00fcreci G\u00f6ksel\u2019e ilk kez ba\u015f\u0131na gelenler \u00fczerinde d\u00fc\u015f\u00fcnme ve perde arkas\u0131n\u0131 g\u00f6rme f\u0131rsat\u0131 verir. Bir pilot olarak manzaraya hep en tepeden bakma al\u0131\u015fkanl\u0131\u011f\u0131 olan G\u00f6ksel, sadece kendi ya\u015fam\u0131yla s\u0131n\u0131rl\u0131 kalmayarak b\u00fcy\u00fck resme odaklan\u0131r ve T\u00fcrk Silahl\u0131 Kuvvetleri\u2019ni hedef alan t\u00fcm davalar\u0131n ard\u0131ndaki hain plan\u0131 \u00e7\u00f6zmeye \u00e7al\u0131\u015f\u0131r. Bu bulmacan\u0131n i\u00e7inde ak\u0131ll\u0131 ve kararl\u0131 kad\u0131nlar\u0131n yard\u0131m\u0131yla ad\u0131m ad\u0131m ilerleyen G\u00f6ksel\u2019e sevgi, umut ve a\u015fk e\u015flik etmektedir. Elinizden b\u0131rakamayaca\u011f\u0131n\u0131z bu romanda yurtsever bir sava\u015f pilotunun g\u00f6z\u00fcnden 2009-2016 s\u00fcrecindeki T\u00fcrkiye\u2019ye ve bu d\u00f6nemde Balyoz ve benzeri davalarla t\u0131pk\u0131 roman\u0131n kahraman\u0131 gibi k\u00f6t\u00fcr\u00fcm b\u0131rak\u0131lan T\u00fcrk Ordusuna kurulan kumpasa \u201cKu\u015fbak\u0131\u015f\u0131\u201d bakma \u015fans\u0131n\u0131 yakalayacaks\u0131n\u0131z.\u201d \u201cKu\u015fbak\u0131\u015f\u0131\u201d hakk\u0131nda Say\u0131n Sunay Ak\u0131n ve Orhan Bursal\u0131\u2019n\u0131n de\u011ferlendirmeleri \u015f\u00f6yle:                                                                                                                  \u201c\u2026Yak\u0131n tarihimizde ya\u015fad\u0131\u011f\u0131m\u0131z, \u00fclkenin ba\u011f\u0131\u015f\u0131kl\u0131k sistemini \u00e7\u00f6kertmek i\u00e7in yap\u0131lan sald\u0131r\u0131lar\u0131 edebiyat\u0131n etkileyici, ak\u0131c\u0131 ve s\u00fcr\u00fckleyici dilini ustal\u0131kla kullanarak aktar\u0131yor bizlere, Serra Menekay&#8230; Tarihin en b\u00fcy\u00fck haks\u0131zl\u0131klar\u0131n\u0131n ya\u015fand\u0131\u011f\u0131 s\u00f6zde davalarda \u00fclkesini savunan subay ve astsubaylar\u0131n kararl\u0131l\u0131\u011f\u0131, pilotun u\u00e7a\u011f\u0131n\u0131 terk etmemesindeki \u015fu duyarl\u0131\u011f\u0131nda \u00e7\u0131k\u0131yor kar\u015f\u0131m\u0131za: \u201dS\u00f6z vermi\u015ftim anneme, benim u\u00e7a\u011f\u0131m d\u00fc\u015fmeyecek demi\u015ftim\u2026\u201d                                                                                                  Sunay AKIN   \u201c\u2026Dr. Serra Menekay, ya\u015fad\u0131\u011f\u0131m\u0131z s\u00fcrecin bir k\u0131sm\u0131n\u0131, Balyoz\u2019la kurulan kumpas\u0131 ve benzer davalar\u0131, ustaca bir kurguyla yazm\u0131\u015f. \u0130mrendim!\u201d                                                                                                   Orhan BURSALI   Bizzat \u201cBalyoz Davas\u0131\u201d karanl\u0131\u011f\u0131n\u0131 ya\u015fam\u0131\u015f (E ) T\u00fcmg. Ahmet Yavuz\u2019un yorumlar\u0131 ise \u015fu \u015fekilde: \u201c\u2026Asl\u0131nda karanl\u0131k ve a\u015fa\u011f\u0131l\u0131k bir d\u00f6nemi apayd\u0131nl\u0131k yapm\u0131\u015f yazar&#8230; Okuyun derim. Hem de mutlaka. A\u00e7\u0131k, anla\u015f\u0131l\u0131r ve ar\u0131 bir dille yaz\u0131lan; bir kurgu etraf\u0131nda insanile\u015ftirilen bu muhte\u015fem Balyoz roman\u0131n\u0131 okuman\u0131z\u0131 \u00f6neririm&#8230;\u201d   T\u00fcm bu yorumlardan sonra bize de fazla bir \u015fey s\u00f6ylemek kalm\u0131yor.                                                                                               \u0130yi okumalar diliyoruz\u2026                                                                                                                                                                                                                                                                Galeati Yay\u0131nc\u0131l\u0131k <\/p>\n","protected":false},"excerpt":{"rendered":"<p>\u201cKu\u015fbak\u0131\u015f\u0131\u201d, Serra Menekay\u2019\u0131n ikinci roman\u0131. Bir pilotun g\u00f6z\u00fcnden Balyoz ve benzeri kumpas davalar\u0131n\u0131n perde arkas\u0131n\u0131 ortaya koymaya \u00e7al\u0131\u015fan bu romanda b\u00fct\u00fcn\u00fcyle kurgu olan bir hik\u00e2ye ger\u00e7ek<span class=\"excerpt-hellip\"> [\u2026]<\/span><\/p>\n","protected":false},"featured_media":0,"template":"","meta":{"_monsterinsights_skip_tracking":false,"_monsterinsights_sitenote_active":false,"_monsterinsights_sitenote_note":"","_monsterinsights_sitenote_category":0},"product_brand":[],"product_cat":[12337,14543],"product_tag":[],"class_list":{"0":"post-743238","1":"product","2":"type-product","3":"status-publish","5":"product_cat-politika-siyaset","6":"product_cat-turkiye-siyaseti-ve-politikasi","7":"pa_cilt-ciltsiz","8":"pa_tur-kitap","9":"pa_yayinevi-galeati-yayincilik","10":"pa_yazar-serra-menekay","12":"first","13":"instock","14":"sale","15":"shipping-taxable","16":"purchasable","17":"product-type-simple"},"_links":{"self":[{"href":"https:\/\/roveyayinevi.com.tr\/index.php\/wp-json\/wp\/v2\/product\/743238","targetHints":{"allow":["GET"]}}],"collection":[{"href":"https:\/\/roveyayinevi.com.tr\/index.php\/wp-json\/wp\/v2\/product"}],"about":[{"href":"https:\/\/roveyayinevi.com.tr\/index.php\/wp-json\/wp\/v2\/types\/product"}],"wp:attachment":[{"href":"https:\/\/roveyayinevi.com.tr\/index.php\/wp-json\/wp\/v2\/media?parent=743238"}],"wp:term":[{"taxonomy":"product_brand","embeddable":true,"href":"https:\/\/roveyayinevi.com.tr\/index.php\/wp-json\/wp\/v2\/product_brand?post=743238"},{"taxonomy":"product_cat","embeddable":true,"href":"https:\/\/roveyayinevi.com.tr\/index.php\/wp-json\/wp\/v2\/product_cat?post=743238"},{"taxonomy":"product_tag","embeddable":true,"href":"https:\/\/roveyayinevi.com.tr\/index.php\/wp-json\/wp\/v2\/product_tag?post=743238"}],"curies":[{"name":"wp","href":"https:\/\/api.w.org\/{rel}","templated":true}]}}