{"id":743234,"date":"2025-08-28T01:30:28","date_gmt":"2025-08-27T22:30:28","guid":{"rendered":"https:\/\/roveyayinevi.com.tr\/index.php\/urun\/hayatimdan-aklimda-kalanlar\/"},"modified":"2026-04-16T02:54:38","modified_gmt":"2026-04-15T23:54:38","slug":"hayatimdan-aklimda-kalanlar","status":"publish","type":"product","link":"https:\/\/roveyayinevi.com.tr\/index.php\/urun\/hayatimdan-aklimda-kalanlar\/","title":{"rendered":"Hayat\u0131mdan Akl\u0131mda Kalanlar"},"content":{"rendered":"<p>Bu otobiyografik kitapta \u00e7ocuklu\u011fumdan ba\u015flayarak ailemi, akrabalar\u0131m\u0131, arkada\u015flar\u0131m\u0131, gen\u00e7li\u011fimi, devrimci m\u00fccadelemi, ac\u0131lar\u0131m\u0131, sevin\u00e7lerimi, k\u0131sacas\u0131 hayat\u0131mdan hat\u0131rlad\u0131klar\u0131m\u0131 anlat\u0131yorum.     <\/p>\n","protected":false},"excerpt":{"rendered":"<p>Bu otobiyografik kitapta \u00e7ocuklu\u011fumdan ba\u015flayarak ailemi, akrabalar\u0131m\u0131, arkada\u015flar\u0131m\u0131, gen\u00e7li\u011fimi, devrimci m\u00fccadelemi, ac\u0131lar\u0131m\u0131, sevin\u00e7lerimi, k\u0131sacas\u0131 hayat\u0131mdan hat\u0131rlad\u0131klar\u0131m\u0131 anlat\u0131yorum.<\/p>\n","protected":false},"featured_media":0,"template":"","meta":{"_monsterinsights_skip_tracking":false,"_monsterinsights_sitenote_active":false,"_monsterinsights_sitenote_note":"","_monsterinsights_sitenote_category":0},"product_brand":[],"product_cat":[14009,12291],"product_tag":[],"class_list":{"0":"post-743234","1":"product","2":"type-product","3":"status-publish","5":"product_cat-biyografi-otobiyografi-edebiyat","6":"product_cat-edebiyat","7":"pa_cilt-ciltsiz","8":"pa_tur-kitap","9":"pa_yayinevi-northern-lights","10":"pa_yazar-hasan-gurkan","12":"first","13":"instock","14":"sale","15":"shipping-taxable","16":"purchasable","17":"product-type-simple"},"_links":{"self":[{"href":"https:\/\/roveyayinevi.com.tr\/index.php\/wp-json\/wp\/v2\/product\/743234","targetHints":{"allow":["GET"]}}],"collection":[{"href":"https:\/\/roveyayinevi.com.tr\/index.php\/wp-json\/wp\/v2\/product"}],"about":[{"href":"https:\/\/roveyayinevi.com.tr\/index.php\/wp-json\/wp\/v2\/types\/product"}],"wp:attachment":[{"href":"https:\/\/roveyayinevi.com.tr\/index.php\/wp-json\/wp\/v2\/media?parent=743234"}],"wp:term":[{"taxonomy":"product_brand","embeddable":true,"href":"https:\/\/roveyayinevi.com.tr\/index.php\/wp-json\/wp\/v2\/product_brand?post=743234"},{"taxonomy":"product_cat","embeddable":true,"href":"https:\/\/roveyayinevi.com.tr\/index.php\/wp-json\/wp\/v2\/product_cat?post=743234"},{"taxonomy":"product_tag","embeddable":true,"href":"https:\/\/roveyayinevi.com.tr\/index.php\/wp-json\/wp\/v2\/product_tag?post=743234"}],"curies":[{"name":"wp","href":"https:\/\/api.w.org\/{rel}","templated":true}]}}