{"id":743233,"date":"2025-08-28T01:30:27","date_gmt":"2025-08-27T22:30:27","guid":{"rendered":"https:\/\/roveyayinevi.com.tr\/index.php\/urun\/zenginligin-bilincalti-sifreleri\/"},"modified":"2026-04-16T02:54:38","modified_gmt":"2026-04-15T23:54:38","slug":"zenginligin-bilincalti-sifreleri","status":"publish","type":"product","link":"https:\/\/roveyayinevi.com.tr\/index.php\/urun\/zenginligin-bilincalti-sifreleri\/","title":{"rendered":"Zenginli\u011fin Bilin\u00e7alt\u0131 \u015eifreleri"},"content":{"rendered":"<p>Kendi titre\u015fim enerjinizi y\u00fckseltti\u011finizde; odak noktan\u0131z\u0131 kendi muhte\u015fem varl\u0131\u011f\u0131n\u0131z\u0131n merkezinde tuttu\u011funuzda; bolluk ve bereketinizi tan\u0131yarak kendinizi zihinsel olarak zenginlik enerjisine uyumlad\u0131\u011f\u0131n\u0131zda; t\u00fcm arzular\u0131n\u0131z\u0131 ger\u00e7ekle\u015ftirmek i\u00e7in bilin\u00e7li zihninizle bilin\u00e7alt\u0131n\u0131z\u0131 uyumlu hale getirdi\u011finizde, emin olun parlayacaks\u0131n\u0131z. Parlad\u0131\u011f\u0131n\u0131zda zenginlik kap\u0131lar\u0131n\u0131n size c\u00f6mert\u00e7e a\u00e7\u0131l\u0131p, y\u0131ld\u0131z tozlar\u0131n\u0131n ba\u015f\u0131n\u0131za serpildi\u011fini, g\u00f6zlerinizin \u0131\u015f\u0131\u011f\u0131n\u0131n g\u00fcl\u00fc\u015f\u00fcn\u00fcz\u00fc ve t\u00fcm d\u00fcnyay\u0131 ayd\u0131nlatt\u0131\u011f\u0131n\u0131 kalbinizle hissedeceksiniz.   I\u015f\u0131k h\u0131z\u0131nda, \u015fimdi ve t\u00fcm zamanlarda, sizin ve b\u00fct\u00fcn\u00fcn hayr\u0131na olan, t\u00fcm arzular\u0131n\u0131z\u0131n kabul g\u00f6rd\u00fc\u011f\u00fcn\u00fcn mutlulu\u011fu i\u00e7inde; sat\u0131r aralar\u0131ndan size g\u00fcl\u00fcmseyen bilgilerle yolculuk yapmak isteyen her \u015fahane ruh, bu kitab\u0131 g\u00f6n\u00fcl rahatl\u0131\u011f\u0131yla okuyabilir.<\/p>\n","protected":false},"excerpt":{"rendered":"<p>Kendi titre\u015fim enerjinizi y\u00fckseltti\u011finizde; odak noktan\u0131z\u0131 kendi muhte\u015fem varl\u0131\u011f\u0131n\u0131z\u0131n merkezinde tuttu\u011funuzda; bolluk ve bereketinizi tan\u0131yarak kendinizi zihinsel olarak zenginlik enerjisine uyumlad\u0131\u011f\u0131n\u0131zda; t\u00fcm arzular\u0131n\u0131z\u0131 ger\u00e7ekle\u015ftirmek i\u00e7in bilin\u00e7li<span class=\"excerpt-hellip\"> [\u2026]<\/span><\/p>\n","protected":false},"featured_media":0,"template":"","meta":{"_monsterinsights_skip_tracking":false,"_monsterinsights_sitenote_active":false,"_monsterinsights_sitenote_note":"","_monsterinsights_sitenote_category":0},"product_brand":[],"product_cat":[12364,12376],"product_tag":[],"class_list":{"0":"post-743233","1":"product","2":"type-product","3":"status-publish","5":"product_cat-genel-konular","6":"product_cat-kisisel-gelisim","7":"pa_cilt-ciltsiz","8":"pa_tur-kitap","9":"pa_yayinevi-bambuk-yayinevi","10":"pa_yazar-rabia-saglam","12":"first","13":"instock","14":"sale","15":"shipping-taxable","16":"purchasable","17":"product-type-simple"},"_links":{"self":[{"href":"https:\/\/roveyayinevi.com.tr\/index.php\/wp-json\/wp\/v2\/product\/743233","targetHints":{"allow":["GET"]}}],"collection":[{"href":"https:\/\/roveyayinevi.com.tr\/index.php\/wp-json\/wp\/v2\/product"}],"about":[{"href":"https:\/\/roveyayinevi.com.tr\/index.php\/wp-json\/wp\/v2\/types\/product"}],"wp:attachment":[{"href":"https:\/\/roveyayinevi.com.tr\/index.php\/wp-json\/wp\/v2\/media?parent=743233"}],"wp:term":[{"taxonomy":"product_brand","embeddable":true,"href":"https:\/\/roveyayinevi.com.tr\/index.php\/wp-json\/wp\/v2\/product_brand?post=743233"},{"taxonomy":"product_cat","embeddable":true,"href":"https:\/\/roveyayinevi.com.tr\/index.php\/wp-json\/wp\/v2\/product_cat?post=743233"},{"taxonomy":"product_tag","embeddable":true,"href":"https:\/\/roveyayinevi.com.tr\/index.php\/wp-json\/wp\/v2\/product_tag?post=743233"}],"curies":[{"name":"wp","href":"https:\/\/api.w.org\/{rel}","templated":true}]}}