{"id":743231,"date":"2025-08-28T01:30:25","date_gmt":"2025-08-27T22:30:25","guid":{"rendered":"https:\/\/roveyayinevi.com.tr\/index.php\/urun\/kuran-ahkami-2-cilt-ciltli\/"},"modified":"2026-04-16T02:54:38","modified_gmt":"2026-04-15T23:54:38","slug":"kuran-ahkami-2-cilt-ciltli","status":"publish","type":"product","link":"https:\/\/roveyayinevi.com.tr\/index.php\/urun\/kuran-ahkami-2-cilt-ciltli\/","title":{"rendered":"Kur\u2019an Ahkam\u0131\/2 Cilt (Ciltli)"},"content":{"rendered":"<p>Son d\u00f6nem \u0130sl\u00e2m \u00e2limlerinden M\u00fcft\u00fc Celal Y\u0131ld\u0131r\u0131m Hoca\u2019n\u0131n 50 y\u0131ld\u0131r yay\u0131mlanmas\u0131 beklenen b\u00fcy\u00fck eseri Kur\u2019an Ahkam\u0131 (Ahkam Tefsiri) \u00e7\u0131kt\u0131. Kur\u2019an\u2019dan bir meselenin delilini arayanlar bu kitapta bulacaklard\u0131r. M\u00fcellif b\u00fct\u00fcn ahkam ayetlerini ve bir\u00e7ok ahkam hadisini kitab\u0131nda toplam\u0131\u015ft\u0131r. Ahmet Davuto\u011flu Hocaefendi, bu kitaba yazd\u0131\u011f\u0131 takrizinde, kitab\u0131n \u00f6nemine dair \u015f\u00f6yle demi\u015ftir: \u201cKur\u2019an Ahk\u00e2m\u0131 ve Mezhep \u0130mamlar\u0131n\u0131n G\u00f6r\u00fc\u015f Farklar\u0131 adl\u0131 eseri okudum. Eser k\u00f6rpe dima\u011flar\u0131n d\u00fc\u015f\u00fcnce ve alg\u0131lar\u0131nda \u015f\u00fcphe olu\u015fturmaya yeltenen \u00e7evrelere tokat niteli\u011fi ta\u015f\u0131maktad\u0131r. Her meselede mutlaka delilini g\u00f6rmek isteyenlere m\u00fckemmel bir cevapt\u0131r.\u201d<\/p>\n","protected":false},"excerpt":{"rendered":"<p>Son d\u00f6nem \u0130sl\u00e2m \u00e2limlerinden M\u00fcft\u00fc Celal Y\u0131ld\u0131r\u0131m Hoca\u2019n\u0131n 50 y\u0131ld\u0131r yay\u0131mlanmas\u0131 beklenen b\u00fcy\u00fck eseri Kur\u2019an Ahkam\u0131 (Ahkam Tefsiri) \u00e7\u0131kt\u0131. Kur\u2019an\u2019dan bir meselenin delilini arayanlar bu kitapta<span class=\"excerpt-hellip\"> [\u2026]<\/span><\/p>\n","protected":false},"featured_media":0,"template":"","meta":{"_monsterinsights_skip_tracking":false,"_monsterinsights_sitenote_active":false,"_monsterinsights_sitenote_note":"","_monsterinsights_sitenote_category":0},"product_brand":[],"product_cat":[12718,12719,17333],"product_tag":[],"class_list":{"0":"post-743231","1":"product","2":"type-product","3":"status-publish","5":"product_cat-din","6":"product_cat-islam","7":"product_cat-islam-hukuku","8":"pa_cilt-ciltli","9":"pa_tur-kitap","10":"pa_yayinevi-debir-yayinlari","11":"pa_yazar-celal-yildirim","13":"first","14":"instock","15":"sale","16":"shipping-taxable","17":"purchasable","18":"product-type-simple"},"_links":{"self":[{"href":"https:\/\/roveyayinevi.com.tr\/index.php\/wp-json\/wp\/v2\/product\/743231","targetHints":{"allow":["GET"]}}],"collection":[{"href":"https:\/\/roveyayinevi.com.tr\/index.php\/wp-json\/wp\/v2\/product"}],"about":[{"href":"https:\/\/roveyayinevi.com.tr\/index.php\/wp-json\/wp\/v2\/types\/product"}],"wp:attachment":[{"href":"https:\/\/roveyayinevi.com.tr\/index.php\/wp-json\/wp\/v2\/media?parent=743231"}],"wp:term":[{"taxonomy":"product_brand","embeddable":true,"href":"https:\/\/roveyayinevi.com.tr\/index.php\/wp-json\/wp\/v2\/product_brand?post=743231"},{"taxonomy":"product_cat","embeddable":true,"href":"https:\/\/roveyayinevi.com.tr\/index.php\/wp-json\/wp\/v2\/product_cat?post=743231"},{"taxonomy":"product_tag","embeddable":true,"href":"https:\/\/roveyayinevi.com.tr\/index.php\/wp-json\/wp\/v2\/product_tag?post=743231"}],"curies":[{"name":"wp","href":"https:\/\/api.w.org\/{rel}","templated":true}]}}