{"id":743228,"date":"2025-08-28T01:30:17","date_gmt":"2025-08-27T22:30:17","guid":{"rendered":"https:\/\/roveyayinevi.com.tr\/index.php\/urun\/muessesemize-hosgeldin\/"},"modified":"2026-04-16T02:54:38","modified_gmt":"2026-04-15T23:54:38","slug":"muessesemize-hosgeldin","status":"publish","type":"product","link":"https:\/\/roveyayinevi.com.tr\/index.php\/urun\/muessesemize-hosgeldin\/","title":{"rendered":"M\u00fcessesemize Ho\u015fgeldin"},"content":{"rendered":"<p>A\u015fk, ihtiras, k\u0131skan\u00e7l\u0131k, korku,gerilim, psikoloji, ajitasyon ve daha  bir\u00e7ok \u015fey&#8230; Hepsinin i\u00e7 i\u00e7e ya\u015fand\u0131\u011f\u0131, kimine g\u00f6re s\u0131rad\u0131\u015f\u0131, kimine g\u00f6re ola\u011fan g\u00f6r\u00fclen olaylar\u0131n her bir detay\u0131n\u0131, b\u00fcy\u00fck titizlikle yazd\u0131\u011f\u0131m bu romanda bulabileceksiniz. Yer yer g\u00fclecek, yer yer g\u00f6zlerinizin dolaca\u011f\u0131 bu kitab\u0131 solu\u011funuzu tutarak okuyacaks\u0131n\u0131z. Bu kitab\u0131n ana temas\u0131n\u0131, pek \u00e7o\u011fumuzun ba\u015f\u0131na gelen,fakat ismen bilmedi\u011fimiz veyahut bilme zahmetine girmedi\u011fimiz \u201cGamofobi\u201dkavram\u0131 ve tezah\u00fcrleri olu\u015fturmaktad\u0131r. Ba\u015f karakterimiz G\u00f6nen\u00e7,art\u0131k evlilik \u00e7a\u011f\u0131na gelmi\u015f,hatta ge\u00e7 bile kalm\u0131\u015ft\u0131r. Kendisinin ba\u015f\u0131ndan bu yana pekala bildi\u011fi,lakin ya\u015fad\u0131\u011f\u0131 ac\u0131 tecr\u00fcbeler sonucunda kanayan bir yara misali gitgide artan bu korkusuyla y\u00fczle\u015fmesi acaba onun yarar\u0131na m\u0131 olacakt\u0131r? Bunu hep beraber g\u00f6rece\u011fiz. Dahas\u0131n\u0131 m\u0131? \u015eimdilik ben susuyorum, gerisini siz de\u011ferli okuyucular\u0131n merak ve ilgisine b\u0131rak\u0131yorum. Karma\u015f\u0131k ili\u015fkiler ve olaylarla \u00f6r\u00fcl\u00fc bu e\u015fsiz maceray\u0131 biran g\u00f6z\u00fcn\u00fcz\u00fc k\u0131rpmadan takip edeceksiniz.   Belirtmek isterim, Karakterler ve ya\u015fan\u0131lan olaylar tamamen ger\u00e7ek d\u0131\u015f\u0131 ve kurgusald\u0131r.<\/p>\n","protected":false},"excerpt":{"rendered":"<p>A\u015fk, ihtiras, k\u0131skan\u00e7l\u0131k, korku,gerilim, psikoloji, ajitasyon ve daha bir\u00e7ok \u015fey&#8230; Hepsinin i\u00e7 i\u00e7e ya\u015fand\u0131\u011f\u0131, kimine g\u00f6re s\u0131rad\u0131\u015f\u0131, kimine g\u00f6re ola\u011fan g\u00f6r\u00fclen olaylar\u0131n her bir detay\u0131n\u0131, b\u00fcy\u00fck<span class=\"excerpt-hellip\"> [\u2026]<\/span><\/p>\n","protected":false},"featured_media":0,"template":"","meta":{"_monsterinsights_skip_tracking":false,"_monsterinsights_sitenote_active":false,"_monsterinsights_sitenote_note":"","_monsterinsights_sitenote_category":0},"product_brand":[],"product_cat":[12291,12711],"product_tag":[],"class_list":{"0":"post-743228","1":"product","2":"type-product","3":"status-publish","5":"product_cat-edebiyat","6":"product_cat-roman-oyku","7":"pa_cilt-ciltsiz","8":"pa_tur-kitap","9":"pa_yayinevi-northern-lights","10":"pa_yazar-gokhan-yilmaz","12":"first","13":"instock","14":"sale","15":"shipping-taxable","16":"purchasable","17":"product-type-simple"},"_links":{"self":[{"href":"https:\/\/roveyayinevi.com.tr\/index.php\/wp-json\/wp\/v2\/product\/743228","targetHints":{"allow":["GET"]}}],"collection":[{"href":"https:\/\/roveyayinevi.com.tr\/index.php\/wp-json\/wp\/v2\/product"}],"about":[{"href":"https:\/\/roveyayinevi.com.tr\/index.php\/wp-json\/wp\/v2\/types\/product"}],"wp:attachment":[{"href":"https:\/\/roveyayinevi.com.tr\/index.php\/wp-json\/wp\/v2\/media?parent=743228"}],"wp:term":[{"taxonomy":"product_brand","embeddable":true,"href":"https:\/\/roveyayinevi.com.tr\/index.php\/wp-json\/wp\/v2\/product_brand?post=743228"},{"taxonomy":"product_cat","embeddable":true,"href":"https:\/\/roveyayinevi.com.tr\/index.php\/wp-json\/wp\/v2\/product_cat?post=743228"},{"taxonomy":"product_tag","embeddable":true,"href":"https:\/\/roveyayinevi.com.tr\/index.php\/wp-json\/wp\/v2\/product_tag?post=743228"}],"curies":[{"name":"wp","href":"https:\/\/api.w.org\/{rel}","templated":true}]}}