{"id":743227,"date":"2025-08-28T01:30:16","date_gmt":"2025-08-27T22:30:16","guid":{"rendered":"https:\/\/roveyayinevi.com.tr\/index.php\/urun\/cicero-kimse-erdem-olmadan-mutlu-olamaz\/"},"modified":"2026-04-16T02:54:38","modified_gmt":"2026-04-15T23:54:38","slug":"cicero-kimse-erdem-olmadan-mutlu-olamaz","status":"publish","type":"product","link":"https:\/\/roveyayinevi.com.tr\/index.php\/urun\/cicero-kimse-erdem-olmadan-mutlu-olamaz\/","title":{"rendered":"Cicero \/ Kimse Erdem Olmadan Mutlu Olamaz"},"content":{"rendered":"<p>\u201cTek bir adam\u0131n dostlu\u011fundansa, Roma halk\u0131n\u0131n \u00f6zg\u00fcrl\u00fc\u011f\u00fcn\u00fc tercih ederim.\u201d   Cicero, Romal\u0131 ideal bir politikac\u0131, hukuk\u00e7u ve m\u00fckemmel bir hatipti. Stoa felsefesini benimseyen Cicero, iyi bir devletin nas\u0131l olaca\u011f\u0131 hakk\u0131nda, dostluk, erdem, ya\u015fl\u0131l\u0131k ve mutluluk gibi, toplumsal ya\u015fam\u0131n hemen her alan\u0131nda d\u00fc\u015f\u00fcnce \u00fcretti. Bug\u00fcn dahi d\u00fc\u015f\u00fcnceleri g\u00fcncel \u00e7al\u0131\u015fmalara ilham olmaktad\u0131r. Roma\u2019n\u0131n en \u00e7alkant\u0131l\u0131 siyasi d\u00f6neminde ya\u015fayan Cicero, d\u00fcr\u00fcstl\u00fc\u011f\u00fc, adaleti, \u00f6zg\u00fcrl\u00fck tutkusu ve b\u00fcy\u00fcleyici konu\u015fma tarz\u0131yla d\u00f6neminde bir y\u0131ld\u0131z gibi parlad\u0131. \u0130nand\u0131klar\u0131n\u0131 imparatorlara ve diktat\u00f6rlere kar\u015f\u0131 savunmaktan geri durmad\u0131. Ona g\u00f6re zalimlik her \u00e7a\u011fda ba\u015f belas\u0131yd\u0131. <\/p>\n","protected":false},"excerpt":{"rendered":"<p>\u201cTek bir adam\u0131n dostlu\u011fundansa, Roma halk\u0131n\u0131n \u00f6zg\u00fcrl\u00fc\u011f\u00fcn\u00fc tercih ederim.\u201d Cicero, Romal\u0131 ideal bir politikac\u0131, hukuk\u00e7u ve m\u00fckemmel bir hatipti. Stoa felsefesini benimseyen Cicero, iyi bir devletin<span class=\"excerpt-hellip\"> [\u2026]<\/span><\/p>\n","protected":false},"featured_media":0,"template":"","meta":{"_monsterinsights_skip_tracking":false,"_monsterinsights_sitenote_active":false,"_monsterinsights_sitenote_note":"","_monsterinsights_sitenote_category":0},"product_brand":[],"product_cat":[20351,12388],"product_tag":[],"class_list":{"0":"post-743227","1":"product","2":"type-product","3":"status-publish","5":"product_cat-dusunce","6":"product_cat-felsefe","7":"pa_cilt-ciltsiz","8":"pa_tur-kitap","9":"pa_yayinevi-destek-yayinlari","10":"pa_yazar-ahmet-taha-alper","12":"first","13":"instock","14":"sale","15":"shipping-taxable","16":"purchasable","17":"product-type-simple"},"_links":{"self":[{"href":"https:\/\/roveyayinevi.com.tr\/index.php\/wp-json\/wp\/v2\/product\/743227","targetHints":{"allow":["GET"]}}],"collection":[{"href":"https:\/\/roveyayinevi.com.tr\/index.php\/wp-json\/wp\/v2\/product"}],"about":[{"href":"https:\/\/roveyayinevi.com.tr\/index.php\/wp-json\/wp\/v2\/types\/product"}],"wp:attachment":[{"href":"https:\/\/roveyayinevi.com.tr\/index.php\/wp-json\/wp\/v2\/media?parent=743227"}],"wp:term":[{"taxonomy":"product_brand","embeddable":true,"href":"https:\/\/roveyayinevi.com.tr\/index.php\/wp-json\/wp\/v2\/product_brand?post=743227"},{"taxonomy":"product_cat","embeddable":true,"href":"https:\/\/roveyayinevi.com.tr\/index.php\/wp-json\/wp\/v2\/product_cat?post=743227"},{"taxonomy":"product_tag","embeddable":true,"href":"https:\/\/roveyayinevi.com.tr\/index.php\/wp-json\/wp\/v2\/product_tag?post=743227"}],"curies":[{"name":"wp","href":"https:\/\/api.w.org\/{rel}","templated":true}]}}