{"id":743225,"date":"2025-08-28T01:30:14","date_gmt":"2025-08-27T22:30:14","guid":{"rendered":"https:\/\/roveyayinevi.com.tr\/index.php\/urun\/lambadaki-cin-sosyal-medya\/"},"modified":"2026-04-16T02:54:37","modified_gmt":"2026-04-15T23:54:37","slug":"lambadaki-cin-sosyal-medya","status":"publish","type":"product","link":"https:\/\/roveyayinevi.com.tr\/index.php\/urun\/lambadaki-cin-sosyal-medya\/","title":{"rendered":"Lambadaki Cin: Sosyal Medya"},"content":{"rendered":"<p>Sabahlar\u0131 alarm sesi ile uyand\u0131\u011f\u0131m\u0131z, uyan\u0131r uyanmaz i\u00e7ine y\u00fckledi\u011fimiz uygulamalarda zaman ge\u00e7irmeye ba\u015flad\u0131\u011f\u0131m\u0131z, gelen aramalar\u0131n yan\u0131nda bizlerin de aramalar yapt\u0131\u011f\u0131 telefonlar\u0131m\u0131z\u0131n \u00fczerimizde \u00e7ok emekleri var. G\u00fcn\u00fcn \u00e7o\u011fu vakti ellerimizden d\u00fc\u015fm\u00fcyor ak\u0131ll\u0131 cihazlar. Peki bu ak\u0131ll\u0131 telefonlar\u0131 en \u00e7ok hangi ama\u00e7la kullan\u0131yoruz? En \u00e7ok hangi uygulamalar e\u015fli\u011finde zaman ge\u00e7iriyoruz? \u0130\u015fte bu sorular\u0131n cevaplar\u0131 verilmeye ba\u015fland\u0131\u011f\u0131nda sosyal medya mecralar\u0131 a\u00e7\u0131k ara \u00f6nde geliyor. Peki bu kadar \u00e7ok zaman ge\u00e7irdi\u011fimiz sosyal medya nedir? Nas\u0131l faydal\u0131 kullanabilirim? Hayatlar\u0131m\u0131za olumlu olarak neler katabilir? Sosyal medya mecralar\u0131n\u0131 kullanarak nas\u0131l imaj olu\u015fturabiliriz? Sosyal medyan\u0131n zararlar\u0131ndan nas\u0131l kurtulabiliriz? Sosyal medya ile para kazanman\u0131n yollar\u0131 nedir? Sosyal medya ile markala\u015fman\u0131n form\u00fclleri nedir? Sosyal medyadan Metaverse uzanan yollar\u0131n etkin kullan\u0131m\u0131 nas\u0131l olmal\u0131d\u0131r? Sosyal medya mecralar\u0131 \u00fczerinden etkin bir kriz y\u00f6netimi nas\u0131l yap\u0131l\u0131r? K\u0131sacas\u0131 sosyal medyay\u0131 korkmadan kullanmak, zararlar\u0131n\u0131 bertaraf edip yararlar\u0131n\u0131 ortaya \u00e7\u0131kartmak, ister kendinizi isterse i\u015f yerinizi d\u00fcnyaya duyurmak istiyorsan\u0131z i\u015fte size re\u00e7ete\u2026     <\/p>\n","protected":false},"excerpt":{"rendered":"<p>Sabahlar\u0131 alarm sesi ile uyand\u0131\u011f\u0131m\u0131z, uyan\u0131r uyanmaz i\u00e7ine y\u00fckledi\u011fimiz uygulamalarda zaman ge\u00e7irmeye ba\u015flad\u0131\u011f\u0131m\u0131z, gelen aramalar\u0131n yan\u0131nda bizlerin de aramalar yapt\u0131\u011f\u0131 telefonlar\u0131m\u0131z\u0131n \u00fczerimizde \u00e7ok emekleri var. G\u00fcn\u00fcn<span class=\"excerpt-hellip\"> [\u2026]<\/span><\/p>\n","protected":false},"featured_media":0,"template":"","meta":{"_monsterinsights_skip_tracking":false,"_monsterinsights_sitenote_active":false,"_monsterinsights_sitenote_note":"","_monsterinsights_sitenote_category":0},"product_brand":[],"product_cat":[22061,13488],"product_tag":[],"class_list":{"0":"post-743225","1":"product","2":"type-product","3":"status-publish","5":"product_cat-sosyal-medya-ve-iletisim","6":"product_cat-toplum-ve-insan","7":"pa_cilt-ciltsiz","8":"pa_tur-kitap","9":"pa_yayinevi-marti-yayinlari","10":"pa_yazar-nazif-kutay-erden","12":"first","13":"instock","14":"sale","15":"shipping-taxable","16":"purchasable","17":"product-type-simple"},"_links":{"self":[{"href":"https:\/\/roveyayinevi.com.tr\/index.php\/wp-json\/wp\/v2\/product\/743225","targetHints":{"allow":["GET"]}}],"collection":[{"href":"https:\/\/roveyayinevi.com.tr\/index.php\/wp-json\/wp\/v2\/product"}],"about":[{"href":"https:\/\/roveyayinevi.com.tr\/index.php\/wp-json\/wp\/v2\/types\/product"}],"wp:attachment":[{"href":"https:\/\/roveyayinevi.com.tr\/index.php\/wp-json\/wp\/v2\/media?parent=743225"}],"wp:term":[{"taxonomy":"product_brand","embeddable":true,"href":"https:\/\/roveyayinevi.com.tr\/index.php\/wp-json\/wp\/v2\/product_brand?post=743225"},{"taxonomy":"product_cat","embeddable":true,"href":"https:\/\/roveyayinevi.com.tr\/index.php\/wp-json\/wp\/v2\/product_cat?post=743225"},{"taxonomy":"product_tag","embeddable":true,"href":"https:\/\/roveyayinevi.com.tr\/index.php\/wp-json\/wp\/v2\/product_tag?post=743225"}],"curies":[{"name":"wp","href":"https:\/\/api.w.org\/{rel}","templated":true}]}}