{"id":743223,"date":"2025-08-28T01:30:11","date_gmt":"2025-08-27T22:30:11","guid":{"rendered":"https:\/\/roveyayinevi.com.tr\/index.php\/urun\/gun-isiginin-tadi\/"},"modified":"2026-04-16T02:54:37","modified_gmt":"2026-04-15T23:54:37","slug":"gun-isiginin-tadi","status":"publish","type":"product","link":"https:\/\/roveyayinevi.com.tr\/index.php\/urun\/gun-isiginin-tadi\/","title":{"rendered":"G\u00fcn I\u015f\u0131\u011f\u0131n\u0131n Tad\u0131"},"content":{"rendered":"<p>G\u00fcn I\u015f\u0131\u011f\u0131n\u0131n Tad\u0131Bazen en yak\u0131n\u0131ndakiler taraf\u0131ndan anla\u015f\u0131lmad\u0131\u011f\u0131n\u0131 hissettin mi? Ya da yeni tan\u0131\u015ft\u0131\u011f\u0131n birinin kelimelere ihtiya\u00e7 duymadan, ko\u015fulsuz seni anlayabilece\u011fini? Gu\u0308n I\u015f\u0131\u011f\u0131n\u0131n Tad\u0131, kendileri olmay\u0131 \u00f6\u011frenen, birbirinden \u00e7ok farkl\u0131 iki kad\u0131n\u0131n hik\u00e2yesi. Sally ve Liss\u2026 Sally herkesten uzakta, yaln\u0131z kalmak istiyor. Her \u015feye k\u0131z\u0131yor: taleplere, kurallara, yeti\u015fkinlere\u2026 Her \u015feyden nefret ediyor; en \u00e7ok da sorulardan, \u00f6zellikle g\u00f6ru\u0308nu\u0308\u015fu\u0308yle ilgili olanlardan. Liss ise tek ba\u015f\u0131na i\u015fletti\u011fi bu\u0308yu\u0308k bir \u00e7iftlikte yaln\u0131z, di\u011fer insanlara ihtiya\u00e7 duymadan ya\u015f\u0131yor. Sally, ilk kar\u015f\u0131la\u015fmalar\u0131ndan itibaren Liss\u2019in di\u011fer yeti\u015fkinler gibi olmad\u0131\u011f\u0131n\u0131 fark ediyor ve onun bir gece \u00e7iftlikte kalma \u00f6nerisini kabul ediyor. Bu bir gece, haftalara d\u00f6nu\u0308\u015fu\u0308yor. \u00dczu\u0308m ba\u011flar\u0131nda \u00e7al\u0131\u015f\u0131rken, ar\u0131c\u0131l\u0131k yaparken, eski armut \u00e7e\u015fitlerini tadarken onlar\u0131 di\u011fer insanlardan ay\u0131ran \u015feylerden bahsetmeye ba\u015fl\u0131yorlar. Ba\u015flang\u0131\u00e7ta \u00e7ok az konu\u015fmalar\u0131na ra\u011fmen zamanla aralar\u0131nda kelimelerin ula\u015fabilece\u011finden \u00e7ok daha bu\u0308yu\u0308k bir ba\u011f kuruluyor. Ve yava\u015f yava\u015f, birbirlerinin yaralar\u0131n\u0131 \u00f6\u011freniyorlar. Bir gu\u0308n Sally, Liss\u2019te istemeden bir travmay\u0131 tetikledi\u011findeyse ge\u00e7mi\u015fteki karanl\u0131k, gu\u0308n yu\u0308zu\u0308ne \u00e7\u0131k\u0131yor. Gu\u0308n I\u015f\u0131\u011f\u0131n\u0131n Tad\u0131; sevgiye, kar\u015f\u0131ndakini oldu\u011fu gibi kabul etmeye, do\u011fan\u0131n iyile\u015ftirip d\u00f6nu\u0308\u015ftu\u0308rme gu\u0308cu\u0308ne ve e\u011fer g\u00f6rmeye istekliysek etraf\u0131m\u0131z\u0131 saran iyili\u011fe vurgu yapan, dikkati \u201cas\u0131l olana\u201d \u00e7eken bir roman.   \u201cBu kitab\u0131 okumak, bir bu\u011fday tarlas\u0131nda dola\u015fmak gibi: \u0130\u00e7 \u0131s\u0131tan ve huzurlu.\u201d -Dry.Schauch, Lesejury \u201cBu roman\u0131 okuyan, kitab\u0131 farkl\u0131 bir ki\u015fi olarak kapatacak. Daha mutlu biri olarak. Huzur dolu. Bir yaz sonu mutlulu\u011fuyla\u2026\u201d -Isabelle Riechelmann, Belle Novelle<\/p>\n","protected":false},"excerpt":{"rendered":"<p>G\u00fcn I\u015f\u0131\u011f\u0131n\u0131n Tad\u0131Bazen en yak\u0131n\u0131ndakiler taraf\u0131ndan anla\u015f\u0131lmad\u0131\u011f\u0131n\u0131 hissettin mi? Ya da yeni tan\u0131\u015ft\u0131\u011f\u0131n birinin kelimelere ihtiya\u00e7 duymadan, ko\u015fulsuz seni anlayabilece\u011fini? Gu\u0308n I\u015f\u0131\u011f\u0131n\u0131n Tad\u0131, kendileri olmay\u0131 \u00f6\u011frenen,<span class=\"excerpt-hellip\"> [\u2026]<\/span><\/p>\n","protected":false},"featured_media":0,"template":"","meta":{"_monsterinsights_skip_tracking":false,"_monsterinsights_sitenote_active":false,"_monsterinsights_sitenote_note":"","_monsterinsights_sitenote_category":0},"product_brand":[],"product_cat":[12291,12711],"product_tag":[],"class_list":{"0":"post-743223","1":"product","2":"type-product","3":"status-publish","5":"product_cat-edebiyat","6":"product_cat-roman-oyku","7":"pa_cilt-ciltsiz","8":"pa_tur-kitap","9":"pa_yayinevi-yan-pasaj-yayinevi","10":"pa_yazar-ewald-arenz","12":"first","13":"instock","14":"sale","15":"shipping-taxable","16":"purchasable","17":"product-type-simple"},"_links":{"self":[{"href":"https:\/\/roveyayinevi.com.tr\/index.php\/wp-json\/wp\/v2\/product\/743223","targetHints":{"allow":["GET"]}}],"collection":[{"href":"https:\/\/roveyayinevi.com.tr\/index.php\/wp-json\/wp\/v2\/product"}],"about":[{"href":"https:\/\/roveyayinevi.com.tr\/index.php\/wp-json\/wp\/v2\/types\/product"}],"wp:attachment":[{"href":"https:\/\/roveyayinevi.com.tr\/index.php\/wp-json\/wp\/v2\/media?parent=743223"}],"wp:term":[{"taxonomy":"product_brand","embeddable":true,"href":"https:\/\/roveyayinevi.com.tr\/index.php\/wp-json\/wp\/v2\/product_brand?post=743223"},{"taxonomy":"product_cat","embeddable":true,"href":"https:\/\/roveyayinevi.com.tr\/index.php\/wp-json\/wp\/v2\/product_cat?post=743223"},{"taxonomy":"product_tag","embeddable":true,"href":"https:\/\/roveyayinevi.com.tr\/index.php\/wp-json\/wp\/v2\/product_tag?post=743223"}],"curies":[{"name":"wp","href":"https:\/\/api.w.org\/{rel}","templated":true}]}}