{"id":743222,"date":"2025-08-28T01:30:09","date_gmt":"2025-08-27T22:30:09","guid":{"rendered":"https:\/\/roveyayinevi.com.tr\/index.php\/urun\/buyuk-taarruz-2\/"},"modified":"2026-04-16T02:54:37","modified_gmt":"2026-04-15T23:54:37","slug":"buyuk-taarruz-2","status":"publish","type":"product","link":"https:\/\/roveyayinevi.com.tr\/index.php\/urun\/buyuk-taarruz-2\/","title":{"rendered":"B\u00fcy\u00fck Taarruz"},"content":{"rendered":"<p>\u201cKurtulu\u015f\u2019un M\u00fchr\u00fc.Kurulu\u015f\u2019un Anahtar\u0131\u201d26 A\u011fustos 1922 g\u00fcn\u00fc ba\u015flay\u0131p 18 Eyl\u00fcl 1922 g\u00fcn\u00fc sonu\u00e7lanan. 30 A\u011fustos ve 9 Eyl\u00fcl zaferleriyle ta\u00e7lanan B\u00fcy\u00fck Taarruz. Ulusal Kurtulu\u015f Sava\u015f\u0131\u2018n\u0131n sons\u00f6z\u00fc ve m\u00fchr\u00fc. Milli M\u00fccadele\u2019nin ise \u00f6ns\u00f6z\u00fc ve anahtar\u0131 niteli\u011findedir. B\u00fcy\u00fck Taarruz, ayn\u0131 zamanda e\u015fsiz bir Ba\u015fkumandan\u2019\u0131n kararlar\u0131yla d\u00fcnya askerlik tarihine ge\u00e7en destans\u0131 bir sava\u015f\u0131n da ad\u0131d\u0131r. Yaln\u0131zca T\u00fcrk ulusunun de\u011fil, t\u00fcm d\u00fcnyan\u0131n ezilen uluslar\u0131n\u0131n s\u00f6m\u00fcrgecili\u011fin boyunduru\u011fundan kurtulmas\u0131n\u0131 mu\u015ftalayan 30 A\u011fustos zaferinin \u00f6yk\u00fcs\u00fcn\u00fc, \u00f6ncesi ve sonras\u0131yla 100. y\u0131ld\u00f6n\u00fcm\u00fcnde Ahmet Yavuz\u2019un kaleminden, co\u015fkuyla ve roman tad\u0131nda okuyacaks\u0131n\u0131z. \u201cDa\u011flarda tek tek ate\u015fler yan\u0131yordu. Ve y\u0131ld\u0131zlar \u00f6yle \u0131\u015f\u0131lt\u0131l\u0131, \u00f6yle feraht\u0131lar ki \u015fayak kalpakl\u0131 adam Nas\u0131l ve ne zaman gelece\u011fini bilmeden g\u00fczel, rahat g\u00fcnlere inan\u0131yordu\u2026\u201dNaz\u0131m Hikmet <\/p>\n","protected":false},"excerpt":{"rendered":"<p>\u201cKurtulu\u015f\u2019un M\u00fchr\u00fc.Kurulu\u015f\u2019un Anahtar\u0131\u201d26 A\u011fustos 1922 g\u00fcn\u00fc ba\u015flay\u0131p 18 Eyl\u00fcl 1922 g\u00fcn\u00fc sonu\u00e7lanan. 30 A\u011fustos ve 9 Eyl\u00fcl zaferleriyle ta\u00e7lanan B\u00fcy\u00fck Taarruz. Ulusal Kurtulu\u015f Sava\u015f\u0131\u2018n\u0131n sons\u00f6z\u00fc ve<span class=\"excerpt-hellip\"> [\u2026]<\/span><\/p>\n","protected":false},"featured_media":0,"template":"","meta":{"_monsterinsights_skip_tracking":false,"_monsterinsights_sitenote_active":false,"_monsterinsights_sitenote_note":"","_monsterinsights_sitenote_category":0},"product_brand":[],"product_cat":[13072,12291],"product_tag":[],"class_list":{"0":"post-743222","1":"product","2":"type-product","3":"status-publish","5":"product_cat-arastirma-inceleme-referans","6":"product_cat-edebiyat","7":"pa_cilt-ciltsiz","8":"pa_tur-kitap","9":"pa_yayinevi-cumhuriyet-kitaplari","10":"pa_yazar-ahmet-yavuz","12":"first","13":"instock","14":"sale","15":"shipping-taxable","16":"purchasable","17":"product-type-simple"},"_links":{"self":[{"href":"https:\/\/roveyayinevi.com.tr\/index.php\/wp-json\/wp\/v2\/product\/743222","targetHints":{"allow":["GET"]}}],"collection":[{"href":"https:\/\/roveyayinevi.com.tr\/index.php\/wp-json\/wp\/v2\/product"}],"about":[{"href":"https:\/\/roveyayinevi.com.tr\/index.php\/wp-json\/wp\/v2\/types\/product"}],"wp:attachment":[{"href":"https:\/\/roveyayinevi.com.tr\/index.php\/wp-json\/wp\/v2\/media?parent=743222"}],"wp:term":[{"taxonomy":"product_brand","embeddable":true,"href":"https:\/\/roveyayinevi.com.tr\/index.php\/wp-json\/wp\/v2\/product_brand?post=743222"},{"taxonomy":"product_cat","embeddable":true,"href":"https:\/\/roveyayinevi.com.tr\/index.php\/wp-json\/wp\/v2\/product_cat?post=743222"},{"taxonomy":"product_tag","embeddable":true,"href":"https:\/\/roveyayinevi.com.tr\/index.php\/wp-json\/wp\/v2\/product_tag?post=743222"}],"curies":[{"name":"wp","href":"https:\/\/api.w.org\/{rel}","templated":true}]}}