{"id":743221,"date":"2025-08-28T01:30:08","date_gmt":"2025-08-27T22:30:08","guid":{"rendered":"https:\/\/roveyayinevi.com.tr\/index.php\/urun\/oktay-akbalin-anisina-saygilarla\/"},"modified":"2026-04-16T02:54:37","modified_gmt":"2026-04-15T23:54:37","slug":"oktay-akbalin-anisina-saygilarla","status":"publish","type":"product","link":"https:\/\/roveyayinevi.com.tr\/index.php\/urun\/oktay-akbalin-anisina-saygilarla\/","title":{"rendered":"Oktay Akbal&#8217;\u0131n An\u0131s\u0131na Sayg\u0131larla"},"content":{"rendered":"<p>\u201cOktay Akbal yaln\u0131zca bizim toplumun de\u011fil, olabildi\u011fince b\u00fct\u00fcn d\u00fcnyay\u0131 ya\u015fayan bir duyarl\u0131l\u0131k g\u00fcc\u00fcn\u00fcn yazar\u0131d\u0131r\u201dMelih Cevdet Anday \u201cOktay Akbal, hayata sevgiyle bakan, \u00f6zg\u00fcn bir yazard\u0131r. Ger\u00e7i bar\u0131\u015fa, insanl\u0131\u011fa, sevecenli\u011fe tutkunluk yazarl\u0131\u011f\u0131n do\u011fal kural\u0131 gibi g\u00f6r\u00fcn\u00fcr, ama ad\u0131 yazara \u00e7\u0131km\u0131\u015f \u00e7o\u011fu ki\u015fiye bak\u0131n, hep hot zortla beyaz ka\u011f\u0131tlar\u0131 karalarlar\u201d\u0130lhan Sel\u00e7uk \u201cOktay Akbal, Atat\u00fcrk\u2019\u00fcn devrimcili\u011findeki temel prati\u011fi, k\u0131lg\u0131y\u0131, eski devleti y\u0131kmas\u0131n\u0131, eski toplumu temelinden de\u011fi\u015ftirmeye \u00e7al\u0131\u015fmas\u0131n\u0131 konu\u015fur gibi, rahat, ar\u0131 bir dille, a\u00e7\u0131k se\u00e7ik anlat\u0131yor.\u201dCeyhun Atuf Kansu \u201cOktay Akbal, sosyal adalete, hukukun \u00fcst\u00fcnl\u00fc\u011f\u00fcne ve laik Cumhuriyet ilkelerine sonuna kadar sad\u0131k kald\u0131 ve bas\u0131n \u00f6zg\u00fcrl\u00fc\u011f\u00fcn\u00fc savundu.\u201dAlev Co\u015fkun <\/p>\n","protected":false},"excerpt":{"rendered":"<p>\u201cOktay Akbal yaln\u0131zca bizim toplumun de\u011fil, olabildi\u011fince b\u00fct\u00fcn d\u00fcnyay\u0131 ya\u015fayan bir duyarl\u0131l\u0131k g\u00fcc\u00fcn\u00fcn yazar\u0131d\u0131r\u201dMelih Cevdet Anday \u201cOktay Akbal, hayata sevgiyle bakan, \u00f6zg\u00fcn bir yazard\u0131r. Ger\u00e7i bar\u0131\u015fa,<span class=\"excerpt-hellip\"> [\u2026]<\/span><\/p>\n","protected":false},"featured_media":0,"template":"","meta":{"_monsterinsights_skip_tracking":false,"_monsterinsights_sitenote_active":false,"_monsterinsights_sitenote_note":"","_monsterinsights_sitenote_category":0},"product_brand":[],"product_cat":[27157,12291],"product_tag":[],"class_list":{"0":"post-743221","1":"product","2":"type-product","3":"status-publish","5":"product_cat-derleme","6":"product_cat-edebiyat","7":"pa_cilt-ciltsiz","8":"pa_tur-kitap","9":"pa_yayinevi-cumhuriyet-kitaplari","10":"pa_yazar-ayla-akbal-mustafa-koz","12":"first","13":"instock","14":"sale","15":"shipping-taxable","16":"purchasable","17":"product-type-simple"},"_links":{"self":[{"href":"https:\/\/roveyayinevi.com.tr\/index.php\/wp-json\/wp\/v2\/product\/743221","targetHints":{"allow":["GET"]}}],"collection":[{"href":"https:\/\/roveyayinevi.com.tr\/index.php\/wp-json\/wp\/v2\/product"}],"about":[{"href":"https:\/\/roveyayinevi.com.tr\/index.php\/wp-json\/wp\/v2\/types\/product"}],"wp:attachment":[{"href":"https:\/\/roveyayinevi.com.tr\/index.php\/wp-json\/wp\/v2\/media?parent=743221"}],"wp:term":[{"taxonomy":"product_brand","embeddable":true,"href":"https:\/\/roveyayinevi.com.tr\/index.php\/wp-json\/wp\/v2\/product_brand?post=743221"},{"taxonomy":"product_cat","embeddable":true,"href":"https:\/\/roveyayinevi.com.tr\/index.php\/wp-json\/wp\/v2\/product_cat?post=743221"},{"taxonomy":"product_tag","embeddable":true,"href":"https:\/\/roveyayinevi.com.tr\/index.php\/wp-json\/wp\/v2\/product_tag?post=743221"}],"curies":[{"name":"wp","href":"https:\/\/api.w.org\/{rel}","templated":true}]}}