{"id":743219,"date":"2025-08-28T01:30:06","date_gmt":"2025-08-27T22:30:06","guid":{"rendered":"https:\/\/roveyayinevi.com.tr\/index.php\/urun\/gizemli-kasifler\/"},"modified":"2026-04-16T02:54:37","modified_gmt":"2026-04-15T23:54:37","slug":"gizemli-kasifler","status":"publish","type":"product","link":"https:\/\/roveyayinevi.com.tr\/index.php\/urun\/gizemli-kasifler\/","title":{"rendered":"Gizemli K\u00e2\u015fifler"},"content":{"rendered":"<p>\u0130lkbahar\u2019\u0131 Buz Saray\u0131\u2019na hapseden K\u0131\u015f, t\u00fcm d\u00fcnyaya h\u00e2kim olmak istiyordu. Peki, Frezya \u00c7i\u00e7ekleri bu konuda ne d\u00fc\u015f\u00fcn\u00fcyordu? Acaba K\u0131\u015f ile anla\u015fman\u0131n bir yolu var m\u0131yd\u0131? Nina ve Ponu\u015fka ile gizemli bir yolculu\u011fa \u00e7\u0131kmaya haz\u0131r olun! <\/p>\n","protected":false},"excerpt":{"rendered":"<p>\u0130lkbahar\u2019\u0131 Buz Saray\u0131\u2019na hapseden K\u0131\u015f, t\u00fcm d\u00fcnyaya h\u00e2kim olmak istiyordu. Peki, Frezya \u00c7i\u00e7ekleri bu konuda ne d\u00fc\u015f\u00fcn\u00fcyordu? Acaba K\u0131\u015f ile anla\u015fman\u0131n bir yolu var m\u0131yd\u0131? Nina<span class=\"excerpt-hellip\"> [\u2026]<\/span><\/p>\n","protected":false},"featured_media":0,"template":"","meta":{"_monsterinsights_skip_tracking":false,"_monsterinsights_sitenote_active":false,"_monsterinsights_sitenote_note":"","_monsterinsights_sitenote_category":0},"product_brand":[],"product_cat":[12274],"product_tag":[],"class_list":{"0":"post-743219","1":"product","2":"type-product","3":"status-publish","5":"product_cat-cocuk-ve-genclik-kitaplari","6":"pa_cilt-ciltsiz","7":"pa_tur-kitap","8":"pa_yayinevi-luna-yayinlari","9":"pa_yazar-semra-isik","11":"first","12":"instock","13":"sale","14":"shipping-taxable","15":"purchasable","16":"product-type-simple"},"_links":{"self":[{"href":"https:\/\/roveyayinevi.com.tr\/index.php\/wp-json\/wp\/v2\/product\/743219","targetHints":{"allow":["GET"]}}],"collection":[{"href":"https:\/\/roveyayinevi.com.tr\/index.php\/wp-json\/wp\/v2\/product"}],"about":[{"href":"https:\/\/roveyayinevi.com.tr\/index.php\/wp-json\/wp\/v2\/types\/product"}],"wp:attachment":[{"href":"https:\/\/roveyayinevi.com.tr\/index.php\/wp-json\/wp\/v2\/media?parent=743219"}],"wp:term":[{"taxonomy":"product_brand","embeddable":true,"href":"https:\/\/roveyayinevi.com.tr\/index.php\/wp-json\/wp\/v2\/product_brand?post=743219"},{"taxonomy":"product_cat","embeddable":true,"href":"https:\/\/roveyayinevi.com.tr\/index.php\/wp-json\/wp\/v2\/product_cat?post=743219"},{"taxonomy":"product_tag","embeddable":true,"href":"https:\/\/roveyayinevi.com.tr\/index.php\/wp-json\/wp\/v2\/product_tag?post=743219"}],"curies":[{"name":"wp","href":"https:\/\/api.w.org\/{rel}","templated":true}]}}