{"id":743217,"date":"2025-08-28T01:30:03","date_gmt":"2025-08-27T22:30:03","guid":{"rendered":"https:\/\/roveyayinevi.com.tr\/index.php\/urun\/sadece-uce-kadar-sayabilen-adam\/"},"modified":"2026-04-16T02:54:37","modified_gmt":"2026-04-15T23:54:37","slug":"sadece-uce-kadar-sayabilen-adam","status":"publish","type":"product","link":"https:\/\/roveyayinevi.com.tr\/index.php\/urun\/sadece-uce-kadar-sayabilen-adam\/","title":{"rendered":"Sadece \u00dc\u00e7e Kadar Sayabilen Adam"},"content":{"rendered":"<p>Evet, bu o&#8230; Bay \u00dc\u00e7\u00fcnc\u00fc! Sadece \u00fc\u00e7e kadar sayabiliyor. Evinde her \u015feyden \u00fc\u00e7 tane var, t\u00fcm hesaplamalar\u0131 1, 2 ve 3\u2019le yap\u0131yor. Peki ama b\u00f6ylesi zor de\u011fil mi? Acaba Bay \u00dc\u00e7\u00fcnc\u00fc, di\u011fer say\u0131lar\u0131 da \u00f6\u011frenebilecek mi?   Sadece \u00fc\u00e7e kadar sayabilen bir adam\u0131n komik \u00f6yk\u00fcs\u00fcyle \u00e7ocuklar, say\u0131 sayman\u0131n ve basit hesaplamalar yapman\u0131n keyfini \u00e7\u0131karacak. K\u00fclt\u00fcr ve Turizm Bakanl\u0131\u011f\u0131\u2019n\u0131n Edebiyat Eserlerini Destek Projesi\u2019nin deste\u011fiyle yay\u0131mlanan Sadece \u00dc\u00e7e Kadar Sayabilen Adam, say\u0131lardan ilham alan, ne\u015feli, e\u011flenceli bir \u00f6yk\u00fc. <\/p>\n","protected":false},"excerpt":{"rendered":"<p>Evet, bu o&#8230; Bay \u00dc\u00e7\u00fcnc\u00fc! Sadece \u00fc\u00e7e kadar sayabiliyor. Evinde her \u015feyden \u00fc\u00e7 tane var, t\u00fcm hesaplamalar\u0131 1, 2 ve 3\u2019le yap\u0131yor. Peki ama b\u00f6ylesi zor<span class=\"excerpt-hellip\"> [\u2026]<\/span><\/p>\n","protected":false},"featured_media":0,"template":"","meta":{"_monsterinsights_skip_tracking":false,"_monsterinsights_sitenote_active":false,"_monsterinsights_sitenote_note":"","_monsterinsights_sitenote_category":0},"product_brand":[],"product_cat":[12913,12274],"product_tag":[],"class_list":{"0":"post-743217","1":"product","2":"type-product","3":"status-publish","5":"product_cat-3-6-yas-kitaplari","6":"product_cat-cocuk-ve-genclik-kitaplari","7":"pa_cilt-ciltsiz","8":"pa_tur-kitap","9":"pa_yayinevi-redhouse-kidz-yayinlari","10":"pa_yazar-nuri-kurucu","12":"first","13":"instock","14":"sale","15":"shipping-taxable","16":"purchasable","17":"product-type-simple"},"_links":{"self":[{"href":"https:\/\/roveyayinevi.com.tr\/index.php\/wp-json\/wp\/v2\/product\/743217","targetHints":{"allow":["GET"]}}],"collection":[{"href":"https:\/\/roveyayinevi.com.tr\/index.php\/wp-json\/wp\/v2\/product"}],"about":[{"href":"https:\/\/roveyayinevi.com.tr\/index.php\/wp-json\/wp\/v2\/types\/product"}],"wp:attachment":[{"href":"https:\/\/roveyayinevi.com.tr\/index.php\/wp-json\/wp\/v2\/media?parent=743217"}],"wp:term":[{"taxonomy":"product_brand","embeddable":true,"href":"https:\/\/roveyayinevi.com.tr\/index.php\/wp-json\/wp\/v2\/product_brand?post=743217"},{"taxonomy":"product_cat","embeddable":true,"href":"https:\/\/roveyayinevi.com.tr\/index.php\/wp-json\/wp\/v2\/product_cat?post=743217"},{"taxonomy":"product_tag","embeddable":true,"href":"https:\/\/roveyayinevi.com.tr\/index.php\/wp-json\/wp\/v2\/product_tag?post=743217"}],"curies":[{"name":"wp","href":"https:\/\/api.w.org\/{rel}","templated":true}]}}