{"id":743216,"date":"2025-08-28T01:30:02","date_gmt":"2025-08-27T22:30:02","guid":{"rendered":"https:\/\/roveyayinevi.com.tr\/index.php\/urun\/dunyanin-en-berbat-gunu\/"},"modified":"2026-04-16T02:54:37","modified_gmt":"2026-04-15T23:54:37","slug":"dunyanin-en-berbat-gunu","status":"publish","type":"product","link":"https:\/\/roveyayinevi.com.tr\/index.php\/urun\/dunyanin-en-berbat-gunu\/","title":{"rendered":"D\u00fcnyan\u0131n En Berbat G\u00fcn\u00fc"},"content":{"rendered":"<p>Kahraman\u0131m\u0131z tam yedi ya\u015f\u0131na giriyor. Do\u011fum g\u00fcn\u00fcn\u00fc ailesi ve arkada\u015flar\u0131yla beraber kutlayacak. Evlerinin bah\u00e7esi reng\u00e2renk s\u00fcslenmi\u015f, her yer c\u0131v\u0131l c\u0131v\u0131l. Evet, kahraman\u0131m\u0131z kesinlikle \u201cberbat\u201d bir g\u00fcn ge\u00e7irecek!   Bu kitapta bir tuhafl\u0131k var! Baz\u0131 kelimeler do\u011fru kullan\u0131lmam\u0131\u015f. Haydi okurlar, do\u011fru kullan\u0131lmayanlar\u0131n yerine z\u0131t anlaml\u0131lar\u0131n\u0131 yerle\u015ftirin, bu ne\u015feli \u00f6yk\u00fcn\u00fcn tad\u0131n\u0131 \u00e7\u0131kar\u0131n. Nuri Kurucu\u2019nun s\u0131rad\u0131\u015f\u0131 \u00fcslubu, G\u00f6k\u00e7e Akg\u00fcl\u2019\u00fcn reng\u00e2renk resimleriyle D\u00fcnyan\u0131n En Berbat G\u00fcn\u00fc, okurlar\u0131 z\u0131t anlaml\u0131 kelimelerle e\u011flenceli bir oyuna davet ediyor. <\/p>\n","protected":false},"excerpt":{"rendered":"<p>Kahraman\u0131m\u0131z tam yedi ya\u015f\u0131na giriyor. Do\u011fum g\u00fcn\u00fcn\u00fc ailesi ve arkada\u015flar\u0131yla beraber kutlayacak. Evlerinin bah\u00e7esi reng\u00e2renk s\u00fcslenmi\u015f, her yer c\u0131v\u0131l c\u0131v\u0131l. Evet, kahraman\u0131m\u0131z kesinlikle \u201cberbat\u201d bir g\u00fcn<span class=\"excerpt-hellip\"> [\u2026]<\/span><\/p>\n","protected":false},"featured_media":0,"template":"","meta":{"_monsterinsights_skip_tracking":false,"_monsterinsights_sitenote_active":false,"_monsterinsights_sitenote_note":"","_monsterinsights_sitenote_category":0},"product_brand":[],"product_cat":[12913,12274],"product_tag":[],"class_list":{"0":"post-743216","1":"product","2":"type-product","3":"status-publish","5":"product_cat-3-6-yas-kitaplari","6":"product_cat-cocuk-ve-genclik-kitaplari","7":"pa_cilt-ciltsiz","8":"pa_tur-kitap","9":"pa_yayinevi-redhouse-kidz-yayinlari","10":"pa_yazar-nuri-kurucu","12":"first","13":"instock","14":"sale","15":"shipping-taxable","16":"purchasable","17":"product-type-simple"},"_links":{"self":[{"href":"https:\/\/roveyayinevi.com.tr\/index.php\/wp-json\/wp\/v2\/product\/743216","targetHints":{"allow":["GET"]}}],"collection":[{"href":"https:\/\/roveyayinevi.com.tr\/index.php\/wp-json\/wp\/v2\/product"}],"about":[{"href":"https:\/\/roveyayinevi.com.tr\/index.php\/wp-json\/wp\/v2\/types\/product"}],"wp:attachment":[{"href":"https:\/\/roveyayinevi.com.tr\/index.php\/wp-json\/wp\/v2\/media?parent=743216"}],"wp:term":[{"taxonomy":"product_brand","embeddable":true,"href":"https:\/\/roveyayinevi.com.tr\/index.php\/wp-json\/wp\/v2\/product_brand?post=743216"},{"taxonomy":"product_cat","embeddable":true,"href":"https:\/\/roveyayinevi.com.tr\/index.php\/wp-json\/wp\/v2\/product_cat?post=743216"},{"taxonomy":"product_tag","embeddable":true,"href":"https:\/\/roveyayinevi.com.tr\/index.php\/wp-json\/wp\/v2\/product_tag?post=743216"}],"curies":[{"name":"wp","href":"https:\/\/api.w.org\/{rel}","templated":true}]}}