{"id":743215,"date":"2025-08-28T01:30:01","date_gmt":"2025-08-27T22:30:01","guid":{"rendered":"https:\/\/roveyayinevi.com.tr\/index.php\/urun\/all-around-me-redhouse-learning-set-4\/"},"modified":"2026-04-16T02:54:37","modified_gmt":"2026-04-15T23:54:37","slug":"all-around-me-redhouse-learning-set-4","status":"publish","type":"product","link":"https:\/\/roveyayinevi.com.tr\/index.php\/urun\/all-around-me-redhouse-learning-set-4\/","title":{"rendered":"All Around Me \/ Redhouse Learning Set 4"},"content":{"rendered":"<p>Redhouse&#8217;un \u0130ngilizce \u00f6\u011frenen \u00e7ocuklar i\u00e7in haz\u0131rlad\u0131\u011f\u0131 Learning Set&#8217;e yepyeni bir kitap daha eklendi!   Serinin d\u00f6rd\u00fcnc\u00fc kitab\u0131 All Around Me ile \u00e7ocuklar sevimli kutup ay\u0131s\u0131 Polly e\u015fli\u011finde tura \u00e7\u0131k\u0131yor; \u00e7iftli\u011fi ziyaret ediyor, ormanda kamp yap\u0131yor, \u015fehirdeki ve kasabadaki mek\u00e2nlar\u0131 gezerek yeni kelimeler \u00f6\u011freniyor. Son hik\u00e2yede ise Polly, karde\u015fi Polo ile \u00e7evre sorunlar\u0131na dikkat \u00e7ekerek d\u00fcnyam\u0131z\u0131 korumak i\u00e7in neler yapabilece\u011fimizi anlat\u0131yor.   \u00c7ilem Artun&#8217;un kaleme ald\u0131\u011f\u0131, Ne\u015fe \u0130nan G\u00f6k&#8217;\u00fcn resimledi\u011fi All Around Me, her \u00f6yk\u00fcn\u00fcn sonunda bulunan okudu\u011funu anlama ve s\u00f6zc\u00fck bilgisi al\u0131\u015ft\u0131rmalar\u0131n\u0131n yan\u0131nda resimli s\u00f6zl\u00fc\u011f\u00fc ile \u00e7ocuklara \u00f6\u011frendiklerini e\u011flenceli bir \u015fekilde peki\u015ftirme f\u0131rsat\u0131 sunuyor.   Ba\u015flang\u0131\u00e7 seviyesindeki kitap, be\u015f farkl\u0131 hik\u00e2yeden olu\u015fuyor:   \u00b7         Polly and the Farm \u00b7         The Camping Trip \u00b7         Parts of My Town \u00b7         A Day in the City \u00b7         Earth Day, Every Day <\/p>\n","protected":false},"excerpt":{"rendered":"<p>Redhouse&#8217;un \u0130ngilizce \u00f6\u011frenen \u00e7ocuklar i\u00e7in haz\u0131rlad\u0131\u011f\u0131 Learning Set&#8217;e yepyeni bir kitap daha eklendi! Serinin d\u00f6rd\u00fcnc\u00fc kitab\u0131 All Around Me ile \u00e7ocuklar sevimli kutup ay\u0131s\u0131 Polly e\u015fli\u011finde<span class=\"excerpt-hellip\"> [\u2026]<\/span><\/p>\n","protected":false},"featured_media":0,"template":"","meta":{"_monsterinsights_skip_tracking":false,"_monsterinsights_sitenote_active":false,"_monsterinsights_sitenote_note":"","_monsterinsights_sitenote_category":0},"product_brand":[],"product_cat":[12274,15842],"product_tag":[],"class_list":{"0":"post-743215","1":"product","2":"type-product","3":"status-publish","5":"product_cat-cocuk-ve-genclik-kitaplari","6":"product_cat-egitici-kitaplar","7":"pa_cilt-ciltsiz","8":"pa_tur-kitap","9":"pa_yayinevi-redhouse-yayinlari","10":"pa_yazar-cilem-artun","12":"first","13":"instock","14":"sale","15":"shipping-taxable","16":"purchasable","17":"product-type-simple"},"_links":{"self":[{"href":"https:\/\/roveyayinevi.com.tr\/index.php\/wp-json\/wp\/v2\/product\/743215","targetHints":{"allow":["GET"]}}],"collection":[{"href":"https:\/\/roveyayinevi.com.tr\/index.php\/wp-json\/wp\/v2\/product"}],"about":[{"href":"https:\/\/roveyayinevi.com.tr\/index.php\/wp-json\/wp\/v2\/types\/product"}],"wp:attachment":[{"href":"https:\/\/roveyayinevi.com.tr\/index.php\/wp-json\/wp\/v2\/media?parent=743215"}],"wp:term":[{"taxonomy":"product_brand","embeddable":true,"href":"https:\/\/roveyayinevi.com.tr\/index.php\/wp-json\/wp\/v2\/product_brand?post=743215"},{"taxonomy":"product_cat","embeddable":true,"href":"https:\/\/roveyayinevi.com.tr\/index.php\/wp-json\/wp\/v2\/product_cat?post=743215"},{"taxonomy":"product_tag","embeddable":true,"href":"https:\/\/roveyayinevi.com.tr\/index.php\/wp-json\/wp\/v2\/product_tag?post=743215"}],"curies":[{"name":"wp","href":"https:\/\/api.w.org\/{rel}","templated":true}]}}