{"id":743214,"date":"2025-08-28T01:29:59","date_gmt":"2025-08-27T22:29:59","guid":{"rendered":"https:\/\/roveyayinevi.com.tr\/index.php\/urun\/siren-kralicesinin-kizi\/"},"modified":"2026-04-16T02:54:37","modified_gmt":"2026-04-15T23:54:37","slug":"siren-kralicesinin-kizi","status":"publish","type":"product","link":"https:\/\/roveyayinevi.com.tr\/index.php\/urun\/siren-kralicesinin-kizi\/","title":{"rendered":"Siren Krali\u00e7esinin K\u0131z\u0131"},"content":{"rendered":"<p>\u201cSEN BEN\u0130M KIZIMSIN,\u201d diye devam etti babam. \u201cTeslim ol, konu\u015fal\u0131m.\u201d   Teklif \u015fa\u015f\u0131rt\u0131c\u0131yd\u0131. Teslim olursak m\u00fcrettebat\u0131m\u0131 yava\u015f bir \u00f6l\u00fcmden ba\u015fka bir \u015feyin beklemedi\u011fini biliyordum. Babam\u0131n g\u00f6zleri akl\u0131ndan ge\u00e7enleri ortaya koyuyordu. Ama Tylon\u2019\u0131n gemisindeki herkesin \u00f6n\u00fcnde bu teklifi yapmas\u0131\u2026 Sonu\u00e7ta b\u00f6ylesi bir \u015fey zay\u0131fl\u0131k i\u015fareti olarak g\u00f6r\u00fclebilirdi. Babam\u0131n bana ve yeteneklerime bu kadar muhta\u00e7 oldu\u011funu yeni kavr\u0131yordum. Beni ele ge\u00e7irirse, istedi\u011fini yapmaya zorlayaca\u011f\u0131n\u0131 d\u00fc\u015f\u00fcn\u00fcyordu. Hen\u00fcz \u00f6ld\u00fcrmeye niyeti yoktu.   Ama bir daha babam\u0131n eline d\u00fc\u015fmeyecektim ve dahas\u0131 m\u00fcrettebat\u0131ma dokunmas\u0131na asla izin vermezdim.   Savunmaktansa sald\u0131r\u0131ya ge\u00e7. Bu babam\u0131n ilk derslerinden biriydi. D\u00fc\u015f\u00fcn\u00fcyormu\u015f gibi elimi a\u011fz\u0131ma g\u00f6t\u00fcr\u00fcp, \u201cNiridia,\u201d dedim sessizce. \u201cM\u00fcrettebata top at\u0131\u015f\u0131 emri ver.\u201d<\/p>\n","protected":false},"excerpt":{"rendered":"<p>\u201cSEN BEN\u0130M KIZIMSIN,\u201d diye devam etti babam. \u201cTeslim ol, konu\u015fal\u0131m.\u201d Teklif \u015fa\u015f\u0131rt\u0131c\u0131yd\u0131. Teslim olursak m\u00fcrettebat\u0131m\u0131 yava\u015f bir \u00f6l\u00fcmden ba\u015fka bir \u015feyin beklemedi\u011fini biliyordum. Babam\u0131n g\u00f6zleri akl\u0131ndan<span class=\"excerpt-hellip\"> [\u2026]<\/span><\/p>\n","protected":false},"featured_media":0,"template":"","meta":{"_monsterinsights_skip_tracking":false,"_monsterinsights_sitenote_active":false,"_monsterinsights_sitenote_note":"","_monsterinsights_sitenote_category":0},"product_brand":[],"product_cat":[12291,14777],"product_tag":[],"class_list":{"0":"post-743214","1":"product","2":"type-product","3":"status-publish","5":"product_cat-edebiyat","6":"product_cat-fantastik","7":"pa_cilt-ciltsiz","8":"pa_tur-kitap","9":"pa_yayinevi-marti-yayinlari","10":"pa_yazar-tricia-levenseller","12":"first","13":"instock","14":"sale","15":"shipping-taxable","16":"purchasable","17":"product-type-simple"},"_links":{"self":[{"href":"https:\/\/roveyayinevi.com.tr\/index.php\/wp-json\/wp\/v2\/product\/743214","targetHints":{"allow":["GET"]}}],"collection":[{"href":"https:\/\/roveyayinevi.com.tr\/index.php\/wp-json\/wp\/v2\/product"}],"about":[{"href":"https:\/\/roveyayinevi.com.tr\/index.php\/wp-json\/wp\/v2\/types\/product"}],"wp:attachment":[{"href":"https:\/\/roveyayinevi.com.tr\/index.php\/wp-json\/wp\/v2\/media?parent=743214"}],"wp:term":[{"taxonomy":"product_brand","embeddable":true,"href":"https:\/\/roveyayinevi.com.tr\/index.php\/wp-json\/wp\/v2\/product_brand?post=743214"},{"taxonomy":"product_cat","embeddable":true,"href":"https:\/\/roveyayinevi.com.tr\/index.php\/wp-json\/wp\/v2\/product_cat?post=743214"},{"taxonomy":"product_tag","embeddable":true,"href":"https:\/\/roveyayinevi.com.tr\/index.php\/wp-json\/wp\/v2\/product_tag?post=743214"}],"curies":[{"name":"wp","href":"https:\/\/api.w.org\/{rel}","templated":true}]}}