{"id":743213,"date":"2025-08-28T01:29:59","date_gmt":"2025-08-27T22:29:59","guid":{"rendered":"https:\/\/roveyayinevi.com.tr\/index.php\/urun\/gelecek-kaygisi-baglaminda-cocuk-egitimi-ve-guvenligi-ya-da-cahillige-yergi\/"},"modified":"2026-04-16T02:54:37","modified_gmt":"2026-04-15T23:54:37","slug":"gelecek-kaygisi-baglaminda-cocuk-egitimi-ve-guvenligi-ya-da-cahillige-yergi","status":"publish","type":"product","link":"https:\/\/roveyayinevi.com.tr\/index.php\/urun\/gelecek-kaygisi-baglaminda-cocuk-egitimi-ve-guvenligi-ya-da-cahillige-yergi\/","title":{"rendered":"Gelecek Kayg\u0131s\u0131 Ba\u011flam\u0131nda \u00c7ocuk E\u011fitimi ve G\u00fcvenli\u011fi ya da Cahilli\u011fe Yergi"},"content":{"rendered":"<p>B\u0130R\u0130NC\u0130 B\u00d6L\u00dcM \u00c7OCUK E\u011e\u0130T\u0130M\u0130NDE N\u0130TELK VE G\u00dcVENL\u0130K   \u0130K\u0130NC\u0130 B\u00d6L\u00dcM GELECEK \u0130N\u015eASINDA \u00c7OCUK E\u011e\u0130T\u0130M\u0130   \u00dc\u00c7\u00dcNC\u00dc B\u00d6L\u00dcM OKUL EMN\u0130YET\u0130 VE G\u00dcVENL\u0130\u011e\u0130   D\u00d6RD\u00dcNC\u00dc B\u00d6L\u00dcM E\u011e\u0130T\u0130M VE Z\u0130H\u0130N \u0130N\u015eASI   BE\u015e\u0130NC\u0130 B\u00d6L\u00dcM T\u00dcRKLERDE BEKA END\u0130\u015eES\u0130 VE E\u011e\u0130T\u0130M \u0130DEOLOJ\u0130S\u0130<\/p>\n","protected":false},"excerpt":{"rendered":"<p>B\u0130R\u0130NC\u0130 B\u00d6L\u00dcM \u00c7OCUK E\u011e\u0130T\u0130M\u0130NDE N\u0130TELK VE G\u00dcVENL\u0130K \u0130K\u0130NC\u0130 B\u00d6L\u00dcM GELECEK \u0130N\u015eASINDA \u00c7OCUK E\u011e\u0130T\u0130M\u0130 \u00dc\u00c7\u00dcNC\u00dc B\u00d6L\u00dcM OKUL EMN\u0130YET\u0130 VE G\u00dcVENL\u0130\u011e\u0130 D\u00d6RD\u00dcNC\u00dc B\u00d6L\u00dcM E\u011e\u0130T\u0130M VE Z\u0130H\u0130N \u0130N\u015eASI BE\u015e\u0130NC\u0130<span class=\"excerpt-hellip\"> [\u2026]<\/span><\/p>\n","protected":false},"featured_media":0,"template":"","meta":{"_monsterinsights_skip_tracking":false,"_monsterinsights_sitenote_active":false,"_monsterinsights_sitenote_note":"","_monsterinsights_sitenote_category":0},"product_brand":[],"product_cat":[12573,12566],"product_tag":[],"class_list":{"0":"post-743213","1":"product","2":"type-product","3":"status-publish","5":"product_cat-akademik-kitaplar","6":"product_cat-egitim","7":"pa_cilt-ciltsiz","8":"pa_tur-kitap","9":"pa_yayinevi-gazi-kitabevi","10":"pa_yazar-menderes-alpkutlu","12":"first","13":"instock","14":"sale","15":"shipping-taxable","16":"purchasable","17":"product-type-simple"},"_links":{"self":[{"href":"https:\/\/roveyayinevi.com.tr\/index.php\/wp-json\/wp\/v2\/product\/743213","targetHints":{"allow":["GET"]}}],"collection":[{"href":"https:\/\/roveyayinevi.com.tr\/index.php\/wp-json\/wp\/v2\/product"}],"about":[{"href":"https:\/\/roveyayinevi.com.tr\/index.php\/wp-json\/wp\/v2\/types\/product"}],"wp:attachment":[{"href":"https:\/\/roveyayinevi.com.tr\/index.php\/wp-json\/wp\/v2\/media?parent=743213"}],"wp:term":[{"taxonomy":"product_brand","embeddable":true,"href":"https:\/\/roveyayinevi.com.tr\/index.php\/wp-json\/wp\/v2\/product_brand?post=743213"},{"taxonomy":"product_cat","embeddable":true,"href":"https:\/\/roveyayinevi.com.tr\/index.php\/wp-json\/wp\/v2\/product_cat?post=743213"},{"taxonomy":"product_tag","embeddable":true,"href":"https:\/\/roveyayinevi.com.tr\/index.php\/wp-json\/wp\/v2\/product_tag?post=743213"}],"curies":[{"name":"wp","href":"https:\/\/api.w.org\/{rel}","templated":true}]}}