{"id":743212,"date":"2025-08-28T01:29:57","date_gmt":"2025-08-27T22:29:57","guid":{"rendered":"https:\/\/roveyayinevi.com.tr\/index.php\/urun\/horimiya-horisan-ile-miyamurakun-4-cilt\/"},"modified":"2026-04-16T02:54:37","modified_gmt":"2026-04-15T23:54:37","slug":"horimiya-horisan-ile-miyamurakun-4-cilt","status":"publish","type":"product","link":"https:\/\/roveyayinevi.com.tr\/index.php\/urun\/horimiya-horisan-ile-miyamurakun-4-cilt\/","title":{"rendered":"Horimiya Horisan ile Miyamurakun 4. Cilt"},"content":{"rendered":"<p>Horisan ile Miyamurakun\u2019un etkileyici hik\u00e2yesi devam ediyor!     Ate\u015fler i\u00e7inde yatan Hori\u2019nin ba\u015fucunda, \u201cSenden ho\u015flan\u0131yorum\u201d diye f\u0131s\u0131ldayan Miyamura, kendi kendine mi konu\u015fuyordu yoksa asl\u0131nda Hori\u2019ye olan hislerini itiraf m\u0131 etmi\u015fti? Hori teredd\u00fctte, Miyamura\u2019n\u0131n a\u011fz\u0131ndan \u00e7\u0131kan s\u00f6zc\u00fckleri nas\u0131l yorumlayaca\u011f\u0131na bir t\u00fcrl\u00fc karar veremiyor. Ne var ki aralar\u0131ndaki gizemlerle dolu ili\u015fki hi\u00e7 \u015f\u00fcphe yok ki yava\u015f yava\u015f de\u011fi\u015fmekte.   Okul hayat\u0131, arkada\u015fl\u0131klar ve kendini ke\u015ffetme hakk\u0131nda ilham verici hik\u00e2yesiyle Horimiya sizi etkisi alt\u0131na alacak! <\/p>\n","protected":false},"excerpt":{"rendered":"<p>Horisan ile Miyamurakun\u2019un etkileyici hik\u00e2yesi devam ediyor! Ate\u015fler i\u00e7inde yatan Hori\u2019nin ba\u015fucunda, \u201cSenden ho\u015flan\u0131yorum\u201d diye f\u0131s\u0131ldayan Miyamura, kendi kendine mi konu\u015fuyordu yoksa asl\u0131nda Hori\u2019ye olan hislerini<span class=\"excerpt-hellip\"> [\u2026]<\/span><\/p>\n","protected":false},"featured_media":0,"template":"","meta":{"_monsterinsights_skip_tracking":false,"_monsterinsights_sitenote_active":false,"_monsterinsights_sitenote_note":"","_monsterinsights_sitenote_category":0},"product_brand":[],"product_cat":[12416,12291],"product_tag":[],"class_list":{"0":"post-743212","1":"product","2":"type-product","3":"status-publish","5":"product_cat-cizgi-roman","6":"product_cat-edebiyat","7":"pa_cilt-ciltsiz","8":"pa_tur-kitap","9":"pa_yayinevi-akil-celen-kitaplar","10":"pa_yazar-hero","12":"first","13":"instock","14":"sale","15":"shipping-taxable","16":"purchasable","17":"product-type-simple"},"_links":{"self":[{"href":"https:\/\/roveyayinevi.com.tr\/index.php\/wp-json\/wp\/v2\/product\/743212","targetHints":{"allow":["GET"]}}],"collection":[{"href":"https:\/\/roveyayinevi.com.tr\/index.php\/wp-json\/wp\/v2\/product"}],"about":[{"href":"https:\/\/roveyayinevi.com.tr\/index.php\/wp-json\/wp\/v2\/types\/product"}],"wp:attachment":[{"href":"https:\/\/roveyayinevi.com.tr\/index.php\/wp-json\/wp\/v2\/media?parent=743212"}],"wp:term":[{"taxonomy":"product_brand","embeddable":true,"href":"https:\/\/roveyayinevi.com.tr\/index.php\/wp-json\/wp\/v2\/product_brand?post=743212"},{"taxonomy":"product_cat","embeddable":true,"href":"https:\/\/roveyayinevi.com.tr\/index.php\/wp-json\/wp\/v2\/product_cat?post=743212"},{"taxonomy":"product_tag","embeddable":true,"href":"https:\/\/roveyayinevi.com.tr\/index.php\/wp-json\/wp\/v2\/product_tag?post=743212"}],"curies":[{"name":"wp","href":"https:\/\/api.w.org\/{rel}","templated":true}]}}