{"id":743208,"date":"2025-08-28T01:29:52","date_gmt":"2025-08-27T22:29:52","guid":{"rendered":"https:\/\/roveyayinevi.com.tr\/index.php\/urun\/patriyarka-ve-kapitalizm\/"},"modified":"2026-04-16T02:54:37","modified_gmt":"2026-04-15T23:54:37","slug":"patriyarka-ve-kapitalizm","status":"publish","type":"product","link":"https:\/\/roveyayinevi.com.tr\/index.php\/urun\/patriyarka-ve-kapitalizm\/","title":{"rendered":"Patriyarka ve Kapitalizm"},"content":{"rendered":"<p>Kad\u0131nlar\u0131n aile yap\u0131s\u0131n\u0131n neredeyse evrensel bir par\u00e7as\u0131 olan annelikleri, b\u00fct\u00fcn toplumlarda bildi\u011fimiz \u015fekliyle toplumsal cinsiyetin \u00f6rg\u00fctlenmesine ve de\u011fer bi\u00e7ilmesine belirli \u00f6zellikler kazand\u0131rm\u0131\u015ft\u0131r, ebeveynlik d\u00fczenlemeleri kadar toplumsal cinsiyet sistemimiz de bize kapitalizm \u00f6ncesi ge\u00e7mi\u015fimizden miras kalm\u0131\u015ft\u0131r. Ayn\u0131 zamanda toplumsal cinsiyetin \u00f6rg\u00fctlenmesinin ve de\u011ferlendirilmesinin belli \u00f6zellikleri kendi toplumumuzda da \u00f6nem kazanm\u0131\u015ft\u0131r. Ya\u015fad\u0131\u011f\u0131m\u0131z \u015fekliyle toplumsal cinsiyetin d\u00fczenlenmesi ve erkek egemenli\u011fi tarihin \u00fcr\u00fcnleridir ve bunlar\u0131n tarihsel olarak anla\u015f\u0131lmas\u0131 gerekir. Kad\u0131nlar\u0131n annelikleri kad\u0131nlar\u0131n hayatlar\u0131n\u0131n ve aile \u00f6rg\u00fctlenmesinin temelini olu\u015fturmaya devam etmektedir ve kad\u0131nlara dair ideoloji bu temelden do\u011fmu\u015ftur.  Ancak end\u00fcstriyel kapitalizmin geli\u015fimi bunu de\u011fi\u015ftirmi\u015f, kad\u0131nlar\u0131n anneli\u011fine ve erkek egemenli\u011fine \u00f6zel anlamlar y\u00fcklemi\u015f, bunlar\u0131n \u00f6nemlerini kendilerine \u00f6zg\u00fc yollarla art\u0131rm\u0131\u015ft\u0131r. Ayn\u0131 bask\u0131lar, duygulan\u0131mlar\u0131n ve ba\u011flanman\u0131n ink\u00e2r\u0131, kad\u0131nlar\u0131n ve di\u015fil \u015feylerin d\u00fcnyas\u0131n\u0131n reddi, erkeklerin d\u00fcnyas\u0131n\u0131n sahiplenilmesi, idealize edilmi\u015f evde olmayan babayla \u00f6zde\u015fle\u015fme -hepsi de kad\u0131nlar\u0131n anneli\u011finin \u00fcr\u00fcn\u00fc- toplumsal cinsiyet sistemi i\u00e7inde erilli\u011fi ve erkek egemenli\u011fini yarat\u0131r ve ayn\u0131 zamanda erkekleri kapitalist i\u015f d\u00fcnyas\u0131n\u0131n kat\u0131l\u0131mc\u0131lar\u0131 olarak var eder. Dolay\u0131s\u0131yla, aile yap\u0131s\u0131n\u0131n ve erkek egemenli\u011finin temelini olu\u015fturan kad\u0131nlar\u0131n anneli\u011fiyle kapitalizmin yeniden \u00fcretimi aras\u0131nda i\u00e7sel bir ba\u011flant\u0131 geli\u015fmi\u015ftir. Ancak cinsel e\u015fitsizlik, toplumsal cinsiyetin \u00f6rg\u00fctlenmesine ve kapitalizmin yeniden \u00fcretilmesine katk\u0131da bulunurken, bir yandan da kapitalizmdeki son geli\u015fmelerin bir ba\u015fka sonucuyla, annelerin artan i\u015fg\u00fcc\u00fcne kat\u0131l\u0131m\u0131yla derin bir \u00e7eli\u015fki i\u00e7indedir. Bu \u00e7eli\u015fkinin nas\u0131l \u00e7\u00f6z\u00fclece\u011fini \u00f6ng\u00f6remiyoruz. Tarihin, ideolojinin ve kad\u0131nlara i\u015f g\u00fcc\u00fc i\u00e7inde uzun s\u00fcreler boyunca ihtiya\u00e7 duyduklar\u0131 i\u00e7in alternatif \u00e7ocuk bak\u0131m\u0131 d\u00fczenlemeleri yapan \u00fclkelerin incelenmesi, ebeveynli\u011fin yeniden d\u00fczenlenmesini merkezi bir siyasi hedef haline getirmedi\u011fimiz s\u00fcrece kad\u0131nlar\u0131n h\u00e2l\u00e2 \u00e7ocuk bak\u0131m\u0131ndan sorumlu olacaklar\u0131n\u0131 i\u015faret etmektedir.   Nancy Chodorow <\/p>\n","protected":false},"excerpt":{"rendered":"<p>Kad\u0131nlar\u0131n aile yap\u0131s\u0131n\u0131n neredeyse evrensel bir par\u00e7as\u0131 olan annelikleri, b\u00fct\u00fcn toplumlarda bildi\u011fimiz \u015fekliyle toplumsal cinsiyetin \u00f6rg\u00fctlenmesine ve de\u011fer bi\u00e7ilmesine belirli \u00f6zellikler kazand\u0131rm\u0131\u015ft\u0131r, ebeveynlik d\u00fczenlemeleri kadar toplumsal<span class=\"excerpt-hellip\"> [\u2026]<\/span><\/p>\n","protected":false},"featured_media":0,"template":"","meta":{"_monsterinsights_skip_tracking":false,"_monsterinsights_sitenote_active":false,"_monsterinsights_sitenote_note":"","_monsterinsights_sitenote_category":0},"product_brand":[],"product_cat":[12325,12324],"product_tag":[],"class_list":{"0":"post-743208","1":"product","2":"type-product","3":"status-publish","5":"product_cat-diger-sosyoloji","6":"product_cat-sosyoloji","7":"pa_cilt-ciltsiz","8":"pa_tur-kitap","9":"pa_yayinevi-kalkedon-yayincilik","10":"pa_yazar-kolektif","12":"first","13":"instock","14":"sale","15":"shipping-taxable","16":"purchasable","17":"product-type-simple"},"_links":{"self":[{"href":"https:\/\/roveyayinevi.com.tr\/index.php\/wp-json\/wp\/v2\/product\/743208","targetHints":{"allow":["GET"]}}],"collection":[{"href":"https:\/\/roveyayinevi.com.tr\/index.php\/wp-json\/wp\/v2\/product"}],"about":[{"href":"https:\/\/roveyayinevi.com.tr\/index.php\/wp-json\/wp\/v2\/types\/product"}],"wp:attachment":[{"href":"https:\/\/roveyayinevi.com.tr\/index.php\/wp-json\/wp\/v2\/media?parent=743208"}],"wp:term":[{"taxonomy":"product_brand","embeddable":true,"href":"https:\/\/roveyayinevi.com.tr\/index.php\/wp-json\/wp\/v2\/product_brand?post=743208"},{"taxonomy":"product_cat","embeddable":true,"href":"https:\/\/roveyayinevi.com.tr\/index.php\/wp-json\/wp\/v2\/product_cat?post=743208"},{"taxonomy":"product_tag","embeddable":true,"href":"https:\/\/roveyayinevi.com.tr\/index.php\/wp-json\/wp\/v2\/product_tag?post=743208"}],"curies":[{"name":"wp","href":"https:\/\/api.w.org\/{rel}","templated":true}]}}