{"id":743207,"date":"2025-08-28T01:29:51","date_gmt":"2025-08-27T22:29:51","guid":{"rendered":"https:\/\/roveyayinevi.com.tr\/index.php\/urun\/anilarim-3\/"},"modified":"2026-04-16T02:54:37","modified_gmt":"2026-04-15T23:54:37","slug":"anilarim-3","status":"publish","type":"product","link":"https:\/\/roveyayinevi.com.tr\/index.php\/urun\/anilarim-3\/","title":{"rendered":"An\u0131lar\u0131m"},"content":{"rendered":"<p>Bu elinizdeki an\u0131lar, b\u00fcy\u00fck k\u0131sm\u0131 itibar\u0131 ile meslek hayat\u0131mda ya\u015fad\u0131klar\u0131m\u0131n bir k\u0131sm\u0131d\u0131r. Bir insan\u0131n meslek hayat\u0131 66 y\u0131l s\u00fcrer ve ya\u015f\u0131 da 90\u2019a var\u0131rsa, \u00e7ok fazla an\u0131 biriktirmesi do\u011fald\u0131r. 66 y\u0131lda 16 farkl\u0131 \u00fcniversitede g\u00f6rev yapt\u0131m. 66 y\u0131l i\u00e7ine, tam zamanl\u0131 olarak, birisi yabanc\u0131, ikisi vak\u0131f olmak 7 \u00fcniversite s\u0131\u011fd\u0131rd\u0131m. Bunlar s\u0131ras\u0131 ile \u0130stanbul \u00dcniversitesi, Orta Do\u011fu Teknik \u00dcniversitesi, Cezayir \u00dcniversitesi, Ankara \u0130ktisadi ve Ticari \u0130limler Akademisi (Mu\u011fla), Marmara \u00dcniversitesi, Yeditepe \u00dcniversitesi, \u00d6zye\u011fin \u00dcniversitesi\u2019dir. Yar\u0131 zamanl\u0131 olarak ders verdi\u011fim \u00fcniversitelere gelince: FAS, Rabat ENA (Ulusal \u0130darecilik Okulu), Bordeaux \u00dcniversitesi, Nice \u00dcniversitesi, Rennes \u00dcniversitesi, Grenoble \u00dcniversitesi, Toulouse \u00dcniversitesi, Lyon \u00dcniversitesi, Kadir Has \u00dcniversitesi, \u0130stanbul Ticaret \u00dcniversitesi olmak \u00fczere 9 \u00fcniversitede g\u00f6rev yapt\u0131m. \u0130\u015fte elinizdeki bu an\u0131lar oralardan biriktirdiklerimdir.                                                    M. Ya\u015far G\u00fcrb\u00fcz <\/p>\n","protected":false},"excerpt":{"rendered":"<p>Bu elinizdeki an\u0131lar, b\u00fcy\u00fck k\u0131sm\u0131 itibar\u0131 ile meslek hayat\u0131mda ya\u015fad\u0131klar\u0131m\u0131n bir k\u0131sm\u0131d\u0131r. Bir insan\u0131n meslek hayat\u0131 66 y\u0131l s\u00fcrer ve ya\u015f\u0131 da 90\u2019a var\u0131rsa, \u00e7ok fazla<span class=\"excerpt-hellip\"> [\u2026]<\/span><\/p>\n","protected":false},"featured_media":0,"template":"","meta":{"_monsterinsights_skip_tracking":false,"_monsterinsights_sitenote_active":false,"_monsterinsights_sitenote_note":"","_monsterinsights_sitenote_category":0},"product_brand":[],"product_cat":[13701,12291],"product_tag":[],"class_list":{"0":"post-743207","1":"product","2":"type-product","3":"status-publish","5":"product_cat-ani-mektup-gunluk","6":"product_cat-edebiyat","7":"pa_cilt-ciltsiz","8":"pa_tur-kitap","9":"pa_yayinevi-kalkedon-yayincilik","10":"pa_yazar-m-yasar-gurbuz","12":"first","13":"instock","14":"sale","15":"shipping-taxable","16":"purchasable","17":"product-type-simple"},"_links":{"self":[{"href":"https:\/\/roveyayinevi.com.tr\/index.php\/wp-json\/wp\/v2\/product\/743207","targetHints":{"allow":["GET"]}}],"collection":[{"href":"https:\/\/roveyayinevi.com.tr\/index.php\/wp-json\/wp\/v2\/product"}],"about":[{"href":"https:\/\/roveyayinevi.com.tr\/index.php\/wp-json\/wp\/v2\/types\/product"}],"wp:attachment":[{"href":"https:\/\/roveyayinevi.com.tr\/index.php\/wp-json\/wp\/v2\/media?parent=743207"}],"wp:term":[{"taxonomy":"product_brand","embeddable":true,"href":"https:\/\/roveyayinevi.com.tr\/index.php\/wp-json\/wp\/v2\/product_brand?post=743207"},{"taxonomy":"product_cat","embeddable":true,"href":"https:\/\/roveyayinevi.com.tr\/index.php\/wp-json\/wp\/v2\/product_cat?post=743207"},{"taxonomy":"product_tag","embeddable":true,"href":"https:\/\/roveyayinevi.com.tr\/index.php\/wp-json\/wp\/v2\/product_tag?post=743207"}],"curies":[{"name":"wp","href":"https:\/\/api.w.org\/{rel}","templated":true}]}}