{"id":743206,"date":"2025-08-28T01:29:50","date_gmt":"2025-08-27T22:29:50","guid":{"rendered":"https:\/\/roveyayinevi.com.tr\/index.php\/urun\/laik-egitim-mucadelemiz\/"},"modified":"2026-04-16T02:54:37","modified_gmt":"2026-04-15T23:54:37","slug":"laik-egitim-mucadelemiz","status":"publish","type":"product","link":"https:\/\/roveyayinevi.com.tr\/index.php\/urun\/laik-egitim-mucadelemiz\/","title":{"rendered":"Laik E\u011fitim M\u00fccadelemiz"},"content":{"rendered":"<p>AKP\u2019nin iktidar oldu\u011fu son 20 y\u0131lda laik, bilimsel ve kamusal e\u011fitime yap\u0131lan sald\u0131r\u0131lar\u0131n Cumhuriyetin temellerini sarsacak boyutta oldu\u011fu bir d\u00f6neme tan\u0131kl\u0131k etmekteyiz. Bu s\u00fcre\u00e7te \u00f6zellikle t\u00fcm d\u00fcnyada 1990\u2019lardan sonra h\u0131z kazanan neoliberal d\u00f6n\u00fc\u015f\u00fcm ve buna e\u015flik eden neomuhafazakar politikalar etkili olmakla birlikte T\u00fcrkiye\u2019de iktidara egemen olan \u0130slamc\u0131 hegemonyan\u0131n kendine \u00f6zg\u00fc politikalar\u0131 belirleyici olmu\u015ftur. Neoliberal d\u00f6n\u00fc\u015f\u00fcm\u00fcn e\u011fitime yans\u0131malar\u0131 e\u011fitimde piyasala\u015fma ve \u00f6zelle\u015fme s\u00fcre\u00e7leri olarak ortaya \u00e7\u0131km\u0131\u015f, neomuhafazakar d\u00f6n\u00fc\u015f\u00fcm\u00fcn e\u011fitime yans\u0131malar\u0131 ise m\u00fcfredat\u0131n dinselle\u015fmesi, dini cemaat ve vak\u0131flar\u0131n devlet okullar\u0131nda yay\u0131n da\u011f\u0131tmas\u0131 ve e\u011fitim etkinlikleri ger\u00e7ekle\u015ftirmesinin yollar\u0131n\u0131n a\u00e7\u0131lmas\u0131, \u0130mam Hatip Liseleri\u2019nin toplumun ihtiya\u00e7lar\u0131 g\u00f6zetilmeksizin say\u0131lar\u0131n\u0131n art\u0131r\u0131lmas\u0131 gibi s\u00fcre\u00e7lerle ger\u00e7ekle\u015fmi\u015f sonu\u00e7ta kamusal, nitelikli, bilimsel ve laik e\u011fitim Cumhuriyetin hi\u00e7bir d\u00f6neminde olmad\u0131\u011f\u0131 kadar a\u015f\u0131nm\u0131\u015ft\u0131r. CHP Ankara Milletvekili Y\u0131ld\u0131r\u0131m Kaya taraf\u0131ndan kaleme al\u0131nan \u201cLaik E\u011fitim M\u00fccadelemiz\u201d adl\u0131 bu kitap 2018 y\u0131l\u0131ndan bu yana Kaya\u2019n\u0131n yukar\u0131da s\u00f6z etti\u011fimiz s\u00fcre\u00e7lerle ilgili olarak yapt\u0131\u011f\u0131 a\u00e7\u0131klamalar\u0131, \u00e7e\u015fitli panel ve toplant\u0131larda yapt\u0131\u011f\u0131 konu\u015fmalar\u0131, Meclis \u00f6nergelerini kapsayan kapsaml\u0131 bir \u00e7al\u0131\u015fma niteli\u011fi ta\u015f\u0131makta, e\u011fitim \u00e7ok y\u00f6nl\u00fc sorunlar\u0131na dikkat \u00e7ekmekle kalmay\u0131p, ayn\u0131 zamanda ne yap\u0131lmas\u0131 gerekti\u011fine ili\u015fkin politika ve \u00f6nerileri de kapsamaktad\u0131r.  Prof. Dr. Meral Uysal <\/p>\n","protected":false},"excerpt":{"rendered":"<p>AKP\u2019nin iktidar oldu\u011fu son 20 y\u0131lda laik, bilimsel ve kamusal e\u011fitime yap\u0131lan sald\u0131r\u0131lar\u0131n Cumhuriyetin temellerini sarsacak boyutta oldu\u011fu bir d\u00f6neme tan\u0131kl\u0131k etmekteyiz. Bu s\u00fcre\u00e7te \u00f6zellikle t\u00fcm<span class=\"excerpt-hellip\"> [\u2026]<\/span><\/p>\n","protected":false},"featured_media":0,"template":"","meta":{"_monsterinsights_skip_tracking":false,"_monsterinsights_sitenote_active":false,"_monsterinsights_sitenote_note":"","_monsterinsights_sitenote_category":0},"product_brand":[],"product_cat":[12304,13650],"product_tag":[],"class_list":{"0":"post-743206","1":"product","2":"type-product","3":"status-publish","5":"product_cat-tarih","6":"product_cat-turk-tarihi-arastirmalari","7":"pa_cilt-ciltsiz","8":"pa_tur-kitap","9":"pa_yayinevi-kalkedon-yayincilik","10":"pa_yazar-yildirim-kaya","12":"first","13":"instock","14":"sale","15":"shipping-taxable","16":"purchasable","17":"product-type-simple"},"_links":{"self":[{"href":"https:\/\/roveyayinevi.com.tr\/index.php\/wp-json\/wp\/v2\/product\/743206","targetHints":{"allow":["GET"]}}],"collection":[{"href":"https:\/\/roveyayinevi.com.tr\/index.php\/wp-json\/wp\/v2\/product"}],"about":[{"href":"https:\/\/roveyayinevi.com.tr\/index.php\/wp-json\/wp\/v2\/types\/product"}],"wp:attachment":[{"href":"https:\/\/roveyayinevi.com.tr\/index.php\/wp-json\/wp\/v2\/media?parent=743206"}],"wp:term":[{"taxonomy":"product_brand","embeddable":true,"href":"https:\/\/roveyayinevi.com.tr\/index.php\/wp-json\/wp\/v2\/product_brand?post=743206"},{"taxonomy":"product_cat","embeddable":true,"href":"https:\/\/roveyayinevi.com.tr\/index.php\/wp-json\/wp\/v2\/product_cat?post=743206"},{"taxonomy":"product_tag","embeddable":true,"href":"https:\/\/roveyayinevi.com.tr\/index.php\/wp-json\/wp\/v2\/product_tag?post=743206"}],"curies":[{"name":"wp","href":"https:\/\/api.w.org\/{rel}","templated":true}]}}