{"id":743205,"date":"2025-08-28T01:29:48","date_gmt":"2025-08-27T22:29:48","guid":{"rendered":"https:\/\/roveyayinevi.com.tr\/index.php\/urun\/gelenekten-gelecege-anadolu-irfani\/"},"modified":"2026-04-16T02:54:37","modified_gmt":"2026-04-15T23:54:37","slug":"gelenekten-gelecege-anadolu-irfani","status":"publish","type":"product","link":"https:\/\/roveyayinevi.com.tr\/index.php\/urun\/gelenekten-gelecege-anadolu-irfani\/","title":{"rendered":"Gelenekten Gelece\u011fe Anadolu \u0130rfan\u0131"},"content":{"rendered":"<p>Nas\u0131l ki insan\u0131n an\u0131lar\u0131 varsa y\u00f6relerin de an\u0131lar\u0131 vard\u0131r. Y\u00f6relerin an\u0131lar\u0131 deyince gelenek, g\u00f6renekler, insan ili\u015fkileri ve dilden dile dola\u015fan ya\u015fanm\u0131\u015fl\u0131klar akla gelir. Ki\u015fili\u011fin olu\u015fmas\u0131nda an\u0131lar nas\u0131l b\u00fcy\u00fck bir yer tutuyorsa, bir y\u00f6redeki toplumun an\u0131lar\u0131 da sosyal karakteristi\u011fin belirlenmesinde o kadar \u00f6nem ta\u015f\u0131maktad\u0131r.   Elbistanl\u0131 yazar \u015fair Mehmet G\u00d6Z\u00dcKARA bu ger\u00e7ekten yola \u00e7\u0131karak Elbistan ve \u00e7evresinde ya\u015fanm\u0131\u015f mizah\u0131 an\u0131lar\u0131 bir araya getirmi\u015ftir. Kitab\u0131 okurken sanki g\u00f6k kubbede ho\u015f seda b\u0131rakm\u0131\u015f o insanlarla bir arada sohbet ediyor ve onlarla bazen h\u00fcz\u00fcnlenip bazen g\u00fcl\u00fcyoruz. Ayn\u0131 zamanda g\u00fcl\u00fcnen olaylar ve s\u00f6zlere bakarak ge\u00e7mi\u015ftekilerin hayat tarz\u0131, hayata bak\u0131\u015f a\u00e7\u0131c\u0131 ve k\u00fclt\u00fcrel iklimini de \u00f6\u011frenmi\u015f oluyoruz.   Ar\u0131 duru bir T\u00fcrk\u00e7eyle yaz\u0131lm\u0131\u015f deneme t\u00fcr\u00fcnde bu kitap size ge\u00e7mi\u015fteki ya\u015fanm\u0131\u015fl\u0131kla ilgili mizah ziyafeti sunmaktad\u0131r. Her mizahi hikaye sonras\u0131nda \u015fair onu \u00e7ok g\u00fczel halk \u015fiiriyle ta\u00e7land\u0131rm\u0131\u015ft\u0131r.   G\u00fcle g\u00fcle okuman\u0131z dile\u011fiyle   Durdu G\u00dcNE\u015e <\/p>\n","protected":false},"excerpt":{"rendered":"<p>Nas\u0131l ki insan\u0131n an\u0131lar\u0131 varsa y\u00f6relerin de an\u0131lar\u0131 vard\u0131r. Y\u00f6relerin an\u0131lar\u0131 deyince gelenek, g\u00f6renekler, insan ili\u015fkileri ve dilden dile dola\u015fan ya\u015fanm\u0131\u015fl\u0131klar akla gelir. Ki\u015fili\u011fin olu\u015fmas\u0131nda an\u0131lar<span class=\"excerpt-hellip\"> [\u2026]<\/span><\/p>\n","protected":false},"featured_media":0,"template":"","meta":{"_monsterinsights_skip_tracking":false,"_monsterinsights_sitenote_active":false,"_monsterinsights_sitenote_note":"","_monsterinsights_sitenote_category":0},"product_brand":[],"product_cat":[12777,12291],"product_tag":[],"class_list":{"0":"post-743205","1":"product","2":"type-product","3":"status-publish","5":"product_cat-deneme","6":"product_cat-edebiyat","7":"pa_cilt-ciltsiz","8":"pa_tur-kitap","9":"pa_yayinevi-gulnar-yayinlari","10":"pa_yazar-mehmet-gozukara","12":"first","13":"instock","14":"sale","15":"shipping-taxable","16":"purchasable","17":"product-type-simple"},"_links":{"self":[{"href":"https:\/\/roveyayinevi.com.tr\/index.php\/wp-json\/wp\/v2\/product\/743205","targetHints":{"allow":["GET"]}}],"collection":[{"href":"https:\/\/roveyayinevi.com.tr\/index.php\/wp-json\/wp\/v2\/product"}],"about":[{"href":"https:\/\/roveyayinevi.com.tr\/index.php\/wp-json\/wp\/v2\/types\/product"}],"wp:attachment":[{"href":"https:\/\/roveyayinevi.com.tr\/index.php\/wp-json\/wp\/v2\/media?parent=743205"}],"wp:term":[{"taxonomy":"product_brand","embeddable":true,"href":"https:\/\/roveyayinevi.com.tr\/index.php\/wp-json\/wp\/v2\/product_brand?post=743205"},{"taxonomy":"product_cat","embeddable":true,"href":"https:\/\/roveyayinevi.com.tr\/index.php\/wp-json\/wp\/v2\/product_cat?post=743205"},{"taxonomy":"product_tag","embeddable":true,"href":"https:\/\/roveyayinevi.com.tr\/index.php\/wp-json\/wp\/v2\/product_tag?post=743205"}],"curies":[{"name":"wp","href":"https:\/\/api.w.org\/{rel}","templated":true}]}}