{"id":743204,"date":"2025-08-28T01:29:47","date_gmt":"2025-08-27T22:29:47","guid":{"rendered":"https:\/\/roveyayinevi.com.tr\/index.php\/urun\/saraydan-kiz-kacirma\/"},"modified":"2026-04-16T02:54:37","modified_gmt":"2026-04-15T23:54:37","slug":"saraydan-kiz-kacirma","status":"publish","type":"product","link":"https:\/\/roveyayinevi.com.tr\/index.php\/urun\/saraydan-kiz-kacirma\/","title":{"rendered":"Saraydan K\u0131z Ka\u00e7\u0131rma"},"content":{"rendered":"<p>\u201cSEL\u0130M PA\u015eA Onun \u0131st\u0131rab\u0131, g\u00f6zya\u015flar\u0131, sapasa\u011flam ayakta kal\u0131\u015f\u0131 Anbean daha da b\u00fcy\u00fcl\u00fcyor kalbimi A\u015fk\u0131 gittik\u00e7e daha da cezbediyor beni. Hah! Kim b\u00f6yle bir kalbe kar\u015f\u0131 zor kullanmak ister? Hay\u0131r Konstanze, hay\u0131r! Selim\u2019in de bir kalbi var, Selim de bilir a\u015fk\u0131!\u201d Saraydan K\u0131z Ka\u00e7\u0131rma, repertuvar operalar\u0131 dikkate al\u0131nacak olursa, Wolfgang Amadeus Mozart\u2019\u0131n iki Almanca operas\u0131ndan biridir. Eserin librettosu, Christian Friedrich Bretzner\u2019in yazm\u0131\u015f oldu\u011fu bir librettodan esinlenilerek Gottlieb Stephani taraf\u0131ndan kaleme al\u0131nm\u0131\u015ft\u0131r. 1782 y\u0131l\u0131nda, bestecisi hen\u00fcz yirmi alt\u0131 ya\u015f\u0131ndayken yaz\u0131lan ve yine ayn\u0131 y\u0131l Viyana\u2019da ilk defa sahnelenen eser, bizzat Mozart taraf\u0131ndan \u201cSingspiel\u201d yani \u015fark\u0131l\u0131 oyun olarak tan\u0131mlanm\u0131\u015ft\u0131r. Mozart bu eserini alla Turca modas\u0131 etkisiyle \u00fcretmi\u015ftir. Antonio Vivaldi\u2019nin Bayezid operas\u0131 ile Gioacchino Rossini\u2019nin \u0130talya\u2019da Bir T\u00fcrk ve II. Mehmet operalar\u0131 bu modan\u0131n en me\u015fhur \u00f6rneklerindendir. Ne var ki Mozart\u2019\u0131n ortaya koydu\u011fu yakla\u015f\u0131m sadece alla Turca modas\u0131yla a\u00e7\u0131klanamaz. Zira besteci bu eserinde alla Turca\u2019n\u0131n klasik oryantalist bak\u0131\u015f\u0131n\u0131n \u00f6tesinde bir yakla\u015f\u0131m ortaya koymu\u015ftur. Selim Pa\u015fa\u2019n\u0131n saray\u0131nda ge\u00e7en bir firar hik\u00e2yesini resmeden Saraydan K\u0131z Ka\u00e7\u0131rma okura a\u015fk, intikam ve merhamet hakk\u0131nda \u00e7arp\u0131c\u0131 sahneler ve \u015fa\u015f\u0131rt\u0131c\u0131 bir final vadediyor. <\/p>\n","protected":false},"excerpt":{"rendered":"<p>\u201cSEL\u0130M PA\u015eA Onun \u0131st\u0131rab\u0131, g\u00f6zya\u015flar\u0131, sapasa\u011flam ayakta kal\u0131\u015f\u0131 Anbean daha da b\u00fcy\u00fcl\u00fcyor kalbimi A\u015fk\u0131 gittik\u00e7e daha da cezbediyor beni. Hah! Kim b\u00f6yle bir kalbe kar\u015f\u0131 zor<span class=\"excerpt-hellip\"> [\u2026]<\/span><\/p>\n","protected":false},"featured_media":0,"template":"","meta":{"_monsterinsights_skip_tracking":false,"_monsterinsights_sitenote_active":false,"_monsterinsights_sitenote_note":"","_monsterinsights_sitenote_category":0},"product_brand":[],"product_cat":[44608,12408],"product_tag":[],"class_list":{"0":"post-743204","1":"product","2":"type-product","3":"status-publish","5":"product_cat-diger-sanat","6":"product_cat-sanat","7":"pa_cilt-ciltsiz","8":"pa_tur-kitap","9":"pa_yayinevi-vakifbank-kultur-yayinlari","10":"pa_yazar-w-a-mozart","12":"first","13":"instock","14":"sale","15":"shipping-taxable","16":"purchasable","17":"product-type-simple"},"_links":{"self":[{"href":"https:\/\/roveyayinevi.com.tr\/index.php\/wp-json\/wp\/v2\/product\/743204","targetHints":{"allow":["GET"]}}],"collection":[{"href":"https:\/\/roveyayinevi.com.tr\/index.php\/wp-json\/wp\/v2\/product"}],"about":[{"href":"https:\/\/roveyayinevi.com.tr\/index.php\/wp-json\/wp\/v2\/types\/product"}],"wp:attachment":[{"href":"https:\/\/roveyayinevi.com.tr\/index.php\/wp-json\/wp\/v2\/media?parent=743204"}],"wp:term":[{"taxonomy":"product_brand","embeddable":true,"href":"https:\/\/roveyayinevi.com.tr\/index.php\/wp-json\/wp\/v2\/product_brand?post=743204"},{"taxonomy":"product_cat","embeddable":true,"href":"https:\/\/roveyayinevi.com.tr\/index.php\/wp-json\/wp\/v2\/product_cat?post=743204"},{"taxonomy":"product_tag","embeddable":true,"href":"https:\/\/roveyayinevi.com.tr\/index.php\/wp-json\/wp\/v2\/product_tag?post=743204"}],"curies":[{"name":"wp","href":"https:\/\/api.w.org\/{rel}","templated":true}]}}