{"id":743202,"date":"2025-08-28T01:29:46","date_gmt":"2025-08-27T22:29:46","guid":{"rendered":"https:\/\/roveyayinevi.com.tr\/index.php\/urun\/100-mutlu-gun\/"},"modified":"2026-04-16T02:54:37","modified_gmt":"2026-04-15T23:54:37","slug":"100-mutlu-gun","status":"publish","type":"product","link":"https:\/\/roveyayinevi.com.tr\/index.php\/urun\/100-mutlu-gun\/","title":{"rendered":"100 Mutlu G\u00fcn"},"content":{"rendered":"<p>\u015eu anda bulundu\u011fumuz boyut ve zaman hologram\u0131n\u0131 bizzat kendimizin \u015fekillendirdi\u011fini anlad\u0131\u011f\u0131m\u0131z g\u00fcn; &#8220;\u00f6teki, beriki, di\u011feri, ba\u015fkas\u0131&#8221; gibi kavramlar\u0131n yan\u0131lsamadan ibaret oldu\u011funun fark\u0131na vard\u0131\u011f\u0131m\u0131z g\u00fcn; taml\u0131\u011fa, b\u00fct\u00fcnl\u00fc\u011fe gidecek yollar\u0131n sonsuz say\u0131da ve \u015fekilde olabilece\u011fini fark edip, herkese ve her var olu\u015f \u015fekline sayg\u0131 duydu\u011fumuz g\u00fcn, kendimizi ger\u00e7ekten sevmeye ba\u015flar\u0131z. \u0130nsan, kendini ger\u00e7ekten sevmenin tad\u0131na vard\u0131\u011f\u0131nda, her an\u0131n en \u00f6zel an, her zerrenin en kutsal tanr\u0131 oldu\u011fu ger\u00e7e\u011fini g\u00f6r\u00fcr.   Kendini seven insan, mutlak do\u011fru, mutlak yol, mutlak sevginin; tek bir do\u011fru, tek bir yol, tek bir varl\u0131ktan ge\u00e7medi\u011fini, i\u00e7 i\u00e7e ge\u00e7mi\u015f sonsuz olas\u0131l\u0131klarla b\u00fct\u00fcn \u201col\u201du\u015flar\u0131n som sevgiden olu\u015ftu\u011funu anlar. Sonsuz olas\u0131l\u0131klar i\u00e7inden kar\u015f\u0131n\u0131za \u00e7\u0131kan bu kitab\u0131n i\u00e7inizdeki sevgiyi uyand\u0131rmas\u0131 dile\u011fiyle&#8230; <\/p>\n","protected":false},"excerpt":{"rendered":"<p>\u015eu anda bulundu\u011fumuz boyut ve zaman hologram\u0131n\u0131 bizzat kendimizin \u015fekillendirdi\u011fini anlad\u0131\u011f\u0131m\u0131z g\u00fcn; &#8220;\u00f6teki, beriki, di\u011feri, ba\u015fkas\u0131&#8221; gibi kavramlar\u0131n yan\u0131lsamadan ibaret oldu\u011funun fark\u0131na vard\u0131\u011f\u0131m\u0131z g\u00fcn; taml\u0131\u011fa, b\u00fct\u00fcnl\u00fc\u011fe<span class=\"excerpt-hellip\"> [\u2026]<\/span><\/p>\n","protected":false},"featured_media":0,"template":"","meta":{"_monsterinsights_skip_tracking":false,"_monsterinsights_sitenote_active":false,"_monsterinsights_sitenote_note":"","_monsterinsights_sitenote_category":0},"product_brand":[],"product_cat":[12364,12376],"product_tag":[],"class_list":{"0":"post-743202","1":"product","2":"type-product","3":"status-publish","5":"product_cat-genel-konular","6":"product_cat-kisisel-gelisim","7":"pa_cilt-ciltsiz","8":"pa_tur-kitap","9":"pa_yayinevi-yeni-insan-yayinlari","10":"pa_yazar-yasemin-yildirim","12":"first","13":"instock","14":"sale","15":"shipping-taxable","16":"purchasable","17":"product-type-simple"},"_links":{"self":[{"href":"https:\/\/roveyayinevi.com.tr\/index.php\/wp-json\/wp\/v2\/product\/743202","targetHints":{"allow":["GET"]}}],"collection":[{"href":"https:\/\/roveyayinevi.com.tr\/index.php\/wp-json\/wp\/v2\/product"}],"about":[{"href":"https:\/\/roveyayinevi.com.tr\/index.php\/wp-json\/wp\/v2\/types\/product"}],"wp:attachment":[{"href":"https:\/\/roveyayinevi.com.tr\/index.php\/wp-json\/wp\/v2\/media?parent=743202"}],"wp:term":[{"taxonomy":"product_brand","embeddable":true,"href":"https:\/\/roveyayinevi.com.tr\/index.php\/wp-json\/wp\/v2\/product_brand?post=743202"},{"taxonomy":"product_cat","embeddable":true,"href":"https:\/\/roveyayinevi.com.tr\/index.php\/wp-json\/wp\/v2\/product_cat?post=743202"},{"taxonomy":"product_tag","embeddable":true,"href":"https:\/\/roveyayinevi.com.tr\/index.php\/wp-json\/wp\/v2\/product_tag?post=743202"}],"curies":[{"name":"wp","href":"https:\/\/api.w.org\/{rel}","templated":true}]}}