{"id":743199,"date":"2025-08-28T01:29:41","date_gmt":"2025-08-27T22:29:41","guid":{"rendered":"https:\/\/roveyayinevi.com.tr\/index.php\/urun\/gunesin-kizi\/"},"modified":"2026-04-16T02:54:36","modified_gmt":"2026-04-15T23:54:36","slug":"gunesin-kizi","status":"publish","type":"product","link":"https:\/\/roveyayinevi.com.tr\/index.php\/urun\/gunesin-kizi\/","title":{"rendered":"G\u00fcne\u015fin K\u0131z\u0131"},"content":{"rendered":"<p>Sadece g\u00fcne\u015fe d\u00f6nd\u00fcr y\u00fcz\u00fcn\u00fc g\u00fcn ba\u015flarken; her g\u00fcn yeniden do\u011fmana bak, ad\u0131mlar\u0131n senin y\u00fcr\u00fcnen yolunsa, ard\u0131na bakmadan y\u00fcr\u00fc hep ileri&#8230; * Do\u011fu\u015f; insan, hayat, tabiat, evren, y\u00f6r\u00fcnge, d\u00fcnya, gece ve de g\u00fcnd\u00fcz, co\u011frafyalar\u2026 Her insan kendi co\u011frafyas\u0131n\u0131n dil, din ve iklimini \u00f6\u011frenir. Sonra ilk basamak ba\u015flar yol y\u00fcr\u00fcmek i\u00e7in. \u0130\u015fte bir insan\u0131n o ad\u0131mlar\u0131, onu nereye ta\u015f\u0131r, nereye indirir? Hayat\u0131n bize sunduklar\u0131ndan ka\u00e7amay\u0131z; ya\u015fanacaksa ya\u015fan\u0131r, hep d\u00f6rt d\u00f6rtl\u00fck de\u011fildir. \u00d6n\u00fcm\u00fczde ya\u015fanacak hayat bizlere sunulurken, her insan kendi yolunu \u00e7izer. * \u201cE\u011filmez ba\u015f\u0131m\u201d e\u011fmedim; e\u011fdirmedim de\u2026 * \u00d6l\u00fcm? * \u00d6l\u00fcm nedir, ya\u015farken hi\u00e7 siz \u00f6ld\u00fcr\u00fcld\u00fcn\u00fcz m\u00fc? \u00d6l\u00fcm\u00fcn so\u011fuk y\u00fcz\u00fcn\u00fc tadanlardan\u0131m. Hem de hi\u00e7 hak etmedi\u011finiz h\u00e2ldeyken, gelir k\u00f6r kur\u015fun sekmesi gibi sizin hayat\u0131n\u0131z\u0131 vurur\u2026 G\u00f6r\u00fcnmeyen bir kazaya kurban gidenim, onun ac\u0131s\u0131n\u0131 diri diri ya\u015fayarak en iyi bilenim\u2026 \u00d6l\u00fcm, \u00f6lmek de\u011fildir, as\u0131l olan, sizi \u00f6ld\u00fcrenlere sitem edersiniz\u2026  <\/p>\n","protected":false},"excerpt":{"rendered":"<p>Sadece g\u00fcne\u015fe d\u00f6nd\u00fcr y\u00fcz\u00fcn\u00fc g\u00fcn ba\u015flarken; her g\u00fcn yeniden do\u011fmana bak, ad\u0131mlar\u0131n senin y\u00fcr\u00fcnen yolunsa, ard\u0131na bakmadan y\u00fcr\u00fc hep ileri&#8230; * Do\u011fu\u015f; insan, hayat, tabiat, evren,<span class=\"excerpt-hellip\"> [\u2026]<\/span><\/p>\n","protected":false},"featured_media":0,"template":"","meta":{"_monsterinsights_skip_tracking":false,"_monsterinsights_sitenote_active":false,"_monsterinsights_sitenote_note":"","_monsterinsights_sitenote_category":0},"product_brand":[],"product_cat":[12291,12711],"product_tag":[],"class_list":{"0":"post-743199","1":"product","2":"type-product","3":"status-publish","5":"product_cat-edebiyat","6":"product_cat-roman-oyku","7":"pa_cilt-ciltsiz","8":"pa_tur-kitap","9":"pa_yayinevi-karina-yayinevi","10":"pa_yazar-donus-korkmaz","12":"first","13":"instock","14":"sale","15":"shipping-taxable","16":"purchasable","17":"product-type-simple"},"_links":{"self":[{"href":"https:\/\/roveyayinevi.com.tr\/index.php\/wp-json\/wp\/v2\/product\/743199","targetHints":{"allow":["GET"]}}],"collection":[{"href":"https:\/\/roveyayinevi.com.tr\/index.php\/wp-json\/wp\/v2\/product"}],"about":[{"href":"https:\/\/roveyayinevi.com.tr\/index.php\/wp-json\/wp\/v2\/types\/product"}],"wp:attachment":[{"href":"https:\/\/roveyayinevi.com.tr\/index.php\/wp-json\/wp\/v2\/media?parent=743199"}],"wp:term":[{"taxonomy":"product_brand","embeddable":true,"href":"https:\/\/roveyayinevi.com.tr\/index.php\/wp-json\/wp\/v2\/product_brand?post=743199"},{"taxonomy":"product_cat","embeddable":true,"href":"https:\/\/roveyayinevi.com.tr\/index.php\/wp-json\/wp\/v2\/product_cat?post=743199"},{"taxonomy":"product_tag","embeddable":true,"href":"https:\/\/roveyayinevi.com.tr\/index.php\/wp-json\/wp\/v2\/product_tag?post=743199"}],"curies":[{"name":"wp","href":"https:\/\/api.w.org\/{rel}","templated":true}]}}