{"id":743198,"date":"2025-08-28T01:29:40","date_gmt":"2025-08-27T22:29:40","guid":{"rendered":"https:\/\/roveyayinevi.com.tr\/index.php\/urun\/delicoban\/"},"modified":"2026-04-08T03:03:15","modified_gmt":"2026-04-08T00:03:15","slug":"delicoban","status":"publish","type":"product","link":"https:\/\/roveyayinevi.com.tr\/index.php\/urun\/delicoban\/","title":{"rendered":"Deli\u00e7oban"},"content":{"rendered":"<p>Eline \u0130skandinav mitolojisinde tanr\u0131 Thor&#8217;un kutsal \u00e7ekici Mj\u00f6llnir&#8217;i alan yazar s\u0131ras\u0131yla demokrasi, e\u011fitim, din, milliyet\u00e7ilik, hukuk, h\u0131rs\u0131zl\u0131k, kom\u00fcnizm, zenginlik, bilim, kad\u0131nlar ve tanr\u0131 hakk\u0131nda, \u00e7ekiciyle vura vura, sert bir \u00fcslupla yarg\u0131 da\u011f\u0131t\u0131yor. \u0130\u00e7inde bulundu\u011fumuz y\u00fczy\u0131lda art\u0131k felsefenin bilimin u\u015fa\u011f\u0131 oldu\u011funu s\u00f6yleyen yazar bilimle ve do\u011fayla bar\u0131\u015f\u0131k bir felsef\u00ee eser ortaya koymu\u015f. Son derece orijinal fikirler bar\u0131nd\u0131ran eser, felsefe \u00e2lemine pek \u00e7ok yeni kavram sunuyor. Diyalog \u015feklinde yaz\u0131lm\u0131\u015f olan bu kitap, yukar\u0131da sayd\u0131\u011f\u0131m\u0131z on bir konu hakk\u0131nda okuyucuyu d\u00fc\u015f\u00fcnmeye sevk ediyor.    <\/p>\n","protected":false},"excerpt":{"rendered":"<p>Eline \u0130skandinav mitolojisinde tanr\u0131 Thor&#8217;un kutsal \u00e7ekici Mj\u00f6llnir&#8217;i alan yazar s\u0131ras\u0131yla demokrasi, e\u011fitim, din, milliyet\u00e7ilik, hukuk, h\u0131rs\u0131zl\u0131k, kom\u00fcnizm, zenginlik, bilim, kad\u0131nlar ve tanr\u0131 hakk\u0131nda, \u00e7ekiciyle vura<span class=\"excerpt-hellip\"> [\u2026]<\/span><\/p>\n","protected":false},"featured_media":0,"template":"","meta":{"_monsterinsights_skip_tracking":false,"_monsterinsights_sitenote_active":false,"_monsterinsights_sitenote_note":"","_monsterinsights_sitenote_category":0},"product_brand":[],"product_cat":[12291,12711],"product_tag":[],"class_list":{"0":"post-743198","1":"product","2":"type-product","3":"status-publish","5":"product_cat-edebiyat","6":"product_cat-roman-oyku","7":"pa_cilt-ciltsiz","8":"pa_tur-kitap","9":"pa_yayinevi-karina-yayinevi","10":"pa_yazar-saltuk-bugra-karakaya","12":"first","13":"instock","14":"sale","15":"shipping-taxable","16":"purchasable","17":"product-type-simple"},"_links":{"self":[{"href":"https:\/\/roveyayinevi.com.tr\/index.php\/wp-json\/wp\/v2\/product\/743198","targetHints":{"allow":["GET"]}}],"collection":[{"href":"https:\/\/roveyayinevi.com.tr\/index.php\/wp-json\/wp\/v2\/product"}],"about":[{"href":"https:\/\/roveyayinevi.com.tr\/index.php\/wp-json\/wp\/v2\/types\/product"}],"wp:attachment":[{"href":"https:\/\/roveyayinevi.com.tr\/index.php\/wp-json\/wp\/v2\/media?parent=743198"}],"wp:term":[{"taxonomy":"product_brand","embeddable":true,"href":"https:\/\/roveyayinevi.com.tr\/index.php\/wp-json\/wp\/v2\/product_brand?post=743198"},{"taxonomy":"product_cat","embeddable":true,"href":"https:\/\/roveyayinevi.com.tr\/index.php\/wp-json\/wp\/v2\/product_cat?post=743198"},{"taxonomy":"product_tag","embeddable":true,"href":"https:\/\/roveyayinevi.com.tr\/index.php\/wp-json\/wp\/v2\/product_tag?post=743198"}],"curies":[{"name":"wp","href":"https:\/\/api.w.org\/{rel}","templated":true}]}}