{"id":743197,"date":"2025-08-28T01:29:38","date_gmt":"2025-08-27T22:29:38","guid":{"rendered":"https:\/\/roveyayinevi.com.tr\/index.php\/urun\/adaletin-bu-mu-dunya\/"},"modified":"2026-04-16T02:54:36","modified_gmt":"2026-04-15T23:54:36","slug":"adaletin-bu-mu-dunya","status":"publish","type":"product","link":"https:\/\/roveyayinevi.com.tr\/index.php\/urun\/adaletin-bu-mu-dunya\/","title":{"rendered":"Adaletin Bu Mu D\u00fcnya?"},"content":{"rendered":"<p>&#8220;Bu kitap, demokratik, laik, hukuk devletini yeniden olu\u015fturma s\u00fcrecinde ge\u00e7mi\u015fin de b\u00fct\u00fcn boyutlar\u0131yla bilinmesinin uygulamac\u0131lar\u0131n daha rasyonel \u00e7\u00f6z\u00fcmlere y\u00f6nelmesine yard\u0131mc\u0131 olaca\u011f\u0131 d\u00fc\u015f\u00fcncesi ve yazman\u0131n topluma kar\u015f\u0131 bir bor\u00e7 oldu\u011funun bilinciyle kaleme al\u0131nm\u0131\u015ft\u0131r. \u0130nsana ula\u015fman\u0131n ve ger\u00e7ekleri sergilemenin en kolay yolu \u00f6yk\u00fc anlatmakt\u0131r. Bu kitapta yarg\u0131n\u0131n eskimi\u015f portreleri ve \u00f6yk\u00fcleri \u00fczerinde bug\u00fcnk\u00fc \u00e7\u00fcr\u00fcmenin izlerini bulacaks\u0131n\u0131z.&#8221; <\/p>\n","protected":false},"excerpt":{"rendered":"<p>&#8220;Bu kitap, demokratik, laik, hukuk devletini yeniden olu\u015fturma s\u00fcrecinde ge\u00e7mi\u015fin de b\u00fct\u00fcn boyutlar\u0131yla bilinmesinin uygulamac\u0131lar\u0131n daha rasyonel \u00e7\u00f6z\u00fcmlere y\u00f6nelmesine yard\u0131mc\u0131 olaca\u011f\u0131 d\u00fc\u015f\u00fcncesi ve yazman\u0131n topluma kar\u015f\u0131<span class=\"excerpt-hellip\"> [\u2026]<\/span><\/p>\n","protected":false},"featured_media":0,"template":"","meta":{"_monsterinsights_skip_tracking":false,"_monsterinsights_sitenote_active":false,"_monsterinsights_sitenote_note":"","_monsterinsights_sitenote_category":0},"product_brand":[],"product_cat":[13701,12291],"product_tag":[],"class_list":{"0":"post-743197","1":"product","2":"type-product","3":"status-publish","5":"product_cat-ani-mektup-gunluk","6":"product_cat-edebiyat","7":"pa_cilt-ciltsiz","8":"pa_tur-kitap","9":"pa_yayinevi-karina-yayinevi","10":"pa_yazar-zekeriya-sevimli","12":"first","13":"instock","14":"sale","15":"shipping-taxable","16":"purchasable","17":"product-type-simple"},"_links":{"self":[{"href":"https:\/\/roveyayinevi.com.tr\/index.php\/wp-json\/wp\/v2\/product\/743197","targetHints":{"allow":["GET"]}}],"collection":[{"href":"https:\/\/roveyayinevi.com.tr\/index.php\/wp-json\/wp\/v2\/product"}],"about":[{"href":"https:\/\/roveyayinevi.com.tr\/index.php\/wp-json\/wp\/v2\/types\/product"}],"wp:attachment":[{"href":"https:\/\/roveyayinevi.com.tr\/index.php\/wp-json\/wp\/v2\/media?parent=743197"}],"wp:term":[{"taxonomy":"product_brand","embeddable":true,"href":"https:\/\/roveyayinevi.com.tr\/index.php\/wp-json\/wp\/v2\/product_brand?post=743197"},{"taxonomy":"product_cat","embeddable":true,"href":"https:\/\/roveyayinevi.com.tr\/index.php\/wp-json\/wp\/v2\/product_cat?post=743197"},{"taxonomy":"product_tag","embeddable":true,"href":"https:\/\/roveyayinevi.com.tr\/index.php\/wp-json\/wp\/v2\/product_tag?post=743197"}],"curies":[{"name":"wp","href":"https:\/\/api.w.org\/{rel}","templated":true}]}}