{"id":743195,"date":"2025-08-28T01:29:36","date_gmt":"2025-08-27T22:29:36","guid":{"rendered":"https:\/\/roveyayinevi.com.tr\/index.php\/urun\/bir-yaraticilik-imkani-olarak-kaos\/"},"modified":"2026-04-16T02:54:36","modified_gmt":"2026-04-15T23:54:36","slug":"bir-yaraticilik-imkani-olarak-kaos","status":"publish","type":"product","link":"https:\/\/roveyayinevi.com.tr\/index.php\/urun\/bir-yaraticilik-imkani-olarak-kaos\/","title":{"rendered":"Bir Yarat\u0131c\u0131l\u0131k \u0130mk\u00e2n\u0131 Olarak Kaos"},"content":{"rendered":"<p>\u00d6mer Faruk bu \u201cy\u00fcksek ate\u015f\u201dli denemesinde T\u00fcrk\u00e7e de\u011fil Baltaca d\u00fc\u015f\u00fcnmeyi deniyor. \u0130\u00e7inde ya\u015fad\u0131\u011f\u0131m\u0131z \u201cbir araya geli\u015flerin\u201d t\u00fcm\u00fcn\u00fcn \u201ckan\u201da ve \u201ckriz\u201de kay\u0131tl\u0131 oldu\u011funu belirterek bu s\u00f6ylemin d\u0131\u015far\u0131s\u0131na \u00e7\u0131kmak i\u00e7in sak\u0131n\u0131ms\u0131z ama \u00f6zenilmi\u015f bir hamle yap\u0131yor.   \u00d6ncelikle insanl\u0131k tarihinin karakterini belirlemi\u015f olan iki kavrama, \u201ckaos\u201d ile \u201cd\u00fczen\u201de dikkat \u00e7ekiyor. Ve i\u00e7eri\u011fi \u201cd\u00fczen\u201d taraf\u0131ndan belirlenen \u201ckaos\u201da hi\u00e7 teredd\u00fct etmeden arka \u00e7\u0131k\u0131yor. \u00c7\u00fcnk\u00fc kaos \u201cd\u00fcnyaya ait olma\u201d d\u00fczen ise bir \u201cdevlete ve d\u00fczenli orduya ait olma\u201d pratikleri \u00fczerinden i\u00e7erik edinmi\u015ftir. \u201cD\u00fcnyadan vazge\u00e7me karar\u0131\u201dna ise \u201ca\u015fa\u011f\u0131 \u0131rk&amp;t\u00fcr k\u00fc\u00e7\u00fcmsemesi\u201d ve \u201c\u00f6teki korkusu\u201d e\u015flik etmi\u015f ve kriz s\u00fcreklilik kazanm\u0131\u015ft\u0131r. \u201cS\u00fcrekli kriz\u201d ise d\u00fcnyan\u0131n yeni normali olan \u201cayn\u0131n\u0131n cehennemi\u201d ya da \u201chomojen biz\u201de evrilmi\u015ftir.    Tesviyeden ge\u00e7mi\u015f \u201ckopya\u201d ya\u015fant\u0131lar\u0131n \u201chayat\u201d olarak tekrarlanmas\u0131na katlanamayanlar\u0131 ise \u201c\u00f6ng\u00f6r\u00fclemez ve ele ge\u00e7irilemez\u201d olmaya davet ediyor yazar. \u00c7\u00fcnk\u00fc bir tek \u201cs\u0131r\u201d edinerek, \u201cs\u0131r\u201dl\u0131 olarak, \u201cs\u0131r\u201dl\u0131 kalarak kendimize kat\u0131labilece\u011fimizi belirtiyor. Bu \u00f6neriyi dikkate alarak kendisine kat\u0131lan her \u201cs\u0131r\u201dl\u0131 ki\u015fi ise ba\u015fl\u0131 ba\u015f\u0131na bir kaos merkezidir ve mevcut t\u00fcm d\u00fczen mekanizmalar\u0131n\u0131n \u00e7\u0131ld\u0131rma nedenidir.   Yan\u0131 s\u0131ra \u201cahlak\u0131n yasay\u0131 yasan\u0131n da ahlak\u0131 ele ge\u00e7irdi\u011fi\u201d se\u00e7ilmi\u015f tek adam rejimlerinin hem arka plan bilgisini dikkate alan hem de d\u0131\u015far\u0131s\u0131na \u00e7\u0131k\u0131lmas\u0131na zemin haz\u0131rlayan bir perspektif olu\u015fturmay\u0131 da deniyor.        Bu c\u00fcretk\u00e2r denemeyi \u201cayn\u0131n\u0131n cehennemi\u201d ya da \u201chomojen biz\u201dde \u201cs\u0131r\u2019s\u0131z\u201d olarak ya\u015fayanlara \u00f6nermiyoruz. \u00c7\u00fcnk\u00fc bir tek \u201cs\u0131r\u201dl\u0131 olman\u0131n hazz\u0131n\u0131 ve zorluklar\u0131n\u0131 se\u00e7enlerin ho\u015flanaca\u011f\u0131 bir kitap Bir Yarat\u0131c\u0131l\u0131k \u0130mk\u00e2n\u0131 Olarak Kaos.   \u201cKafka, g\u00fcnl\u00fcklerinde, \u2018Yazar\u0131n g\u00f6revi depremleri kay\u0131t etmektir,\u2019 der. B\u00f6yle bir kayd\u0131n d\u00fc\u015f\u00fcnce d\u00fcnyam\u0131zdaki ilk \u00f6rne\u011fi \u00d6mer Faruk taraf\u0131ndan ba\u015flat\u0131lm\u0131\u015f oluyor. Okurlara, bir yandan Antroposen \u00c7a\u011f\u0131\u2019n\u0131n \u00f6zelliklerini \u00f6te yandan da Antik Yunan\u2019dan beri Bat\u0131 k\u00fclt\u00fcr\u00fcndeki d\u00fc\u015f\u00fcnsel kayg\u0131lar\u0131 yepyeni bir \u00fcslupla dile getiren bu kitab\u0131 \u2018dinleyerek\u2019 hayatlar\u0131na katmalar\u0131n\u0131 ve \u2018kendilerini da\u011f\u0131tmalar\u0131n\u0131\u2019 hi\u00e7 teredd\u00fct etmeden tavsiye ediyorum.\u201d Nami Ba\u015fer   \u201cSize s\u00f6yl\u00fcyorum: insan i\u00e7inde kaos bar\u0131nd\u0131rmal\u0131 ki, dans eden bir y\u0131ld\u0131z do\u011furabilsin. Size s\u00f6yl\u00fcyorum: i\u00e7inizde h\u00e2l\u00e2 kaos var!\u201d Friedrich Nietzsche<\/p>\n","protected":false},"excerpt":{"rendered":"<p>\u00d6mer Faruk bu \u201cy\u00fcksek ate\u015f\u201dli denemesinde T\u00fcrk\u00e7e de\u011fil Baltaca d\u00fc\u015f\u00fcnmeyi deniyor. \u0130\u00e7inde ya\u015fad\u0131\u011f\u0131m\u0131z \u201cbir araya geli\u015flerin\u201d t\u00fcm\u00fcn\u00fcn \u201ckan\u201da ve \u201ckriz\u201de kay\u0131tl\u0131 oldu\u011funu belirterek bu s\u00f6ylemin d\u0131\u015far\u0131s\u0131na<span class=\"excerpt-hellip\"> [\u2026]<\/span><\/p>\n","protected":false},"featured_media":0,"template":"","meta":{"_monsterinsights_skip_tracking":false,"_monsterinsights_sitenote_active":false,"_monsterinsights_sitenote_note":"","_monsterinsights_sitenote_category":0},"product_brand":[],"product_cat":[12777,12291],"product_tag":[],"class_list":{"0":"post-743195","1":"product","2":"type-product","3":"status-publish","5":"product_cat-deneme","6":"product_cat-edebiyat","7":"pa_cilt-ciltsiz","8":"pa_tur-kitap","9":"pa_yayinevi-yeni-insan-yayinlari","10":"pa_yazar-omer-faruk","12":"first","13":"instock","14":"sale","15":"shipping-taxable","16":"purchasable","17":"product-type-simple"},"_links":{"self":[{"href":"https:\/\/roveyayinevi.com.tr\/index.php\/wp-json\/wp\/v2\/product\/743195","targetHints":{"allow":["GET"]}}],"collection":[{"href":"https:\/\/roveyayinevi.com.tr\/index.php\/wp-json\/wp\/v2\/product"}],"about":[{"href":"https:\/\/roveyayinevi.com.tr\/index.php\/wp-json\/wp\/v2\/types\/product"}],"wp:attachment":[{"href":"https:\/\/roveyayinevi.com.tr\/index.php\/wp-json\/wp\/v2\/media?parent=743195"}],"wp:term":[{"taxonomy":"product_brand","embeddable":true,"href":"https:\/\/roveyayinevi.com.tr\/index.php\/wp-json\/wp\/v2\/product_brand?post=743195"},{"taxonomy":"product_cat","embeddable":true,"href":"https:\/\/roveyayinevi.com.tr\/index.php\/wp-json\/wp\/v2\/product_cat?post=743195"},{"taxonomy":"product_tag","embeddable":true,"href":"https:\/\/roveyayinevi.com.tr\/index.php\/wp-json\/wp\/v2\/product_tag?post=743195"}],"curies":[{"name":"wp","href":"https:\/\/api.w.org\/{rel}","templated":true}]}}