{"id":743194,"date":"2025-08-28T01:29:35","date_gmt":"2025-08-27T22:29:35","guid":{"rendered":"https:\/\/roveyayinevi.com.tr\/index.php\/urun\/matematik-seven-antipatik-komsu\/"},"modified":"2026-04-16T02:54:36","modified_gmt":"2026-04-15T23:54:36","slug":"matematik-seven-antipatik-komsu","status":"publish","type":"product","link":"https:\/\/roveyayinevi.com.tr\/index.php\/urun\/matematik-seven-antipatik-komsu\/","title":{"rendered":"Matematik Seven Antipatik Kom\u015fu"},"content":{"rendered":"<p>Matematik Seven ANT\u0130PAT\u0130K Kom\u015fu Theo matemati\u011fi hi\u00e7 sevmez, ad\u0131 ge\u00e7ti\u011finde bile \u00fcrperirdi. Theo\u2019nun matematik seven antipatik kom\u015fusu Quete, onun asl\u0131nda matematikten korktu\u011funu anlad\u0131. Theo\u2019ya gizemli bir kitaptan s\u00f6z etti, Matematik\u00e7i Bilgenin El Kitab\u0131\u2019ndan. Quete bu kitab\u0131 Theo\u2019ya verebilirdi ancak \u00f6nce bir testi ge\u00e7mesi gerekiyordu. Sonunda Theo teste girmeye ve matematikle y\u00fczle\u015fmeye karar verdi. <\/p>\n","protected":false},"excerpt":{"rendered":"<p>Matematik Seven ANT\u0130PAT\u0130K Kom\u015fu Theo matemati\u011fi hi\u00e7 sevmez, ad\u0131 ge\u00e7ti\u011finde bile \u00fcrperirdi. Theo\u2019nun matematik seven antipatik kom\u015fusu Quete, onun asl\u0131nda matematikten korktu\u011funu anlad\u0131. Theo\u2019ya gizemli bir<span class=\"excerpt-hellip\"> [\u2026]<\/span><\/p>\n","protected":false},"featured_media":0,"template":"","meta":{"_monsterinsights_skip_tracking":false,"_monsterinsights_sitenote_active":false,"_monsterinsights_sitenote_note":"","_monsterinsights_sitenote_category":0},"product_brand":[],"product_cat":[12689,12274],"product_tag":[],"class_list":{"0":"post-743194","1":"product","2":"type-product","3":"status-publish","5":"product_cat-cizgi-roman-cocuk-ve-genclik-kitaplari","6":"product_cat-cocuk-ve-genclik-kitaplari","7":"pa_cilt-ciltsiz","8":"pa_tur-kitap","9":"pa_yayinevi-beyaz-balina-yayinlari","10":"pa_yazar-eliana-martins","12":"first","13":"instock","14":"sale","15":"shipping-taxable","16":"purchasable","17":"product-type-simple"},"_links":{"self":[{"href":"https:\/\/roveyayinevi.com.tr\/index.php\/wp-json\/wp\/v2\/product\/743194","targetHints":{"allow":["GET"]}}],"collection":[{"href":"https:\/\/roveyayinevi.com.tr\/index.php\/wp-json\/wp\/v2\/product"}],"about":[{"href":"https:\/\/roveyayinevi.com.tr\/index.php\/wp-json\/wp\/v2\/types\/product"}],"wp:attachment":[{"href":"https:\/\/roveyayinevi.com.tr\/index.php\/wp-json\/wp\/v2\/media?parent=743194"}],"wp:term":[{"taxonomy":"product_brand","embeddable":true,"href":"https:\/\/roveyayinevi.com.tr\/index.php\/wp-json\/wp\/v2\/product_brand?post=743194"},{"taxonomy":"product_cat","embeddable":true,"href":"https:\/\/roveyayinevi.com.tr\/index.php\/wp-json\/wp\/v2\/product_cat?post=743194"},{"taxonomy":"product_tag","embeddable":true,"href":"https:\/\/roveyayinevi.com.tr\/index.php\/wp-json\/wp\/v2\/product_tag?post=743194"}],"curies":[{"name":"wp","href":"https:\/\/api.w.org\/{rel}","templated":true}]}}