{"id":743193,"date":"2025-08-28T01:29:34","date_gmt":"2025-08-27T22:29:34","guid":{"rendered":"https:\/\/roveyayinevi.com.tr\/index.php\/urun\/longo-mai-bir-komun-deneyimi\/"},"modified":"2026-04-16T02:54:36","modified_gmt":"2026-04-15T23:54:36","slug":"longo-mai-bir-komun-deneyimi","status":"publish","type":"product","link":"https:\/\/roveyayinevi.com.tr\/index.php\/urun\/longo-mai-bir-komun-deneyimi\/","title":{"rendered":"Longo Ma\u00ef &#8211; Bir Kom\u00fcn Deneyimi"},"content":{"rendered":"<p>Longo Ma\u00ef\u2019nin kurulu\u015f karar\u0131, neoliberalizmin h\u00e2kim olmaya ba\u015flad\u0131\u011f\u0131 bir d\u00f6nemde 18-20 Aral\u0131k 1972 tarihlerinde, on farkl\u0131 Avrupa \u00fclkesinden gelen aktivistlerin, B\u00e2le\u2019da yapt\u0131klar\u0131 kongrede al\u0131nm\u0131\u015ft\u0131r. Fransa\u2019da kurulan, \u00fcyelerinin tar\u0131mla ve \u00e7e\u015fitli zanaatsal etkinliklerle u\u011fra\u015ft\u0131\u011f\u0131 politik ve kollektif bir eko-tar\u0131m deneyimidir. Kitap bu topluluktaki insanlar\u0131n kendi aralar\u0131ndaki hiyerar\u015fiyi en aza indirme \u00e7abalar\u0131n\u0131 ve tar\u0131m i\u00e7in seferber edilen canl\u0131larla olan ili\u015fkilerini, \u00f6zg\u00fcrl\u00fck prati\u011fi a\u00e7\u0131s\u0131ndan ele almaktad\u0131r. Kitab\u0131n temel sonucu, insanlar\u0131n bu \u00f6zy\u00f6netim deneyimlerinin, di\u011fer canl\u0131lar\u0131n y\u00f6netimine dayand\u0131\u011f\u0131d\u0131r. Kom\u00fcn\u00fc, tar\u0131m ve zanaatk\u00e2rl\u0131k yaparak politik m\u00fccadeleye devam edebilecekleri ve hiyerar\u015fik ili\u015fkilerin olmad\u0131\u011f\u0131 bir yap\u0131lanma \u015feklinde tasavvur etmi\u015flerdir. Bu karardan sadece alt\u0131 ay sonra, G\u00fcney Fransa\u2019da, i\u00e7inde orman\u0131n ve yerle\u015fim yerlerinin oldu\u011fu, iki y\u00fcz yetmi\u015f hektarl\u0131k bir araziyi sat\u0131n alarak yerle\u015fmi\u015flerdir.  Kiraz \u00d6zdo\u011fan, G\u00fcney Fransa\u2019daki kom\u00fcnde, bizzat ya\u015fayarak bu prati\u011fi deneyimlemi\u015ftir. Kurucular\u0131yla g\u00f6r\u00fc\u015fm\u00fc\u015f, ya\u015fam\u0131n\u0131 kom\u00fcnde s\u00fcrd\u00fcrenlerle birlikte ya\u015fam\u0131\u015f ve gelip gidenlerin g\u00f6r\u00fc\u015flerini alarak bu \u00f6zg\u00fcn eseri yazm\u0131\u015ft\u0131r. Bu \u00e7al\u0131\u015fman\u0131n, T\u00fcrkiye\u2019deki deneyimlere b\u00fcy\u00fck katk\u0131 sa\u011flayaca\u011f\u0131n\u0131 ve tart\u0131\u015fmalara geni\u015f bir a\u00e7\u0131 kazand\u0131raca\u011f\u0131n\u0131 d\u00fc\u015f\u00fcn\u00fcyoruz. De\u011fi\u015fik isimler alt\u0131nda da olsa, ba\u015fka ya\u015fam deneyimlerini yay\u0131nlamaya ve bir arada ya\u015famak \u00fczerine metinler \u00fcretmeye devam ediyoruz. Bu kez sadece keyifli okumalar de\u011fil; kat\u0131lmaya, birlikte ya\u015famaya ve yeni niyetli topluluklar kurmaya do\u011fru hareketlenmenizi diliyoruz.  <\/p>\n","protected":false},"excerpt":{"rendered":"<p>Longo Ma\u00ef\u2019nin kurulu\u015f karar\u0131, neoliberalizmin h\u00e2kim olmaya ba\u015flad\u0131\u011f\u0131 bir d\u00f6nemde 18-20 Aral\u0131k 1972 tarihlerinde, on farkl\u0131 Avrupa \u00fclkesinden gelen aktivistlerin, B\u00e2le\u2019da yapt\u0131klar\u0131 kongrede al\u0131nm\u0131\u015ft\u0131r. Fransa\u2019da kurulan,<span class=\"excerpt-hellip\"> [\u2026]<\/span><\/p>\n","protected":false},"featured_media":0,"template":"","meta":{"_monsterinsights_skip_tracking":false,"_monsterinsights_sitenote_active":false,"_monsterinsights_sitenote_note":"","_monsterinsights_sitenote_category":0},"product_brand":[],"product_cat":[23323,12364],"product_tag":[],"class_list":{"0":"post-743193","1":"product","2":"type-product","3":"status-publish","5":"product_cat-ekoloji","6":"product_cat-genel-konular","7":"pa_cilt-ciltsiz","8":"pa_tur-kitap","9":"pa_yayinevi-yeni-insan-yayinlari","10":"pa_yazar-kiraz-ozdogan","12":"first","13":"instock","14":"sale","15":"shipping-taxable","16":"purchasable","17":"product-type-simple"},"_links":{"self":[{"href":"https:\/\/roveyayinevi.com.tr\/index.php\/wp-json\/wp\/v2\/product\/743193","targetHints":{"allow":["GET"]}}],"collection":[{"href":"https:\/\/roveyayinevi.com.tr\/index.php\/wp-json\/wp\/v2\/product"}],"about":[{"href":"https:\/\/roveyayinevi.com.tr\/index.php\/wp-json\/wp\/v2\/types\/product"}],"wp:attachment":[{"href":"https:\/\/roveyayinevi.com.tr\/index.php\/wp-json\/wp\/v2\/media?parent=743193"}],"wp:term":[{"taxonomy":"product_brand","embeddable":true,"href":"https:\/\/roveyayinevi.com.tr\/index.php\/wp-json\/wp\/v2\/product_brand?post=743193"},{"taxonomy":"product_cat","embeddable":true,"href":"https:\/\/roveyayinevi.com.tr\/index.php\/wp-json\/wp\/v2\/product_cat?post=743193"},{"taxonomy":"product_tag","embeddable":true,"href":"https:\/\/roveyayinevi.com.tr\/index.php\/wp-json\/wp\/v2\/product_tag?post=743193"}],"curies":[{"name":"wp","href":"https:\/\/api.w.org\/{rel}","templated":true}]}}