{"id":743192,"date":"2025-08-28T01:29:33","date_gmt":"2025-08-27T22:29:33","guid":{"rendered":"https:\/\/roveyayinevi.com.tr\/index.php\/urun\/sihirli-ev\/"},"modified":"2026-04-16T02:54:36","modified_gmt":"2026-04-15T23:54:36","slug":"sihirli-ev","status":"publish","type":"product","link":"https:\/\/roveyayinevi.com.tr\/index.php\/urun\/sihirli-ev\/","title":{"rendered":"Sihirli Ev"},"content":{"rendered":"<p>Y\u00fcr\u00fcyen \u015eato ile ba\u015flay\u0131p U\u00e7an \u015eato ile devam eden b\u00fcy\u00fcleyici macera, serinin \u00fc\u00e7\u00fcnc\u00fc kitab\u0131nda da okurlar\u0131 mest edecek.Charmain Baker, b\u00fcy\u00fck amcas\u0131 Kraliyet B\u00fcy\u00fcc\u00fcs\u00fc Norland\u2019\u0131n evine g\u00f6z kulak olmay\u0131 kabul etti\u011finde akl\u0131nda tek bir \u015fey vard\u0131: korumac\u0131 ailesinden biraz uzakla\u015f\u0131p bol bol kitap okumak. Fakat i\u015fler d\u00fc\u015f\u00fcnd\u00fc\u011f\u00fc gibi gitmeyecekti. O evin sihirli oldu\u011fundan, sevimli sokak k\u00f6pe\u011fi Ba\u015f\u0131bo\u015f\u2019tan ve gen\u00e7 b\u00fcy\u00fcc\u00fc \u00e7\u0131ra\u011f\u0131 Peter\u2019dan hen\u00fcz haberi yoktu.Ba\u015f\u0131 Sihirli Ev nedeniyle s\u00fcrekli belaya giren Charmain, \u00fclkeyi kurtarmak i\u00e7in ihtiya\u00e7 duyulan efsanevi bir nesneyi ararken bir\u00e7ok tehlikeyle kar\u015f\u0131 kar\u015f\u0131ya kalacakt\u0131. B\u00fcy\u00fcc\u00fc ailemiz Sophie, Howl ile ate\u015f cini Calcifer de muzip ve k\u0131vrak zek\u00e2lar\u0131yla bu aray\u0131\u015fa kat\u0131l\u0131nca i\u015fler iyice kar\u0131\u015facakt\u0131.<\/p>\n","protected":false},"excerpt":{"rendered":"<p>Y\u00fcr\u00fcyen \u015eato ile ba\u015flay\u0131p U\u00e7an \u015eato ile devam eden b\u00fcy\u00fcleyici macera, serinin \u00fc\u00e7\u00fcnc\u00fc kitab\u0131nda da okurlar\u0131 mest edecek.Charmain Baker, b\u00fcy\u00fck amcas\u0131 Kraliyet B\u00fcy\u00fcc\u00fcs\u00fc Norland\u2019\u0131n evine g\u00f6z<span class=\"excerpt-hellip\"> [\u2026]<\/span><\/p>\n","protected":false},"featured_media":0,"template":"","meta":{"_monsterinsights_skip_tracking":false,"_monsterinsights_sitenote_active":false,"_monsterinsights_sitenote_note":"","_monsterinsights_sitenote_category":0},"product_brand":[],"product_cat":[12689,12274],"product_tag":[],"class_list":{"0":"post-743192","1":"product","2":"type-product","3":"status-publish","5":"product_cat-cizgi-roman-cocuk-ve-genclik-kitaplari","6":"product_cat-cocuk-ve-genclik-kitaplari","7":"pa_cilt-ciltsiz","8":"pa_tur-kitap","9":"pa_yayinevi-ithaki-yayinlari","10":"pa_yazar-diana-wynne-jones","12":"first","13":"instock","14":"sale","15":"shipping-taxable","16":"purchasable","17":"product-type-simple"},"_links":{"self":[{"href":"https:\/\/roveyayinevi.com.tr\/index.php\/wp-json\/wp\/v2\/product\/743192","targetHints":{"allow":["GET"]}}],"collection":[{"href":"https:\/\/roveyayinevi.com.tr\/index.php\/wp-json\/wp\/v2\/product"}],"about":[{"href":"https:\/\/roveyayinevi.com.tr\/index.php\/wp-json\/wp\/v2\/types\/product"}],"wp:attachment":[{"href":"https:\/\/roveyayinevi.com.tr\/index.php\/wp-json\/wp\/v2\/media?parent=743192"}],"wp:term":[{"taxonomy":"product_brand","embeddable":true,"href":"https:\/\/roveyayinevi.com.tr\/index.php\/wp-json\/wp\/v2\/product_brand?post=743192"},{"taxonomy":"product_cat","embeddable":true,"href":"https:\/\/roveyayinevi.com.tr\/index.php\/wp-json\/wp\/v2\/product_cat?post=743192"},{"taxonomy":"product_tag","embeddable":true,"href":"https:\/\/roveyayinevi.com.tr\/index.php\/wp-json\/wp\/v2\/product_tag?post=743192"}],"curies":[{"name":"wp","href":"https:\/\/api.w.org\/{rel}","templated":true}]}}