{"id":743191,"date":"2025-08-28T01:29:32","date_gmt":"2025-08-27T22:29:32","guid":{"rendered":"https:\/\/roveyayinevi.com.tr\/index.php\/urun\/ucan-sato\/"},"modified":"2026-04-16T02:54:36","modified_gmt":"2026-04-15T23:54:36","slug":"ucan-sato","status":"publish","type":"product","link":"https:\/\/roveyayinevi.com.tr\/index.php\/urun\/ucan-sato\/","title":{"rendered":"U\u00e7an \u015eato"},"content":{"rendered":"<p>Y\u00fcr\u00fcyen \u015eato\u2019da ba\u015flayan b\u00fcy\u00fcl\u00fc macera devam ediyor!Gen\u00e7 t\u00fcccar Abdullah\u2019\u0131n s\u0131radan hayat\u0131, bir yabanc\u0131n\u0131n kendisine sihirli bir hal\u0131 satmas\u0131yla birdenbire de\u011fi\u015fti. Hal\u0131n\u0131n \u00fczerinde uyudu\u011fu bir gece muhte\u015fem bir bah\u00e7ede uyand\u0131 ve hayallerindeki k\u0131z olan Gece \u00c7i\u00e7e\u011fi\u2019yle tan\u0131\u015ft\u0131. Ancak g\u00f6r\u00fcr g\u00f6rmez \u00e2\u015f\u0131k oldu\u011fu bu g\u00fczeller g\u00fczeli prenses, k\u00f6t\u00fc bir cin taraf\u0131ndan Abdullah\u2019\u0131n g\u00f6zleri \u00f6n\u00fcnde ka\u00e7\u0131r\u0131l\u0131nca kahraman\u0131m\u0131z macera dolu bir takibe ba\u015flad\u0131.Aksi bir sihirli hal\u0131, sinirli bir \u015fi\u015fe cini, d\u00fczenbaz bir asker ve dik kafal\u0131 bir kara kedi gibi pek \u00e7ok s\u0131ra d\u0131\u015f\u0131 karakterin de dahil oldu\u011fu bu ser\u00fcvende Abdullah, k\u00f6t\u00fc cinin gizemli evini bulup prenseslerle dolu U\u00e7an \u015eato\u2019yu kurtarabilecek miydi?<\/p>\n","protected":false},"excerpt":{"rendered":"<p>Y\u00fcr\u00fcyen \u015eato\u2019da ba\u015flayan b\u00fcy\u00fcl\u00fc macera devam ediyor!Gen\u00e7 t\u00fcccar Abdullah\u2019\u0131n s\u0131radan hayat\u0131, bir yabanc\u0131n\u0131n kendisine sihirli bir hal\u0131 satmas\u0131yla birdenbire de\u011fi\u015fti. Hal\u0131n\u0131n \u00fczerinde uyudu\u011fu bir gece muhte\u015fem<span class=\"excerpt-hellip\"> [\u2026]<\/span><\/p>\n","protected":false},"featured_media":0,"template":"","meta":{"_monsterinsights_skip_tracking":false,"_monsterinsights_sitenote_active":false,"_monsterinsights_sitenote_note":"","_monsterinsights_sitenote_category":0},"product_brand":[],"product_cat":[12689,12274],"product_tag":[],"class_list":{"0":"post-743191","1":"product","2":"type-product","3":"status-publish","5":"product_cat-cizgi-roman-cocuk-ve-genclik-kitaplari","6":"product_cat-cocuk-ve-genclik-kitaplari","7":"pa_cilt-ciltsiz","8":"pa_tur-kitap","9":"pa_yayinevi-ithaki-yayinlari","10":"pa_yazar-diana-wynne-jones","12":"first","13":"instock","14":"sale","15":"shipping-taxable","16":"purchasable","17":"product-type-simple"},"_links":{"self":[{"href":"https:\/\/roveyayinevi.com.tr\/index.php\/wp-json\/wp\/v2\/product\/743191","targetHints":{"allow":["GET"]}}],"collection":[{"href":"https:\/\/roveyayinevi.com.tr\/index.php\/wp-json\/wp\/v2\/product"}],"about":[{"href":"https:\/\/roveyayinevi.com.tr\/index.php\/wp-json\/wp\/v2\/types\/product"}],"wp:attachment":[{"href":"https:\/\/roveyayinevi.com.tr\/index.php\/wp-json\/wp\/v2\/media?parent=743191"}],"wp:term":[{"taxonomy":"product_brand","embeddable":true,"href":"https:\/\/roveyayinevi.com.tr\/index.php\/wp-json\/wp\/v2\/product_brand?post=743191"},{"taxonomy":"product_cat","embeddable":true,"href":"https:\/\/roveyayinevi.com.tr\/index.php\/wp-json\/wp\/v2\/product_cat?post=743191"},{"taxonomy":"product_tag","embeddable":true,"href":"https:\/\/roveyayinevi.com.tr\/index.php\/wp-json\/wp\/v2\/product_tag?post=743191"}],"curies":[{"name":"wp","href":"https:\/\/api.w.org\/{rel}","templated":true}]}}