{"id":743188,"date":"2025-08-28T01:29:27","date_gmt":"2025-08-27T22:29:27","guid":{"rendered":"https:\/\/roveyayinevi.com.tr\/index.php\/urun\/kapalicarsi\/"},"modified":"2026-04-16T02:54:36","modified_gmt":"2026-04-15T23:54:36","slug":"kapalicarsi","status":"publish","type":"product","link":"https:\/\/roveyayinevi.com.tr\/index.php\/urun\/kapalicarsi\/","title":{"rendered":"Kapal\u0131\u00e7ar\u015f\u0131"},"content":{"rendered":"<p>Kapal\u0131\u00e7ar\u015f\u0131 bir ayr\u0131 d\u00fcnya. Mermerinden harc\u0131na, m\u00fc\u015fterisinden esnaf\u0131na, delisinden ak\u0131ll\u0131s\u0131na apayr\u0131 bir i\u00e7 derya. Her \u015fey onun ortas\u0131nda, yan\u0131nda y\u00f6resinde, sesinde solu\u011funda devinmeye devam ediyor h\u00e2l\u00e2. Eli aya\u011f\u0131 tutmaya, a\u011fz\u0131 g\u00f6z\u00fc s\u00f6yleyip g\u00f6rmeye ba\u015flad\u0131\u011f\u0131ndan bu yana ona de\u011fen, ondan ge\u00e7en herkesin bir hik\u00e2yesi var. Ne vakit ba\u015flay\u0131p bitece\u011fi me\u00e7hul ama hep efsunlu.Fuat Sevimay\u2019\u0131n 2015 y\u0131l\u0131nda Ahmet Hamdi Tanp\u0131nar Roman Yar\u0131\u015fmas\u0131\u2019nda \u00f6d\u00fcle de\u011fer g\u00f6r\u00fclen roman\u0131 Kapal\u0131\u00e7ar\u015f\u0131 bamba\u015fka bir g\u00f6zle bak\u0131yor tarihe. Mek\u00e2n-insan ili\u015fkisine yeni bir boyut kat\u0131yor ve oradan buray\u0131, buradan oray\u0131 anlatmay\u0131 ustal\u0131kla beceriyor. Kapal\u0131\u00e7ar\u015f\u0131\u2019n\u0131n yeniden kurulup \u015fekillendirildi\u011fi bu roman, karakterlerinin derinli\u011fi, olay \u00f6rg\u00fcs\u00fcn\u00fcn kusursuzlu\u011fu ve mizahi diliyle unutulmayacak kitaplar aras\u0131na giriyor.\u201c\u0130\u015fin asl\u0131, benim nereden ve niye geldi\u011fimin hi\u00e7bir \u00f6nemi yok. Gelmi\u015fim i\u015fte. Ha kuzeyden ha g\u00fcneyden. \u00d6nemli olan, bir \u015fekilde iyili\u011fi rehber edinmi\u015f olmam. Nefes al\u0131p verdi\u011fim \u015fu zamana de\u011fin de iki lokmayla karn\u0131m\u0131 doyurmaktan ve g\u00fcc\u00fcm yetip dilim d\u00f6nd\u00fc\u011f\u00fcnce k\u00f6t\u00fcl\u00fc\u011fe, yanl\u0131\u015fa bula\u015fm\u0131\u015flara do\u011fruyu g\u00f6stermekten, zordakilere, dardakilere el vermekten ba\u015fka derdim olmad\u0131. Ne evliyay\u0131m ne pirim. Sizin gibi biraz do\u011fru, biraz e\u011fri bir \u00e2demo\u011fluyum. Siz h\u00e2l\u00e2 iyilik yapmak i\u00e7in, birinin \u00e7\u0131k\u0131p mucizeler ger\u00e7ekle\u015ftirmesini mi bekliyorsunuz?\u201d<\/p>\n","protected":false},"excerpt":{"rendered":"<p>Kapal\u0131\u00e7ar\u015f\u0131 bir ayr\u0131 d\u00fcnya. Mermerinden harc\u0131na, m\u00fc\u015fterisinden esnaf\u0131na, delisinden ak\u0131ll\u0131s\u0131na apayr\u0131 bir i\u00e7 derya. Her \u015fey onun ortas\u0131nda, yan\u0131nda y\u00f6resinde, sesinde solu\u011funda devinmeye devam ediyor h\u00e2l\u00e2.<span class=\"excerpt-hellip\"> [\u2026]<\/span><\/p>\n","protected":false},"featured_media":0,"template":"","meta":{"_monsterinsights_skip_tracking":false,"_monsterinsights_sitenote_active":false,"_monsterinsights_sitenote_note":"","_monsterinsights_sitenote_category":0},"product_brand":[],"product_cat":[12291,12711],"product_tag":[],"class_list":{"0":"post-743188","1":"product","2":"type-product","3":"status-publish","5":"product_cat-edebiyat","6":"product_cat-roman-oyku","7":"pa_cilt-ciltsiz","8":"pa_tur-kitap","9":"pa_yayinevi-ithaki-yayinlari","10":"pa_yazar-fuat-sevimay","12":"first","13":"instock","14":"sale","15":"shipping-taxable","16":"purchasable","17":"product-type-simple"},"_links":{"self":[{"href":"https:\/\/roveyayinevi.com.tr\/index.php\/wp-json\/wp\/v2\/product\/743188","targetHints":{"allow":["GET"]}}],"collection":[{"href":"https:\/\/roveyayinevi.com.tr\/index.php\/wp-json\/wp\/v2\/product"}],"about":[{"href":"https:\/\/roveyayinevi.com.tr\/index.php\/wp-json\/wp\/v2\/types\/product"}],"wp:attachment":[{"href":"https:\/\/roveyayinevi.com.tr\/index.php\/wp-json\/wp\/v2\/media?parent=743188"}],"wp:term":[{"taxonomy":"product_brand","embeddable":true,"href":"https:\/\/roveyayinevi.com.tr\/index.php\/wp-json\/wp\/v2\/product_brand?post=743188"},{"taxonomy":"product_cat","embeddable":true,"href":"https:\/\/roveyayinevi.com.tr\/index.php\/wp-json\/wp\/v2\/product_cat?post=743188"},{"taxonomy":"product_tag","embeddable":true,"href":"https:\/\/roveyayinevi.com.tr\/index.php\/wp-json\/wp\/v2\/product_tag?post=743188"}],"curies":[{"name":"wp","href":"https:\/\/api.w.org\/{rel}","templated":true}]}}