{"id":743187,"date":"2025-08-28T01:29:25","date_gmt":"2025-08-27T22:29:25","guid":{"rendered":"https:\/\/roveyayinevi.com.tr\/index.php\/urun\/sinirdaki-ev\/"},"modified":"2026-04-16T02:54:36","modified_gmt":"2026-04-15T23:54:36","slug":"sinirdaki-ev","status":"publish","type":"product","link":"https:\/\/roveyayinevi.com.tr\/index.php\/urun\/sinirdaki-ev\/","title":{"rendered":"S\u0131n\u0131rdaki Ev"},"content":{"rendered":"<p>\u201cKitab\u0131n ad\u0131 bile tuhaf karizmas\u0131ndan etkilenmemiz i\u00e7in yeterli.\u201d \u2013Alan MooreTuhaf kurgunun bayraktarlar\u0131ndan William Hope Hodgson, Lovecraft\u2019tan Neil Gaiman\u2019a, Clark Ashton Smith\u2019ten Terry Pratchett\u2019a, Alan Moore\u2019dan Guillermo del Toro\u2019ya kadar bir\u00e7ok ustay\u0131 etkilemi\u015f, \u201ckozmik deh\u015fet\u201d t\u00fcr\u00fcnde \u00f6nc\u00fcl\u00fck yapm\u0131\u015f bir isim. Yazar\u0131n en \u00f6nemli eseri olarak kabul edilen, bilimkurgunun, goti\u011fin ve fantasti\u011fin i\u00e7 i\u00e7e ge\u00e7ti\u011fi tekinsiz bir \u00f6yk\u00fcye sahip olan S\u0131n\u0131rdaki Ev, her zaman \u201cs\u0131n\u0131rlar\u201dla ilgilenen korku edebiyat\u0131n\u0131n bize tuttu\u011fu aynalardan biri.Yollar\u0131 \u0130rlanda\u2019n\u0131n bat\u0131s\u0131ndaki \u0131ss\u0131z bir k\u00f6ye d\u00fc\u015fen iki arkada\u015f, tuhaf ve korkun\u00e7 y\u0131k\u0131nt\u0131lar\u0131n aras\u0131nda gizemli bir kitap bulup okumaya ba\u015flar. S\u0131n\u0131rdaki Ev ba\u015fl\u0131\u011f\u0131n\u0131 ta\u015f\u0131yan bu elyazmas\u0131, k\u0131z karde\u015fi ve k\u00f6pe\u011fiyle birlikte ya\u015fayan bir m\u00fcnzevinin deh\u015fet verici an\u0131lar\u0131yla doludur.Zihnin kepenkleri kalk\u0131yor\u2026<\/p>\n","protected":false},"excerpt":{"rendered":"<p>\u201cKitab\u0131n ad\u0131 bile tuhaf karizmas\u0131ndan etkilenmemiz i\u00e7in yeterli.\u201d \u2013Alan MooreTuhaf kurgunun bayraktarlar\u0131ndan William Hope Hodgson, Lovecraft\u2019tan Neil Gaiman\u2019a, Clark Ashton Smith\u2019ten Terry Pratchett\u2019a, Alan Moore\u2019dan Guillermo<span class=\"excerpt-hellip\"> [\u2026]<\/span><\/p>\n","protected":false},"featured_media":0,"template":"","meta":{"_monsterinsights_skip_tracking":false,"_monsterinsights_sitenote_active":false,"_monsterinsights_sitenote_note":"","_monsterinsights_sitenote_category":0},"product_brand":[],"product_cat":[12291,17033],"product_tag":[],"class_list":{"0":"post-743187","1":"product","2":"type-product","3":"status-publish","5":"product_cat-edebiyat","6":"product_cat-korku-gerilim","7":"pa_cilt-ciltsiz","8":"pa_tur-kitap","9":"pa_yayinevi-ithaki-yayinlari","10":"pa_yazar-william-hope-hodgson","12":"first","13":"instock","14":"sale","15":"shipping-taxable","16":"purchasable","17":"product-type-simple"},"_links":{"self":[{"href":"https:\/\/roveyayinevi.com.tr\/index.php\/wp-json\/wp\/v2\/product\/743187","targetHints":{"allow":["GET"]}}],"collection":[{"href":"https:\/\/roveyayinevi.com.tr\/index.php\/wp-json\/wp\/v2\/product"}],"about":[{"href":"https:\/\/roveyayinevi.com.tr\/index.php\/wp-json\/wp\/v2\/types\/product"}],"wp:attachment":[{"href":"https:\/\/roveyayinevi.com.tr\/index.php\/wp-json\/wp\/v2\/media?parent=743187"}],"wp:term":[{"taxonomy":"product_brand","embeddable":true,"href":"https:\/\/roveyayinevi.com.tr\/index.php\/wp-json\/wp\/v2\/product_brand?post=743187"},{"taxonomy":"product_cat","embeddable":true,"href":"https:\/\/roveyayinevi.com.tr\/index.php\/wp-json\/wp\/v2\/product_cat?post=743187"},{"taxonomy":"product_tag","embeddable":true,"href":"https:\/\/roveyayinevi.com.tr\/index.php\/wp-json\/wp\/v2\/product_tag?post=743187"}],"curies":[{"name":"wp","href":"https:\/\/api.w.org\/{rel}","templated":true}]}}